{"id":12562,"date":"2022-12-07T10:44:00","date_gmt":"2022-12-07T10:44:00","guid":{"rendered":"https:\/\/www.dibosch.com\/producto\/m-barra-cs120b\/"},"modified":"2025-02-04T16:42:31","modified_gmt":"2025-02-04T16:42:31","slug":"m-barredora-cs120b","status":"publish","type":"product","link":"https:\/\/dibosch.com\/es\/producto\/m-barredora-cs120b\/","title":{"rendered":"BARREDORA HOMBRE A BORDO CS120B &#8211; COMAC"},"content":{"rendered":"<p>Las <a href=\"https:\/\/dibosch.com\/es\/maquinas\/barredora\/\">barredoras industriales<\/a> hombre a bordo CS100 y CS120 de <a href=\"https:\/\/dibosch.com\/es\/marcas\/comac-es\/\">Comac<\/a> representan el m\u00e1ximo de la gama en t\u00e9rminos de potencia, prestaciones, resistencia y capacidad de adaptaci\u00f3n a los trabajos m\u00e1s dif\u00edciles. Extremadamente vers\u00e1tiles, las CS100\/CS120 est\u00e1n dise\u00f1adas para recoger f\u00e1cilmente tanto residuos s\u00f3lidos como polvos ligeros.<\/p>\n<p>Est\u00e1n disponibles en anchuras de trabajo diferentes: de 100 y 120 cm, con alimentaci\u00f3n de bater\u00edas o di\u00e9sel. El modelo CS120 tambi\u00e9n est\u00e1 disponible con motor endot\u00e9rmico Bifuel (gasolina\/GPL) para reducir el consumo y las emisiones.<\/p>\n<p>Estas <a href=\"https:\/\/dibosch.com\/es\/maquinas\/barredora\/barredoras-a-bordo\/\">barredoras industriales hombre a bordo<\/a> de grandes prestaciones son adecuadas para limpiar la suciedad m\u00e1s resistente de grandes superficies tanto exteriores como interiores. Son especialmente eficaces en ambientes industriales, industrias de molienda y piensos, grandes aparcamientos, zonas portuarias y aeropuertos, y sobre superficies de hasta 40.000 m2.<\/p>\n<p>&nbsp;<\/p>\n<p>&nbsp;<\/p>\n<div data-olk-copy-source=\"MailCompose\">PRECIO CS120 B<\/div>\n<div>Consultar accesorios incluidos en el precio.<\/div>\n","protected":false},"excerpt":{"rendered":"<p>Ancho barrido 145 cm | Dep\u00f3sito recuperaci\u00f3n 600 l | autonom\u00eda 270 minutos | Bater\u00edas 36V<\/p>\n","protected":false},"featured_media":31383,"comment_status":"closed","ping_status":"closed","template":"","meta":[],"product_brand":[],"product_cat":[747,731,577],"product_tag":[],"marcas":[916],"certificats":[],"caracteristiques":[],"tipus-productes":[],"zona-aplicacio":[951,949],"tipus-maquinaria":[],"class_list":{"0":"post-12562","1":"product","2":"type-product","3":"status-publish","4":"has-post-thumbnail","6":"product_cat-barredoras-a-bordo","7":"product_cat-baterias","8":"product_cat-maquinas","9":"marcas-comac-es","10":"zona-aplicacio-exteriores-y-fachadas","11":"zona-aplicacio-zona-produccion-y-talleres","13":"first","14":"instock","15":"purchasable","16":"product-type-simple"},"_links":{"self":[{"href":"https:\/\/dibosch.com\/es\/wp-json\/wp\/v2\/product\/12562","targetHints":{"allow":["GET"]}}],"collection":[{"href":"https:\/\/dibosch.com\/es\/wp-json\/wp\/v2\/product"}],"about":[{"href":"https:\/\/dibosch.com\/es\/wp-json\/wp\/v2\/types\/product"}],"replies":[{"embeddable":true,"href":"https:\/\/dibosch.com\/es\/wp-json\/wp\/v2\/comments?post=12562"}],"wp:featuredmedia":[{"embeddable":true,"href":"https:\/\/dibosch.com\/es\/wp-json\/wp\/v2\/media\/31383"}],"wp:attachment":[{"href":"https:\/\/dibosch.com\/es\/wp-json\/wp\/v2\/media?parent=12562"}],"wp:term":[{"taxonomy":"product_brand","embeddable":true,"href":"https:\/\/dibosch.com\/es\/wp-json\/wp\/v2\/product_brand?post=12562"},{"taxonomy":"product_cat","embeddable":true,"href":"https:\/\/dibosch.com\/es\/wp-json\/wp\/v2\/product_cat?post=12562"},{"taxonomy":"product_tag","embeddable":true,"href":"https:\/\/dibosch.com\/es\/wp-json\/wp\/v2\/product_tag?post=12562"},{"taxonomy":"marcas","embeddable":true,"href":"https:\/\/dibosch.com\/es\/wp-json\/wp\/v2\/marcas?post=12562"},{"taxonomy":"certificats","embeddable":true,"href":"https:\/\/dibosch.com\/es\/wp-json\/wp\/v2\/certificats?post=12562"},{"taxonomy":"caracteristiques","embeddable":true,"href":"https:\/\/dibosch.com\/es\/wp-json\/wp\/v2\/caracteristiques?post=12562"},{"taxonomy":"tipus-productes","embeddable":true,"href":"https:\/\/dibosch.com\/es\/wp-json\/wp\/v2\/tipus-productes?post=12562"},{"taxonomy":"zona-aplicacio","embeddable":true,"href":"https:\/\/dibosch.com\/es\/wp-json\/wp\/v2\/zona-aplicacio?post=12562"},{"taxonomy":"tipus-maquinaria","embeddable":true,"href":"https:\/\/dibosch.com\/es\/wp-json\/wp\/v2\/tipus-maquinaria?post=12562"}],"curies":[{"name":"wp","href":"https:\/\/api.w.org\/{rel}","templated":true}]}}