{"id":12565,"date":"2022-12-07T10:44:14","date_gmt":"2022-12-07T10:44:14","guid":{"rendered":"https:\/\/www.dibosch.com\/producto\/toa-man-katrin-non-stop-m2-61587-x2400-24x24cm\/"},"modified":"2024-03-26T16:06:30","modified_gmt":"2024-03-26T16:06:30","slug":"toa-man-katrin-non-stop-m2-61587-x2400-24x24cm","status":"publish","type":"product","link":"https:\/\/dibosch.com\/es\/producto\/toa-man-katrin-non-stop-m2-61587-x2400-24x24cm\/","title":{"rendered":"TOA MAN KATRIN NON STOP M2 61587 (x2400) 24x24cm &#8211; KATRIN"},"content":{"rendered":"<ul>\n<li>Toallitas seca-manos de papel suaves y de alta calidad, con gran resistencia al desgarro y absorbencia para un secado de manos higi\u00e9nico, eficaz y suave a un tiempo.<\/li>\n<li>Toallitas seca-manos de 2 capas multipliegue de alta blancura con plegado en Z (3 caras) y formato de hoja ancha (24 cm).<\/li>\n<li>Recomendadas para todos los aseos con afluencia baja y alta y usuarios exigentes.<\/li>\n<li>El formato inteligente y compacto Handy Pack con asa de transporte integrada permite transportar c\u00f3modamente miles de toallitas con una sola mano. Se abre f\u00e1cilmente gracias a su perforaci\u00f3n integrada y proporciona una protecci\u00f3n \u00f3ptima contra la humedad.<\/li>\n<li>Su l\u00e1mina de embalaje es 100 % reciclable y contiene al menos un 30 % de contenido reciclado (= \u00abGREEN PACK\u00bb).<\/li>\n<\/ul>\n","protected":false},"excerpt":{"rendered":"<p>Toallitas seca-manos de papel suaves y de alta calidad, con gran resistencia al desgarro y absorbencia para un secado de manos higi\u00e9nico, eficaz y suave a un tiempo. Toallitas seca-manos de 2 capas multipliegue de alta blancura con plegado en Z (3 caras) y formato de hoja ancha (24 cm). Recomendadas para todos los aseos [&hellip;]<\/p>\n","protected":false},"featured_media":21425,"comment_status":"closed","ping_status":"closed","template":"","meta":[],"product_brand":[],"product_cat":[737,743],"product_tag":[1088],"marcas":[923],"certificats":[936],"caracteristiques":[940],"tipus-productes":[],"zona-aplicacio":[945],"tipus-maquinaria":[],"class_list":{"0":"post-12565","1":"product","2":"type-product","3":"status-publish","4":"has-post-thumbnail","6":"product_cat-celulosa","7":"product_cat-toallitas","8":"product_tag-calidad-plus-poco-trafico","9":"marcas-katrin-es","10":"certificats-eu-ecolabel-es","11":"caracteristiques-ecologicos-es","12":"zona-aplicacio-zona-bano","14":"first","15":"instock","16":"product-type-simple"},"_links":{"self":[{"href":"https:\/\/dibosch.com\/es\/wp-json\/wp\/v2\/product\/12565","targetHints":{"allow":["GET"]}}],"collection":[{"href":"https:\/\/dibosch.com\/es\/wp-json\/wp\/v2\/product"}],"about":[{"href":"https:\/\/dibosch.com\/es\/wp-json\/wp\/v2\/types\/product"}],"replies":[{"embeddable":true,"href":"https:\/\/dibosch.com\/es\/wp-json\/wp\/v2\/comments?post=12565"}],"wp:featuredmedia":[{"embeddable":true,"href":"https:\/\/dibosch.com\/es\/wp-json\/wp\/v2\/media\/21425"}],"wp:attachment":[{"href":"https:\/\/dibosch.com\/es\/wp-json\/wp\/v2\/media?parent=12565"}],"wp:term":[{"taxonomy":"product_brand","embeddable":true,"href":"https:\/\/dibosch.com\/es\/wp-json\/wp\/v2\/product_brand?post=12565"},{"taxonomy":"product_cat","embeddable":true,"href":"https:\/\/dibosch.com\/es\/wp-json\/wp\/v2\/product_cat?post=12565"},{"taxonomy":"product_tag","embeddable":true,"href":"https:\/\/dibosch.com\/es\/wp-json\/wp\/v2\/product_tag?post=12565"},{"taxonomy":"marcas","embeddable":true,"href":"https:\/\/dibosch.com\/es\/wp-json\/wp\/v2\/marcas?post=12565"},{"taxonomy":"certificats","embeddable":true,"href":"https:\/\/dibosch.com\/es\/wp-json\/wp\/v2\/certificats?post=12565"},{"taxonomy":"caracteristiques","embeddable":true,"href":"https:\/\/dibosch.com\/es\/wp-json\/wp\/v2\/caracteristiques?post=12565"},{"taxonomy":"tipus-productes","embeddable":true,"href":"https:\/\/dibosch.com\/es\/wp-json\/wp\/v2\/tipus-productes?post=12565"},{"taxonomy":"zona-aplicacio","embeddable":true,"href":"https:\/\/dibosch.com\/es\/wp-json\/wp\/v2\/zona-aplicacio?post=12565"},{"taxonomy":"tipus-maquinaria","embeddable":true,"href":"https:\/\/dibosch.com\/es\/wp-json\/wp\/v2\/tipus-maquinaria?post=12565"}],"curies":[{"name":"wp","href":"https:\/\/api.w.org\/{rel}","templated":true}]}}