{"id":12573,"date":"2022-12-07T10:43:34","date_gmt":"2022-12-07T10:43:34","guid":{"rendered":"https:\/\/www.dibosch.com\/producto\/limper-ultra-smart-bp25\/"},"modified":"2024-03-26T16:06:32","modified_gmt":"2024-03-26T16:06:32","slug":"limper-ultra-smart-bp25","status":"publish","type":"product","link":"https:\/\/dibosch.com\/es\/producto\/limper-ultra-smart-bp25\/","title":{"rendered":"LIMPER ULTRA SMART BP25 &#8211; PAHES LIMPER"},"content":{"rendered":"<p><strong>Caracter\u00edsticas del producto:<\/strong><\/p>\n<p>Detergente l\u00edquido s\u00faper concentrado, de car\u00e1cter neutro. De espuma controlada y f\u00e1cil aclarado.<br \/>\nEspecialmente formulado para conseguir excelentes resultados de limpieza y de blancura a bajas temperaturas.<\/p>\n<p>&nbsp;<\/p>\n<p><strong>Manual de uso:<\/strong><\/p>\n<p>Dosificaci\u00f3n: de 1,5 a 6 gr.\/kg.<\/p>\n<p>&nbsp;<\/p>\n<p><strong>Indicado para:<\/strong><\/p>\n<p>Especialmente indicado para eliminar manchas de bronceadores y todo tipo de suciedad en manteler\u00edas y ropa de hotel.<br \/>\nEs adecuado para el lavado en todo tipo de aguas, tanto blandas como duras.<br \/>\nEs muy activo en un muy amplio margen de temperaturas.<\/p>\n","protected":false},"excerpt":{"rendered":"<p>Detergente l\u00edquido concentrado neutro de alto rendimiento.<\/p>\n","protected":false},"featured_media":21026,"comment_status":"closed","ping_status":"closed","template":"","meta":[],"product_brand":[],"product_cat":[691,690,689],"product_tag":[],"marcas":[926],"certificats":[],"caracteristiques":[939],"tipus-productes":[],"zona-aplicacio":[947],"tipus-maquinaria":[],"class_list":{"0":"post-12573","1":"product","2":"type-product","3":"status-publish","4":"has-post-thumbnail","6":"product_cat-detergentes","7":"product_cat-especificos-para-lavanderia","8":"product_cat-productos-de-limpieza","9":"marcas-pahes-limper-es","10":"caracteristiques-concentrados-es","11":"zona-aplicacio-zona-lavanderia","13":"first","14":"instock","15":"product-type-simple"},"_links":{"self":[{"href":"https:\/\/dibosch.com\/es\/wp-json\/wp\/v2\/product\/12573","targetHints":{"allow":["GET"]}}],"collection":[{"href":"https:\/\/dibosch.com\/es\/wp-json\/wp\/v2\/product"}],"about":[{"href":"https:\/\/dibosch.com\/es\/wp-json\/wp\/v2\/types\/product"}],"replies":[{"embeddable":true,"href":"https:\/\/dibosch.com\/es\/wp-json\/wp\/v2\/comments?post=12573"}],"wp:featuredmedia":[{"embeddable":true,"href":"https:\/\/dibosch.com\/es\/wp-json\/wp\/v2\/media\/21026"}],"wp:attachment":[{"href":"https:\/\/dibosch.com\/es\/wp-json\/wp\/v2\/media?parent=12573"}],"wp:term":[{"taxonomy":"product_brand","embeddable":true,"href":"https:\/\/dibosch.com\/es\/wp-json\/wp\/v2\/product_brand?post=12573"},{"taxonomy":"product_cat","embeddable":true,"href":"https:\/\/dibosch.com\/es\/wp-json\/wp\/v2\/product_cat?post=12573"},{"taxonomy":"product_tag","embeddable":true,"href":"https:\/\/dibosch.com\/es\/wp-json\/wp\/v2\/product_tag?post=12573"},{"taxonomy":"marcas","embeddable":true,"href":"https:\/\/dibosch.com\/es\/wp-json\/wp\/v2\/marcas?post=12573"},{"taxonomy":"certificats","embeddable":true,"href":"https:\/\/dibosch.com\/es\/wp-json\/wp\/v2\/certificats?post=12573"},{"taxonomy":"caracteristiques","embeddable":true,"href":"https:\/\/dibosch.com\/es\/wp-json\/wp\/v2\/caracteristiques?post=12573"},{"taxonomy":"tipus-productes","embeddable":true,"href":"https:\/\/dibosch.com\/es\/wp-json\/wp\/v2\/tipus-productes?post=12573"},{"taxonomy":"zona-aplicacio","embeddable":true,"href":"https:\/\/dibosch.com\/es\/wp-json\/wp\/v2\/zona-aplicacio?post=12573"},{"taxonomy":"tipus-maquinaria","embeddable":true,"href":"https:\/\/dibosch.com\/es\/wp-json\/wp\/v2\/tipus-maquinaria?post=12573"}],"curies":[{"name":"wp","href":"https:\/\/api.w.org\/{rel}","templated":true}]}}