{"id":12585,"date":"2022-12-07T10:43:50","date_gmt":"2022-12-07T10:43:50","guid":{"rendered":"https:\/\/www.dibosch.com\/producto\/m-levighetor-640-155-4hp\/"},"modified":"2024-11-14T11:17:47","modified_gmt":"2024-11-14T11:17:47","slug":"m-levighetor-640-155-4hp","status":"publish","type":"product","link":"https:\/\/dibosch.com\/es\/producto\/m-levighetor-640-155-4hp\/","title":{"rendered":"M- LEVIGHETOR 640\/155 4HP &#8211; KLINDEX"},"content":{"rendered":"<p>LEVIGHETOR 640 es la pulidora m\u00e1s famosa en el mundo. Gracias a su planetario K1000 y utensilios 4\u201d\/100mm garantiza el mejor acabado incluido en espacios estrechos.<\/p>\n<p>Levighetor 640 es una linea de pulidoras y abrillantadoras ideales para todo tipos de pisos y trabajos, desde el pulido hasta el abrillantado del m\u00e1rmol, granito, gres, terrazo, concreto, pisos industriales hasta la preparaci\u00f3n de pisos y superficies, remoci\u00f3n de resinas y colas y otros tipos de tratamientos.<\/p>\n<p>Ideal para trabajos en pisos, aplicaciones civiles, ideal para superficies medio-peque\u00f1as, para espacios reducidos y estrechos. F\u00e1cil de transportar a los lugares de trabajo, se desmonta con facilidad en tres partes. Planetario Mono-rotativo patentado.<\/p>\n","protected":false},"excerpt":{"rendered":"<p>LEVIGHETOR 640 es la pulidora m\u00e1s famosa en el mundo. Gracias a su planetario K1000 y utensilios 4\u201d\/100mm garantiza el mejor acabado incluido en espacios estrechos. Levighetor 640 es una linea de pulidoras y abrillantadoras ideales para todo tipos de pisos y trabajos, desde el pulido hasta el abrillantado del m\u00e1rmol, granito, gres, terrazo, concreto, [&hellip;]<\/p>\n","protected":false},"featured_media":24863,"comment_status":"closed","ping_status":"closed","template":"","meta":[],"product_brand":[],"product_cat":[577,796],"product_tag":[],"marcas":[927],"certificats":[],"caracteristiques":[],"tipus-productes":[],"zona-aplicacio":[],"tipus-maquinaria":[],"class_list":{"0":"post-12585","1":"product","2":"type-product","3":"status-publish","4":"has-post-thumbnail","6":"product_cat-maquinas","7":"product_cat-pulidoras-industriales","8":"marcas-klindex-es","10":"first","11":"instock","12":"product-type-simple"},"_links":{"self":[{"href":"https:\/\/dibosch.com\/es\/wp-json\/wp\/v2\/product\/12585","targetHints":{"allow":["GET"]}}],"collection":[{"href":"https:\/\/dibosch.com\/es\/wp-json\/wp\/v2\/product"}],"about":[{"href":"https:\/\/dibosch.com\/es\/wp-json\/wp\/v2\/types\/product"}],"replies":[{"embeddable":true,"href":"https:\/\/dibosch.com\/es\/wp-json\/wp\/v2\/comments?post=12585"}],"wp:featuredmedia":[{"embeddable":true,"href":"https:\/\/dibosch.com\/es\/wp-json\/wp\/v2\/media\/24863"}],"wp:attachment":[{"href":"https:\/\/dibosch.com\/es\/wp-json\/wp\/v2\/media?parent=12585"}],"wp:term":[{"taxonomy":"product_brand","embeddable":true,"href":"https:\/\/dibosch.com\/es\/wp-json\/wp\/v2\/product_brand?post=12585"},{"taxonomy":"product_cat","embeddable":true,"href":"https:\/\/dibosch.com\/es\/wp-json\/wp\/v2\/product_cat?post=12585"},{"taxonomy":"product_tag","embeddable":true,"href":"https:\/\/dibosch.com\/es\/wp-json\/wp\/v2\/product_tag?post=12585"},{"taxonomy":"marcas","embeddable":true,"href":"https:\/\/dibosch.com\/es\/wp-json\/wp\/v2\/marcas?post=12585"},{"taxonomy":"certificats","embeddable":true,"href":"https:\/\/dibosch.com\/es\/wp-json\/wp\/v2\/certificats?post=12585"},{"taxonomy":"caracteristiques","embeddable":true,"href":"https:\/\/dibosch.com\/es\/wp-json\/wp\/v2\/caracteristiques?post=12585"},{"taxonomy":"tipus-productes","embeddable":true,"href":"https:\/\/dibosch.com\/es\/wp-json\/wp\/v2\/tipus-productes?post=12585"},{"taxonomy":"zona-aplicacio","embeddable":true,"href":"https:\/\/dibosch.com\/es\/wp-json\/wp\/v2\/zona-aplicacio?post=12585"},{"taxonomy":"tipus-maquinaria","embeddable":true,"href":"https:\/\/dibosch.com\/es\/wp-json\/wp\/v2\/tipus-maquinaria?post=12585"}],"curies":[{"name":"wp","href":"https:\/\/api.w.org\/{rel}","templated":true}]}}