{"id":12586,"date":"2022-12-07T10:44:14","date_gmt":"2022-12-07T10:44:14","guid":{"rendered":"https:\/\/www.dibosch.com\/producto\/natursafe-cleaner-monodosis\/"},"modified":"2025-09-24T10:27:34","modified_gmt":"2025-09-24T10:27:34","slug":"natursafe-cleaner-monodosis","status":"publish","type":"product","link":"https:\/\/dibosch.com\/es\/producto\/natursafe-cleaner-monodosis\/","title":{"rendered":"NATURSAFE CLEANER MONODOSIS &#8211; SUCITESA"},"content":{"rendered":"<p><strong>Caracter\u00edsticas del producto:<\/strong><\/p>\n<p>Producto concentrado. El producto a utilizar se obtiene por diluci\u00f3n con agua. SISTEMA INTEGRADO NATURSAFE.AMPLIAR INFORMACI\u00d3N EN DOCUMENTACI\u00d3N DEL PRODUCTO AL USO. Producto sostenible desarrollado bajo estrictos criterios medioambientales y de seguridad, con la garant\u00eda LIFE CARE.<\/p>\n<p>&nbsp;<\/p>\n<p><strong>Modo de empleo:<\/strong><\/p>\n<p>EQUIPO DILUIDOR. Diluir el concentrado con el equipo EASYMIX.MONODOSIS. Rellenar la botella con agua. Verter el contenido de la bolsa en el envase aplicador. Cerrar y agitar suavemente para obtener 1 litro de producto listo para usar. Utilizar la dosificaci\u00f3n adecuada y la temperatura m\u00ednima (15\u00baC) recomendada, a fin de minimizar el consumo de agua y energ\u00eda, as\u00ed como de reducir la contaminaci\u00f3n del agua.<\/p>\n<p>&nbsp;<\/p>\n<p><strong>Indicado para:<\/strong><\/p>\n<p>Suelos. Terrazo, m\u00e1rmol, cer\u00e1mica, baldosas y similares. PVC, caucho y tambi\u00e9n linoleum.<\/p>\n","protected":false},"excerpt":{"rendered":"<p>Concentrado fregatierras. Monodosis.<\/p>\n","protected":false},"featured_media":26809,"comment_status":"closed","ping_status":"closed","template":"","meta":[],"product_brand":[],"product_cat":[785,689,694],"product_tag":[],"marcas":[922],"certificats":[936],"caracteristiques":[939,940],"tipus-productes":[943],"zona-aplicacio":[948,946],"tipus-maquinaria":[],"class_list":{"0":"post-12586","1":"product","2":"type-product","3":"status-publish","4":"has-post-thumbnail","6":"product_cat-fregasuelos","7":"product_cat-productos-de-limpieza","8":"product_cat-quimicos","9":"marcas-sucitesa-es","10":"certificats-eu-ecolabel-es","11":"caracteristiques-concentrados-es","12":"caracteristiques-ecologicos-es","13":"tipus-productes-sistema-de-ahorro-es","14":"zona-aplicacio-zona-habitaciones","15":"zona-aplicacio-zonas-comunes","17":"first","18":"instock","19":"product-type-simple"},"_links":{"self":[{"href":"https:\/\/dibosch.com\/es\/wp-json\/wp\/v2\/product\/12586","targetHints":{"allow":["GET"]}}],"collection":[{"href":"https:\/\/dibosch.com\/es\/wp-json\/wp\/v2\/product"}],"about":[{"href":"https:\/\/dibosch.com\/es\/wp-json\/wp\/v2\/types\/product"}],"replies":[{"embeddable":true,"href":"https:\/\/dibosch.com\/es\/wp-json\/wp\/v2\/comments?post=12586"}],"wp:featuredmedia":[{"embeddable":true,"href":"https:\/\/dibosch.com\/es\/wp-json\/wp\/v2\/media\/26809"}],"wp:attachment":[{"href":"https:\/\/dibosch.com\/es\/wp-json\/wp\/v2\/media?parent=12586"}],"wp:term":[{"taxonomy":"product_brand","embeddable":true,"href":"https:\/\/dibosch.com\/es\/wp-json\/wp\/v2\/product_brand?post=12586"},{"taxonomy":"product_cat","embeddable":true,"href":"https:\/\/dibosch.com\/es\/wp-json\/wp\/v2\/product_cat?post=12586"},{"taxonomy":"product_tag","embeddable":true,"href":"https:\/\/dibosch.com\/es\/wp-json\/wp\/v2\/product_tag?post=12586"},{"taxonomy":"marcas","embeddable":true,"href":"https:\/\/dibosch.com\/es\/wp-json\/wp\/v2\/marcas?post=12586"},{"taxonomy":"certificats","embeddable":true,"href":"https:\/\/dibosch.com\/es\/wp-json\/wp\/v2\/certificats?post=12586"},{"taxonomy":"caracteristiques","embeddable":true,"href":"https:\/\/dibosch.com\/es\/wp-json\/wp\/v2\/caracteristiques?post=12586"},{"taxonomy":"tipus-productes","embeddable":true,"href":"https:\/\/dibosch.com\/es\/wp-json\/wp\/v2\/tipus-productes?post=12586"},{"taxonomy":"zona-aplicacio","embeddable":true,"href":"https:\/\/dibosch.com\/es\/wp-json\/wp\/v2\/zona-aplicacio?post=12586"},{"taxonomy":"tipus-maquinaria","embeddable":true,"href":"https:\/\/dibosch.com\/es\/wp-json\/wp\/v2\/tipus-maquinaria?post=12586"}],"curies":[{"name":"wp","href":"https:\/\/api.w.org\/{rel}","templated":true}]}}