{"id":12594,"date":"2022-12-07T10:44:30","date_gmt":"2022-12-07T10:44:30","guid":{"rendered":"https:\/\/www.dibosch.com\/producto\/m-aspirador-tc-100-if-3m-version-xx-stainless\/"},"modified":"2024-03-26T16:06:38","modified_gmt":"2024-03-26T16:06:38","slug":"aspirador-tc-100-if-mpi","status":"publish","type":"product","link":"https:\/\/dibosch.com\/es\/producto\/aspirador-tc-100-if-mpi\/","title":{"rendered":"ASPIRADOR TC 100 IF MPI &#8211; DELFIN"},"content":{"rendered":"<p>El aspirador TC100 MPI es un potente aspirador industrial equipado con 3 motores monof\u00e1sicos, especialmente dise\u00f1ado para la industria mec\u00e1nica y el mantenimiento de m\u00e1quinas herramienta y CNC. Permite aspirar, filtrar y descargar l\u00edquido emulsionando simult\u00e1neamente, separando el chip de metal y permitiendo la reutilizaci\u00f3n del l\u00edquido aspirado, lo cual permite un ahorro econ\u00f3mico considerable y un tiempo reducido para el mantenimiento de la maquinaria.<\/p>\n<p><strong>VENTAJAS <\/strong><\/p>\n<p>Entrada de aspiraci\u00f3n tangencial con cicl\u00f3n integrado<br \/>\nFiltro PPL para separaci\u00f3n de virutas<br \/>\nDispositivo flotante para detener la aspiraci\u00f3n cuando el recipiente est\u00e1 lleno<br \/>\nReducci\u00f3n del tiempo de inactividad de las m\u00e1quinas herramienta<br \/>\nBomba sumergible para descarga del fluido aspirado<br \/>\nCistella para separaci\u00f3n de viruta.<br \/>\nAspiraci\u00f3n y descarga simult\u00e1neas de l\u00edquidos.<br \/>\nPosibilidad de reutilizar aceites y emulsiones.<br \/>\nReducci\u00f3n de costes eliminaci\u00f3n de aceites agotados<br \/>\nReducci\u00f3n del tiempo de limpieza de la m\u00e1quina.<\/p>\n<p><strong>CARACTER\u00cdSTICAS T\u00c9CNICAS TC100 MPI<\/strong><\/p>\n<p><strong>Alimentaci\u00f3n<\/strong> 230 &#8211; 50 V-Hz<br \/>\n<strong>Potencia<\/strong> 3,45 kW<br \/>\n<strong>Depresi\u00f3n m\u00e1xima<\/strong> 2.500 mmH\u2082O<br \/>\n<strong>Caudal de aire m\u00e1ximo<\/strong> 540 m\u00b3\/h<br \/>\n<strong>Nivel de ruido<\/strong> 76 dB(A)<br \/>\n<strong>Tipos de filtro<\/strong> 3D SuperWeb+*PPL<br \/>\n<strong>Medio de filtro- Filtraci\u00f3n<\/strong> Polipropileno &#8211; 300\u03bcm<br \/>\n<strong>Sistema de descarga<\/strong><br \/>\n<strong>Capacidad para l\u00edquidos<\/strong> 100 l<br \/>\n<strong>Capacidad para s\u00f3lidos<\/strong> 40 l<br \/>\n<strong>Velocidad de descarga<\/strong> 160 l\/min<br \/>\n<strong>Flotante<\/strong><br \/>\n<strong>Dimensiones<\/strong> 67x66x125h<br \/>\n<strong>Peso<\/strong> 70 kg<\/p>\n","protected":false},"excerpt":{"rendered":"<p>El aspirador TC100 MPI es un potente aspirador industrial equipado con 3 motores monof\u00e1sicos, especialmente dise\u00f1ado para la industria mec\u00e1nica y el mantenimiento de m\u00e1quinas herramienta y CNC. Permite aspirar, filtrar y descargar l\u00edquido emulsionando simult\u00e1neamente, separando el chip de metal y permitiendo la reutilizaci\u00f3n del l\u00edquido aspirado, lo cual permite un ahorro econ\u00f3mico considerable [&hellip;]<\/p>\n","protected":false},"featured_media":24644,"comment_status":"closed","ping_status":"closed","template":"","meta":[],"product_brand":[],"product_cat":[1188,578,577],"product_tag":[],"marcas":[915],"certificats":[],"caracteristiques":[],"tipus-productes":[],"zona-aplicacio":[949],"tipus-maquinaria":[],"class_list":{"0":"post-12594","1":"product","2":"type-product","3":"status-publish","4":"has-post-thumbnail","6":"product_cat-aspiradores-delfin","7":"product_cat-aspiradores-industriales","8":"product_cat-maquinas","9":"marcas-delfin-es","10":"zona-aplicacio-zona-produccion-y-talleres","12":"first","13":"instock","14":"product-type-simple"},"_links":{"self":[{"href":"https:\/\/dibosch.com\/es\/wp-json\/wp\/v2\/product\/12594","targetHints":{"allow":["GET"]}}],"collection":[{"href":"https:\/\/dibosch.com\/es\/wp-json\/wp\/v2\/product"}],"about":[{"href":"https:\/\/dibosch.com\/es\/wp-json\/wp\/v2\/types\/product"}],"replies":[{"embeddable":true,"href":"https:\/\/dibosch.com\/es\/wp-json\/wp\/v2\/comments?post=12594"}],"wp:featuredmedia":[{"embeddable":true,"href":"https:\/\/dibosch.com\/es\/wp-json\/wp\/v2\/media\/24644"}],"wp:attachment":[{"href":"https:\/\/dibosch.com\/es\/wp-json\/wp\/v2\/media?parent=12594"}],"wp:term":[{"taxonomy":"product_brand","embeddable":true,"href":"https:\/\/dibosch.com\/es\/wp-json\/wp\/v2\/product_brand?post=12594"},{"taxonomy":"product_cat","embeddable":true,"href":"https:\/\/dibosch.com\/es\/wp-json\/wp\/v2\/product_cat?post=12594"},{"taxonomy":"product_tag","embeddable":true,"href":"https:\/\/dibosch.com\/es\/wp-json\/wp\/v2\/product_tag?post=12594"},{"taxonomy":"marcas","embeddable":true,"href":"https:\/\/dibosch.com\/es\/wp-json\/wp\/v2\/marcas?post=12594"},{"taxonomy":"certificats","embeddable":true,"href":"https:\/\/dibosch.com\/es\/wp-json\/wp\/v2\/certificats?post=12594"},{"taxonomy":"caracteristiques","embeddable":true,"href":"https:\/\/dibosch.com\/es\/wp-json\/wp\/v2\/caracteristiques?post=12594"},{"taxonomy":"tipus-productes","embeddable":true,"href":"https:\/\/dibosch.com\/es\/wp-json\/wp\/v2\/tipus-productes?post=12594"},{"taxonomy":"zona-aplicacio","embeddable":true,"href":"https:\/\/dibosch.com\/es\/wp-json\/wp\/v2\/zona-aplicacio?post=12594"},{"taxonomy":"tipus-maquinaria","embeddable":true,"href":"https:\/\/dibosch.com\/es\/wp-json\/wp\/v2\/tipus-maquinaria?post=12594"}],"curies":[{"name":"wp","href":"https:\/\/api.w.org\/{rel}","templated":true}]}}