{"id":12600,"date":"2022-12-07T10:44:09","date_gmt":"2022-12-07T10:44:09","guid":{"rendered":"https:\/\/www.dibosch.com\/producto\/fd-suma-bac-2x5\/"},"modified":"2024-03-26T16:06:39","modified_gmt":"2024-03-26T16:06:39","slug":"fd-suma-bac-2x5","status":"publish","type":"product","link":"https:\/\/dibosch.com\/es\/producto\/fd-suma-bac-2x5\/","title":{"rendered":"FD- SUMA BAC (2&#215;5) &#8211; DIVERSEY"},"content":{"rendered":"<p><strong>Caracter\u00edsticas producto:<\/strong><\/p>\n<p>Suma Bac D10 es un detergente desinfectante concentrado para la limpieza y desinfecci\u00f3n en un solo paso de todas las superficies en establecimientos donde se prepare comida \/ manipulen alimentos.<\/p>\n<p>&nbsp;<\/p>\n<p><strong>Modo de empleo:<\/strong><\/p>\n<ul>\n<li>Limpieza y desinfecci\u00f3n con pulverizador:<br \/>\n1. Usar a una concentraci\u00f3n de 8-30 ml (seg\u00fan problem\u00e1tica) en una botella pulverizadora de 750 ml.<br \/>\n2. Eliminar primero la suciedad fuerte.<br \/>\n3. Pulverizar sobre la superficie.<br \/>\n4. Dejar actuar un m\u00ednimo de 5 minutos.<br \/>\n5. Aclarar abundantemente con agua limpia las superficies en contacto con alimentos y dejar secar al aire.<\/li>\n<li>Limpieza y desinfecci\u00f3n general:<br \/>\n1. Usar a una concentraci\u00f3n de 10-40 ml (seg\u00fan problem\u00e1tica) por litro de agua caliente<br \/>\n2. Eliminar primero la suciedad fuerte<br \/>\n3. Aplicar la soluci\u00f3n con una bayeta o cepillo o sum\u00e9rjalos en la soluci\u00f3n preparada.<br \/>\n4. Dejar actuar unos 5 minutos.<br \/>\n5. Aclarar abundantemente con agua limpia las superficies en contacto con alimentos y<br \/>\ndejar secar al aire.<\/li>\n<\/ul>\n<p>&nbsp;<\/p>\n<p><strong>Indicado para:<\/strong><\/p>\n<p>El producto es adecuado para todas las superficies en establecimientos donde se prepare comida \/ manipulen alimentos. La combinaci\u00f3n equilibrada de amonios cuaternarios y secuestrantes hace que el producto sea muy efectivo frente a una amplia gama de microorganismos en todo tipo de aguas. La f\u00f3rmula tambi\u00e9n contiene tensioactivos, que hacen el producto adecuado para la limpieza y desinfecci\u00f3n en un solo paso.<\/p>\n","protected":false},"excerpt":{"rendered":"<p>Detergente desinfectante concentrado<\/p>\n","protected":false},"featured_media":26353,"comment_status":"closed","ping_status":"closed","template":"","meta":[],"product_brand":[],"product_cat":[762,715,689],"product_tag":[],"marcas":[],"certificats":[933,934,932,935],"caracteristiques":[],"tipus-productes":[],"zona-aplicacio":[],"tipus-maquinaria":[],"class_list":{"0":"post-12600","1":"product","2":"type-product","3":"status-publish","4":"has-post-thumbnail","6":"product_cat-alcalinos-desinfectantes-espumante","7":"product_cat-especificos-para-industria-alimentaria","8":"product_cat-productos-de-limpieza","9":"certificats-bactericida-es","10":"certificats-fungicida-es","11":"certificats-ha-es","12":"certificats-viricida-es","14":"first","15":"instock","16":"product-type-simple"},"_links":{"self":[{"href":"https:\/\/dibosch.com\/es\/wp-json\/wp\/v2\/product\/12600","targetHints":{"allow":["GET"]}}],"collection":[{"href":"https:\/\/dibosch.com\/es\/wp-json\/wp\/v2\/product"}],"about":[{"href":"https:\/\/dibosch.com\/es\/wp-json\/wp\/v2\/types\/product"}],"replies":[{"embeddable":true,"href":"https:\/\/dibosch.com\/es\/wp-json\/wp\/v2\/comments?post=12600"}],"wp:featuredmedia":[{"embeddable":true,"href":"https:\/\/dibosch.com\/es\/wp-json\/wp\/v2\/media\/26353"}],"wp:attachment":[{"href":"https:\/\/dibosch.com\/es\/wp-json\/wp\/v2\/media?parent=12600"}],"wp:term":[{"taxonomy":"product_brand","embeddable":true,"href":"https:\/\/dibosch.com\/es\/wp-json\/wp\/v2\/product_brand?post=12600"},{"taxonomy":"product_cat","embeddable":true,"href":"https:\/\/dibosch.com\/es\/wp-json\/wp\/v2\/product_cat?post=12600"},{"taxonomy":"product_tag","embeddable":true,"href":"https:\/\/dibosch.com\/es\/wp-json\/wp\/v2\/product_tag?post=12600"},{"taxonomy":"marcas","embeddable":true,"href":"https:\/\/dibosch.com\/es\/wp-json\/wp\/v2\/marcas?post=12600"},{"taxonomy":"certificats","embeddable":true,"href":"https:\/\/dibosch.com\/es\/wp-json\/wp\/v2\/certificats?post=12600"},{"taxonomy":"caracteristiques","embeddable":true,"href":"https:\/\/dibosch.com\/es\/wp-json\/wp\/v2\/caracteristiques?post=12600"},{"taxonomy":"tipus-productes","embeddable":true,"href":"https:\/\/dibosch.com\/es\/wp-json\/wp\/v2\/tipus-productes?post=12600"},{"taxonomy":"zona-aplicacio","embeddable":true,"href":"https:\/\/dibosch.com\/es\/wp-json\/wp\/v2\/zona-aplicacio?post=12600"},{"taxonomy":"tipus-maquinaria","embeddable":true,"href":"https:\/\/dibosch.com\/es\/wp-json\/wp\/v2\/tipus-maquinaria?post=12600"}],"curies":[{"name":"wp","href":"https:\/\/api.w.org\/{rel}","templated":true}]}}