{"id":12630,"date":"2022-12-07T10:45:29","date_gmt":"2022-12-07T10:45:29","guid":{"rendered":"https:\/\/www.dibosch.com\/producto\/desengrando-todo-os-001-bp5\/"},"modified":"2024-03-26T16:06:46","modified_gmt":"2024-03-26T16:06:46","slug":"desengrasante-todo-us-001-bp5","status":"publish","type":"product","link":"https:\/\/dibosch.com\/es\/producto\/desengrasante-todo-us-001-bp5\/","title":{"rendered":"DESENGRASANTE TODO USO 001 BP5 &#8211; INDUQUIM"},"content":{"rendered":"<p><strong>Caracter\u00edsticas del producto:<\/strong><\/p>\n<p>Producto alcalino con gran poder de eliminaci\u00f3n de grasa, alto poder de destrucci\u00f3n y saponificaci\u00f3n de todo tipo de grasas. Contiene tensioactivos y disolventes que aumentan el poder de eliminaci\u00f3n de grasa del principio alcalino y levantan la grasa m\u00e1s incrustada.<\/p>\n<p>&nbsp;<\/p>\n<p><strong>Modo de empleo:<\/strong><\/p>\n<p>Aplicar el producto sobre la superficie a limpiar y dejar actuar. Pasar un trapo para limpiar la superficie. No necesita aclarado.<\/p>\n","protected":false},"excerpt":{"rendered":"<p>Desengrasador multiuso para eliminaci\u00f3n de grasas.<\/p>\n","protected":false},"featured_media":9773,"comment_status":"closed","ping_status":"closed","template":"","meta":[],"product_brand":[],"product_cat":[746,689,694],"product_tag":[],"marcas":[],"certificats":[],"caracteristiques":[],"tipus-productes":[],"zona-aplicacio":[944],"tipus-maquinaria":[],"class_list":{"0":"post-12630","1":"product","2":"type-product","3":"status-publish","4":"has-post-thumbnail","6":"product_cat-desengrasantes","7":"product_cat-productos-de-limpieza","8":"product_cat-quimicos","9":"zona-aplicacio-zona-cocina","11":"first","12":"instock","13":"product-type-simple"},"_links":{"self":[{"href":"https:\/\/dibosch.com\/es\/wp-json\/wp\/v2\/product\/12630","targetHints":{"allow":["GET"]}}],"collection":[{"href":"https:\/\/dibosch.com\/es\/wp-json\/wp\/v2\/product"}],"about":[{"href":"https:\/\/dibosch.com\/es\/wp-json\/wp\/v2\/types\/product"}],"replies":[{"embeddable":true,"href":"https:\/\/dibosch.com\/es\/wp-json\/wp\/v2\/comments?post=12630"}],"wp:featuredmedia":[{"embeddable":true,"href":"https:\/\/dibosch.com\/es\/wp-json\/wp\/v2\/media\/9773"}],"wp:attachment":[{"href":"https:\/\/dibosch.com\/es\/wp-json\/wp\/v2\/media?parent=12630"}],"wp:term":[{"taxonomy":"product_brand","embeddable":true,"href":"https:\/\/dibosch.com\/es\/wp-json\/wp\/v2\/product_brand?post=12630"},{"taxonomy":"product_cat","embeddable":true,"href":"https:\/\/dibosch.com\/es\/wp-json\/wp\/v2\/product_cat?post=12630"},{"taxonomy":"product_tag","embeddable":true,"href":"https:\/\/dibosch.com\/es\/wp-json\/wp\/v2\/product_tag?post=12630"},{"taxonomy":"marcas","embeddable":true,"href":"https:\/\/dibosch.com\/es\/wp-json\/wp\/v2\/marcas?post=12630"},{"taxonomy":"certificats","embeddable":true,"href":"https:\/\/dibosch.com\/es\/wp-json\/wp\/v2\/certificats?post=12630"},{"taxonomy":"caracteristiques","embeddable":true,"href":"https:\/\/dibosch.com\/es\/wp-json\/wp\/v2\/caracteristiques?post=12630"},{"taxonomy":"tipus-productes","embeddable":true,"href":"https:\/\/dibosch.com\/es\/wp-json\/wp\/v2\/tipus-productes?post=12630"},{"taxonomy":"zona-aplicacio","embeddable":true,"href":"https:\/\/dibosch.com\/es\/wp-json\/wp\/v2\/zona-aplicacio?post=12630"},{"taxonomy":"tipus-maquinaria","embeddable":true,"href":"https:\/\/dibosch.com\/es\/wp-json\/wp\/v2\/tipus-maquinaria?post=12630"}],"curies":[{"name":"wp","href":"https:\/\/api.w.org\/{rel}","templated":true}]}}