{"id":12631,"date":"2022-12-07T10:44:59","date_gmt":"2022-12-07T10:44:59","guid":{"rendered":"https:\/\/www.dibosch.com\/producto\/mopa-un-solo-uso-microfibra-velcro-x25-000b9602\/"},"modified":"2024-03-26T16:06:46","modified_gmt":"2024-03-26T16:06:46","slug":"mopa-un-solo-os-microfibra-velcro-x25-000b9602","status":"publish","type":"product","link":"https:\/\/dibosch.com\/es\/producto\/mopa-un-solo-os-microfibra-velcro-x25-000b9602\/","title":{"rendered":"MOPA UN SOLO USO MICROFIBRA VELCRO (x25) 000B9602 &#8211; TTS"},"content":{"rendered":"<p><strong>Caracter\u00edsticas del producto:<\/strong><\/p>\n<p>Mopa desechable de TNT para el fregado, para el sistema adherente<\/p>\n<p>Sistema plano con bastidor con sistema adherente que se puede usar pre-impregnado o impregnado a demanda con estaci\u00f3n de impregnaci\u00f3n o con mangos con dep\u00f3sito<\/p>\n<p>Ideal para los entornos con alto riesgo de contaminaci\u00f3n<\/p>\n<p>Eficaz: la trama perforada asegura una efectiva recogida de suciedad<\/p>\n<p>M\u00e1xima fluidez: las fibras se deslizan sobre las superficies sin resistencia<\/p>\n<p>Desechable: control m\u00e1ximo de la contaminaci\u00f3n cruzada<\/p>\n","protected":false},"excerpt":{"rendered":"<p>Ideal para ser utilizado en ambientes con alto riesgo de contaminaci\u00f3n.<\/p>\n","protected":false},"featured_media":22027,"comment_status":"closed","ping_status":"closed","template":"","meta":[],"product_brand":[],"product_cat":[714,713,684],"product_tag":[],"marcas":[917],"certificats":[],"caracteristiques":[],"tipus-productes":[],"zona-aplicacio":[],"tipus-maquinaria":[],"class_list":{"0":"post-12631","1":"product","2":"type-product","3":"status-publish","4":"has-post-thumbnail","6":"product_cat-mopas","7":"product_cat-utensilios","8":"product_cat-utiles-de-limpieza","9":"marcas-tts-es","11":"first","12":"instock","13":"product-type-simple"},"_links":{"self":[{"href":"https:\/\/dibosch.com\/es\/wp-json\/wp\/v2\/product\/12631","targetHints":{"allow":["GET"]}}],"collection":[{"href":"https:\/\/dibosch.com\/es\/wp-json\/wp\/v2\/product"}],"about":[{"href":"https:\/\/dibosch.com\/es\/wp-json\/wp\/v2\/types\/product"}],"replies":[{"embeddable":true,"href":"https:\/\/dibosch.com\/es\/wp-json\/wp\/v2\/comments?post=12631"}],"wp:featuredmedia":[{"embeddable":true,"href":"https:\/\/dibosch.com\/es\/wp-json\/wp\/v2\/media\/22027"}],"wp:attachment":[{"href":"https:\/\/dibosch.com\/es\/wp-json\/wp\/v2\/media?parent=12631"}],"wp:term":[{"taxonomy":"product_brand","embeddable":true,"href":"https:\/\/dibosch.com\/es\/wp-json\/wp\/v2\/product_brand?post=12631"},{"taxonomy":"product_cat","embeddable":true,"href":"https:\/\/dibosch.com\/es\/wp-json\/wp\/v2\/product_cat?post=12631"},{"taxonomy":"product_tag","embeddable":true,"href":"https:\/\/dibosch.com\/es\/wp-json\/wp\/v2\/product_tag?post=12631"},{"taxonomy":"marcas","embeddable":true,"href":"https:\/\/dibosch.com\/es\/wp-json\/wp\/v2\/marcas?post=12631"},{"taxonomy":"certificats","embeddable":true,"href":"https:\/\/dibosch.com\/es\/wp-json\/wp\/v2\/certificats?post=12631"},{"taxonomy":"caracteristiques","embeddable":true,"href":"https:\/\/dibosch.com\/es\/wp-json\/wp\/v2\/caracteristiques?post=12631"},{"taxonomy":"tipus-productes","embeddable":true,"href":"https:\/\/dibosch.com\/es\/wp-json\/wp\/v2\/tipus-productes?post=12631"},{"taxonomy":"zona-aplicacio","embeddable":true,"href":"https:\/\/dibosch.com\/es\/wp-json\/wp\/v2\/zona-aplicacio?post=12631"},{"taxonomy":"tipus-maquinaria","embeddable":true,"href":"https:\/\/dibosch.com\/es\/wp-json\/wp\/v2\/tipus-maquinaria?post=12631"}],"curies":[{"name":"wp","href":"https:\/\/api.w.org\/{rel}","templated":true}]}}