{"id":12633,"date":"2022-12-07T10:44:36","date_gmt":"2022-12-07T10:44:36","guid":{"rendered":"https:\/\/www.dibosch.com\/producto\/papelera-ppa2279cs\/"},"modified":"2024-03-26T16:06:47","modified_gmt":"2024-03-26T16:06:47","slug":"papelera-ppa2279cs","status":"publish","type":"product","link":"https:\/\/dibosch.com\/es\/producto\/papelera-ppa2279cs\/","title":{"rendered":"PAPELERA PPA2279CS &#8211; MEDICLINICS"},"content":{"rendered":"<p><strong>Caracter\u00edsticas del producto:<\/strong><\/p>\n<p>Papelera con aro de pl\u00e1stico para sujetar la bolsa, en acero pintado en Epoxy blanco o negro o en acero inoxidable AISI 304 acabado brillante o satinado.<\/p>\n<p>Dise\u00f1o actual y de vanguardia, concebido para tener una larga vida \u00fatil y ser anti-vand\u00e1lico.<\/p>\n<p>Totalmente soldada, con las esquinas de trazo continuo y libre de rebabas y zonas cortantes.<\/p>\n<p>Capacidad de 25 L.<\/p>\n<p>Adecuada para lavabos y \u00e1reas p\u00fablicas interiores, de tr\u00e1fico medio. Modelo apto para colectividades.<\/p>\n<p>Puede apoyarse en el suelo o adosarse a la pared mediante 4 tornillos y tacos. Torniller\u00eda no suministrada.<\/p>\n","protected":false},"excerpt":{"rendered":"<p>Papelera de acero inoxidable AISI 304 satinado, con aro de pl\u00e1stico para sujetar la bolsa<\/p>\n","protected":false},"featured_media":23019,"comment_status":"closed","ping_status":"closed","template":"","meta":[],"product_brand":[],"product_cat":[723,724,684],"product_tag":[],"marcas":[],"certificats":[],"caracteristiques":[],"tipus-productes":[],"zona-aplicacio":[],"tipus-maquinaria":[],"class_list":{"0":"post-12633","1":"product","2":"type-product","3":"status-publish","4":"has-post-thumbnail","6":"product_cat-gestion-de-residuos","7":"product_cat-papeleras-50","8":"product_cat-utiles-de-limpieza","10":"first","11":"instock","12":"product-type-simple"},"_links":{"self":[{"href":"https:\/\/dibosch.com\/es\/wp-json\/wp\/v2\/product\/12633","targetHints":{"allow":["GET"]}}],"collection":[{"href":"https:\/\/dibosch.com\/es\/wp-json\/wp\/v2\/product"}],"about":[{"href":"https:\/\/dibosch.com\/es\/wp-json\/wp\/v2\/types\/product"}],"replies":[{"embeddable":true,"href":"https:\/\/dibosch.com\/es\/wp-json\/wp\/v2\/comments?post=12633"}],"wp:featuredmedia":[{"embeddable":true,"href":"https:\/\/dibosch.com\/es\/wp-json\/wp\/v2\/media\/23019"}],"wp:attachment":[{"href":"https:\/\/dibosch.com\/es\/wp-json\/wp\/v2\/media?parent=12633"}],"wp:term":[{"taxonomy":"product_brand","embeddable":true,"href":"https:\/\/dibosch.com\/es\/wp-json\/wp\/v2\/product_brand?post=12633"},{"taxonomy":"product_cat","embeddable":true,"href":"https:\/\/dibosch.com\/es\/wp-json\/wp\/v2\/product_cat?post=12633"},{"taxonomy":"product_tag","embeddable":true,"href":"https:\/\/dibosch.com\/es\/wp-json\/wp\/v2\/product_tag?post=12633"},{"taxonomy":"marcas","embeddable":true,"href":"https:\/\/dibosch.com\/es\/wp-json\/wp\/v2\/marcas?post=12633"},{"taxonomy":"certificats","embeddable":true,"href":"https:\/\/dibosch.com\/es\/wp-json\/wp\/v2\/certificats?post=12633"},{"taxonomy":"caracteristiques","embeddable":true,"href":"https:\/\/dibosch.com\/es\/wp-json\/wp\/v2\/caracteristiques?post=12633"},{"taxonomy":"tipus-productes","embeddable":true,"href":"https:\/\/dibosch.com\/es\/wp-json\/wp\/v2\/tipus-productes?post=12633"},{"taxonomy":"zona-aplicacio","embeddable":true,"href":"https:\/\/dibosch.com\/es\/wp-json\/wp\/v2\/zona-aplicacio?post=12633"},{"taxonomy":"tipus-maquinaria","embeddable":true,"href":"https:\/\/dibosch.com\/es\/wp-json\/wp\/v2\/tipus-maquinaria?post=12633"}],"curies":[{"name":"wp","href":"https:\/\/api.w.org\/{rel}","templated":true}]}}