{"id":12653,"date":"2022-12-07T10:46:02","date_gmt":"2022-12-07T10:46:02","guid":{"rendered":"https:\/\/www.dibosch.com\/producto\/m-aspirador-mtl802wdp-kit-40\/"},"modified":"2024-03-26T16:06:51","modified_gmt":"2024-03-26T16:06:51","slug":"m-aspirador-mtl802wdp-kit-40","status":"publish","type":"product","link":"https:\/\/dibosch.com\/es\/producto\/m-aspirador-mtl802wdp-kit-40\/","title":{"rendered":"M- ASPIRADOR MTL802WDP KIT 40"},"content":{"rendered":"<p>El aspirador industrial 802WD es la soluci\u00f3n ideal para la aspiraci\u00f3n de grandes cantidades de l\u00edquidos mezclados con polvo: 2 potentes motores monof\u00e1sicos, gran capacidad para la recogida de l\u00edquidos del recipiente de acero y f\u00e1cil manejo de aspiradores lo convierten en la soluci\u00f3n ideal para todo tipo de aplicaciones de l\u00edquido.<\/p>\n<p>La pr\u00e1ctica manguera de drenaje en la parte trasera facilita el vaciado r\u00e1pido. El kit de accesorios y el kit doble de filtraci\u00f3n l\u00edquida (filtro de polipropileno) y polvo (filtro de poli\u00e9ster) est\u00e1n incluidos.<\/p>\n","protected":false},"excerpt":{"rendered":"<p>El aspirador industrial 802WD es la soluci\u00f3n ideal para la aspiraci\u00f3n de grandes cantidades de l\u00edquidos mezclados con polvo: 2 potentes motores monof\u00e1sicos, gran capacidad para la recogida de l\u00edquidos del recipiente de acero y f\u00e1cil manejo de aspiradores lo convierten en la soluci\u00f3n ideal para todo tipo de aplicaciones de l\u00edquido. La pr\u00e1ctica manguera [&hellip;]<\/p>\n","protected":false},"featured_media":24698,"comment_status":"closed","ping_status":"closed","template":"","meta":[],"product_brand":[],"product_cat":[578,577],"product_tag":[],"marcas":[],"certificats":[],"caracteristiques":[],"tipus-productes":[],"zona-aplicacio":[],"tipus-maquinaria":[],"class_list":{"0":"post-12653","1":"product","2":"type-product","3":"status-publish","4":"has-post-thumbnail","6":"product_cat-aspiradores-industriales","7":"product_cat-maquinas","9":"first","10":"instock","11":"product-type-simple"},"_links":{"self":[{"href":"https:\/\/dibosch.com\/es\/wp-json\/wp\/v2\/product\/12653","targetHints":{"allow":["GET"]}}],"collection":[{"href":"https:\/\/dibosch.com\/es\/wp-json\/wp\/v2\/product"}],"about":[{"href":"https:\/\/dibosch.com\/es\/wp-json\/wp\/v2\/types\/product"}],"replies":[{"embeddable":true,"href":"https:\/\/dibosch.com\/es\/wp-json\/wp\/v2\/comments?post=12653"}],"wp:featuredmedia":[{"embeddable":true,"href":"https:\/\/dibosch.com\/es\/wp-json\/wp\/v2\/media\/24698"}],"wp:attachment":[{"href":"https:\/\/dibosch.com\/es\/wp-json\/wp\/v2\/media?parent=12653"}],"wp:term":[{"taxonomy":"product_brand","embeddable":true,"href":"https:\/\/dibosch.com\/es\/wp-json\/wp\/v2\/product_brand?post=12653"},{"taxonomy":"product_cat","embeddable":true,"href":"https:\/\/dibosch.com\/es\/wp-json\/wp\/v2\/product_cat?post=12653"},{"taxonomy":"product_tag","embeddable":true,"href":"https:\/\/dibosch.com\/es\/wp-json\/wp\/v2\/product_tag?post=12653"},{"taxonomy":"marcas","embeddable":true,"href":"https:\/\/dibosch.com\/es\/wp-json\/wp\/v2\/marcas?post=12653"},{"taxonomy":"certificats","embeddable":true,"href":"https:\/\/dibosch.com\/es\/wp-json\/wp\/v2\/certificats?post=12653"},{"taxonomy":"caracteristiques","embeddable":true,"href":"https:\/\/dibosch.com\/es\/wp-json\/wp\/v2\/caracteristiques?post=12653"},{"taxonomy":"tipus-productes","embeddable":true,"href":"https:\/\/dibosch.com\/es\/wp-json\/wp\/v2\/tipus-productes?post=12653"},{"taxonomy":"zona-aplicacio","embeddable":true,"href":"https:\/\/dibosch.com\/es\/wp-json\/wp\/v2\/zona-aplicacio?post=12653"},{"taxonomy":"tipus-maquinaria","embeddable":true,"href":"https:\/\/dibosch.com\/es\/wp-json\/wp\/v2\/tipus-maquinaria?post=12653"}],"curies":[{"name":"wp","href":"https:\/\/api.w.org\/{rel}","templated":true}]}}