{"id":12665,"date":"2022-12-07T10:46:22","date_gmt":"2022-12-07T10:46:22","guid":{"rendered":"https:\/\/www.dibosch.com\/producto\/m-duplex-420-steam-230v-50hz-opc\/"},"modified":"2024-03-26T16:06:54","modified_gmt":"2024-03-26T16:06:54","slug":"m-duplex-420-steam-230v-50hz-opc","status":"publish","type":"product","link":"https:\/\/dibosch.com\/es\/producto\/m-duplex-420-steam-230v-50hz-opc\/","title":{"rendered":"DUPLEX 420 STEAM &#8211; 230V 50Hz OPC &#8211; DUPLEX"},"content":{"rendered":"<p>Duplex 420 Steam limpia y desinfecta con el vapor: est\u00e1 especialmente indicada para la limpieza de los suelos irregulares, de los interespacios y para la sanificaci\u00f3n completa de todas las superficies.<\/p>\n<p>Eficaz y sumamente f\u00e1cil de usar: el vapor tiene m\u00e1xima eficiencia en suelos textiles como alfombras y tapices, no moja el tejido y revitaliza las fibras. En los suelos<\/p>\n<p>duros ayuda a eliminar la suciedad grasa o el chicle, sin usar productos qu\u00edmicos.<\/p>\n<p>Su dise\u00f1o compacto, la posici\u00f3n de los cepillos, de los recipientes y la colocaci\u00f3n central del motor la hacen perfectamente equilibrada.<\/p>\n<p>Duplex 420 Steam est\u00e1 dotada con dos tanques est\u00e1ndar para ser utilizada tambi\u00e9n con soluci\u00f3n detergente y sin vapor.<\/p>\n<p>&nbsp;<\/p>\n<p><strong>CARACTER\u00cdSTICAS<\/strong><\/p>\n<p><strong>Dotada con dos tanques:<\/strong> uno funciona como caldera, mientras que el otro se usa para contener y suministrar el agua. La m\u00e1quina puede utilizarse tambi\u00e9n del modo convencional, con la soluci\u00f3n detergente.<br \/>\n<strong>Chorro de vapor a 130\u00b0:<\/strong> facilita la eliminaci\u00f3n de la suciedad m\u00e1s resistente.<br \/>\n<strong>Limpieza total de los suelos incluso en las zonas m\u00e1s dif\u00edciles:<\/strong> Duplex 420 Steam elimina la suciedad de debajo de los muebles, a lo largo de los rodapi\u00e9s y en las esquinas.<br \/>\n<strong>Bidireccionalidad:<\/strong> su originalidad de dise\u00f1o y su m\u00e1xima manejabilidad permiten a la Duplex 420 Steam cambiar el sentido de marcha invirtiendo la posici\u00f3n del mango. Esta operaci\u00f3n de \u00abvolteo\u00bb facilita las operaciones de limpieza &#8211; derecha\/izquierda adelante\/atr\u00e1s y viceversa &#8211; especialmente en espacios reducidos.<\/p>\n<p>&nbsp;<\/p>\n<p><strong>ESPECIFICACIONES T\u00c9CNICAS<\/strong><\/p>\n<p>Superficie de trabajo 300 \/ 500 M\u00b2\/h<br \/>\nAnchura de lavado 350 mm<br \/>\nDimensiones mm 650x510x360 h<br \/>\nN\u00famero cepillos 2<br \/>\nAlimentaci\u00f3n Cable<br \/>\nTensi\u00f3n 115 &#8211; 240 Volt<br \/>\nFrecuencia 60 &#8211; 50 Hz<br \/>\nNivel de ruido &lt; 64dBA<br \/>\nTanque de la soluci\u00f3n 2.7 Lt<br \/>\nTanque de recuperaci\u00f3n 2.3 Lt<br \/>\nVelocidad cepillos 650\/750 rpm<br \/>\nPresi\u00f3n de los cepillos 200 gr\/cm2<br \/>\nPeso en vac\u00edo 30 kg<br \/>\nPotencia absorbida 1000 + 900 Watt<br \/>\nAncho del chorro de vapor 330 mm<br \/>\nDimensiones embalaje mm 650x510x360 h<\/p>\n<p>&nbsp;<\/p>\n","protected":false},"excerpt":{"rendered":"<p>Ancho: 35 cm | Dep\u00f3sito agua limpia: 5,4 l | autonom\u00eda ilimitada | el\u00e9ctrica | Limpieza con vapor<\/p>\n","protected":false},"featured_media":26565,"comment_status":"closed","ping_status":"closed","template":"","meta":[],"product_brand":[],"product_cat":[1076,727,989,810,1074,577],"product_tag":[],"marcas":[924],"certificats":[],"caracteristiques":[],"tipus-productes":[],"zona-aplicacio":[951,952,945,944,948,947,950,949,955,946],"tipus-maquinaria":[],"class_list":{"0":"post-12665","1":"product","2":"type-product","3":"status-publish","4":"has-post-thumbnail","6":"product_cat-fregadora-industrial-pequena","7":"product_cat-fregadoras-a-pie","8":"product_cat-fregadoras-duplex","9":"product_cat-fregadora-es","10":"product_cat-maquina-limpia-suelos","11":"product_cat-maquinas","12":"marcas-duplex-es","13":"zona-aplicacio-exteriores-y-fachadas","14":"zona-aplicacio-moqueta-y-tejidos","15":"zona-aplicacio-zona-bano","16":"zona-aplicacio-zona-cocina","17":"zona-aplicacio-zona-habitaciones","18":"zona-aplicacio-zona-lavanderia","19":"zona-aplicacio-zona-manipulacion-de-alimentos-industria","20":"zona-aplicacio-zona-produccion-y-talleres","21":"zona-aplicacio-zona-sanitaria","22":"zona-aplicacio-zonas-comunes","24":"first","25":"instock","26":"product-type-simple"},"_links":{"self":[{"href":"https:\/\/dibosch.com\/es\/wp-json\/wp\/v2\/product\/12665","targetHints":{"allow":["GET"]}}],"collection":[{"href":"https:\/\/dibosch.com\/es\/wp-json\/wp\/v2\/product"}],"about":[{"href":"https:\/\/dibosch.com\/es\/wp-json\/wp\/v2\/types\/product"}],"replies":[{"embeddable":true,"href":"https:\/\/dibosch.com\/es\/wp-json\/wp\/v2\/comments?post=12665"}],"wp:featuredmedia":[{"embeddable":true,"href":"https:\/\/dibosch.com\/es\/wp-json\/wp\/v2\/media\/26565"}],"wp:attachment":[{"href":"https:\/\/dibosch.com\/es\/wp-json\/wp\/v2\/media?parent=12665"}],"wp:term":[{"taxonomy":"product_brand","embeddable":true,"href":"https:\/\/dibosch.com\/es\/wp-json\/wp\/v2\/product_brand?post=12665"},{"taxonomy":"product_cat","embeddable":true,"href":"https:\/\/dibosch.com\/es\/wp-json\/wp\/v2\/product_cat?post=12665"},{"taxonomy":"product_tag","embeddable":true,"href":"https:\/\/dibosch.com\/es\/wp-json\/wp\/v2\/product_tag?post=12665"},{"taxonomy":"marcas","embeddable":true,"href":"https:\/\/dibosch.com\/es\/wp-json\/wp\/v2\/marcas?post=12665"},{"taxonomy":"certificats","embeddable":true,"href":"https:\/\/dibosch.com\/es\/wp-json\/wp\/v2\/certificats?post=12665"},{"taxonomy":"caracteristiques","embeddable":true,"href":"https:\/\/dibosch.com\/es\/wp-json\/wp\/v2\/caracteristiques?post=12665"},{"taxonomy":"tipus-productes","embeddable":true,"href":"https:\/\/dibosch.com\/es\/wp-json\/wp\/v2\/tipus-productes?post=12665"},{"taxonomy":"zona-aplicacio","embeddable":true,"href":"https:\/\/dibosch.com\/es\/wp-json\/wp\/v2\/zona-aplicacio?post=12665"},{"taxonomy":"tipus-maquinaria","embeddable":true,"href":"https:\/\/dibosch.com\/es\/wp-json\/wp\/v2\/tipus-maquinaria?post=12665"}],"curies":[{"name":"wp","href":"https:\/\/api.w.org\/{rel}","templated":true}]}}