{"id":12668,"date":"2022-12-07T10:45:38","date_gmt":"2022-12-07T10:45:38","guid":{"rendered":"https:\/\/www.dibosch.com\/producto\/blanquiox-bp25\/"},"modified":"2025-09-24T06:37:43","modified_gmt":"2025-09-24T06:37:43","slug":"blanquiox-bp25","status":"publish","type":"product","link":"https:\/\/dibosch.com\/es\/producto\/blanquiox-bp25\/","title":{"rendered":"BLANQUIOX BP25 &#8211; INDUQUIM"},"content":{"rendered":"<p><strong>Caracter\u00edsticas del producto:<\/strong><\/p>\n<p>Producto l\u00edquido oxigenado, dise\u00f1ado para el blanqueo y desinfecci\u00f3n de todo tipo de ropa a temperatura baja y media.<\/p>\n<p>Producto adecuado como sustituto de la lej\u00eda para la eliminaci\u00f3n de manchas en ropa de color porque no degrada el tejido.<\/p>\n<p>Se puede utilizar para el blanqueo a baja temperatura en prendas delicadas (Excepto lana y seda).<\/p>\n<p>Alarga la vida de los tejidos de algod\u00f3n en comparaci\u00f3n a los blanqueantes clorados.<\/p>\n<p>&nbsp;<\/p>\n<p><strong>Modo de uso:<\/strong><\/p>\n<p>A\u00f1adir en el lavado junto o posteriormente a los detergentes. La temperatura de aplicaci\u00f3n ser\u00e1 de 40 a 70 \u00ba C.<\/p>\n<ul>\n<li>Ropa sucia de 4 a 7 gramos por kilo de ropa.<\/li>\n<li>Ropa muy sucia de 7 a 13 gramos por kilo de ropa.<\/li>\n<\/ul>\n","protected":false},"excerpt":{"rendered":"<p>Oxigenante higienizante. Baja temperatura<\/p>\n","protected":false},"featured_media":21048,"comment_status":"closed","ping_status":"closed","template":"","meta":[],"product_brand":[],"product_cat":[774,690,689],"product_tag":[],"marcas":[],"certificats":[],"caracteristiques":[],"tipus-productes":[],"zona-aplicacio":[],"tipus-maquinaria":[],"class_list":{"0":"post-12668","1":"product","2":"type-product","3":"status-publish","4":"has-post-thumbnail","6":"product_cat-blanqueantes","7":"product_cat-especificos-para-lavanderia","8":"product_cat-productos-de-limpieza","10":"first","11":"instock","12":"product-type-simple"},"_links":{"self":[{"href":"https:\/\/dibosch.com\/es\/wp-json\/wp\/v2\/product\/12668","targetHints":{"allow":["GET"]}}],"collection":[{"href":"https:\/\/dibosch.com\/es\/wp-json\/wp\/v2\/product"}],"about":[{"href":"https:\/\/dibosch.com\/es\/wp-json\/wp\/v2\/types\/product"}],"replies":[{"embeddable":true,"href":"https:\/\/dibosch.com\/es\/wp-json\/wp\/v2\/comments?post=12668"}],"wp:featuredmedia":[{"embeddable":true,"href":"https:\/\/dibosch.com\/es\/wp-json\/wp\/v2\/media\/21048"}],"wp:attachment":[{"href":"https:\/\/dibosch.com\/es\/wp-json\/wp\/v2\/media?parent=12668"}],"wp:term":[{"taxonomy":"product_brand","embeddable":true,"href":"https:\/\/dibosch.com\/es\/wp-json\/wp\/v2\/product_brand?post=12668"},{"taxonomy":"product_cat","embeddable":true,"href":"https:\/\/dibosch.com\/es\/wp-json\/wp\/v2\/product_cat?post=12668"},{"taxonomy":"product_tag","embeddable":true,"href":"https:\/\/dibosch.com\/es\/wp-json\/wp\/v2\/product_tag?post=12668"},{"taxonomy":"marcas","embeddable":true,"href":"https:\/\/dibosch.com\/es\/wp-json\/wp\/v2\/marcas?post=12668"},{"taxonomy":"certificats","embeddable":true,"href":"https:\/\/dibosch.com\/es\/wp-json\/wp\/v2\/certificats?post=12668"},{"taxonomy":"caracteristiques","embeddable":true,"href":"https:\/\/dibosch.com\/es\/wp-json\/wp\/v2\/caracteristiques?post=12668"},{"taxonomy":"tipus-productes","embeddable":true,"href":"https:\/\/dibosch.com\/es\/wp-json\/wp\/v2\/tipus-productes?post=12668"},{"taxonomy":"zona-aplicacio","embeddable":true,"href":"https:\/\/dibosch.com\/es\/wp-json\/wp\/v2\/zona-aplicacio?post=12668"},{"taxonomy":"tipus-maquinaria","embeddable":true,"href":"https:\/\/dibosch.com\/es\/wp-json\/wp\/v2\/tipus-maquinaria?post=12668"}],"curies":[{"name":"wp","href":"https:\/\/api.w.org\/{rel}","templated":true}]}}