{"id":12705,"date":"2022-12-07T10:46:52","date_gmt":"2022-12-07T10:46:52","guid":{"rendered":"https:\/\/www.dibosch.com\/producto\/m-disy-electro\/"},"modified":"2024-03-26T16:07:06","modified_gmt":"2024-03-26T16:07:06","slug":"m-disy-electro","status":"publish","type":"product","link":"https:\/\/dibosch.com\/es\/producto\/m-disy-electro\/","title":{"rendered":"M- DISY ELECTRO &#8211; QLEEN"},"content":{"rendered":"<p>El equipo DISY Electrico de QLEEN es una estaci\u00f3n para la producci\u00f3n de agua pura profesional.<br \/>\nSe caracteriza porque puede funcionar o no con corriente el\u00e9ctrica.<br \/>\nCuando se conecta a una toma de corriente el sistema proporciona una presi\u00f3n adicional gracias a la peque\u00f1a bomba interior.<br \/>\nPero no s\u00f3lo eso, es capaz de tomar agua de un dep\u00f3sito o de un pozo o estanque.<br \/>\nAdem\u00e1s viene equipado con mando a distancia y preparado para utilizar un cepillo rotaqleen.<\/p>\n","protected":false},"excerpt":{"rendered":"<p>El equipo DISY Electrico de QLEEN es una estaci\u00f3n para la producci\u00f3n de agua pura profesional. Se caracteriza porque puede funcionar o no con corriente el\u00e9ctrica. Cuando se conecta a una toma de corriente el sistema proporciona una presi\u00f3n adicional gracias a la peque\u00f1a bomba interior. Pero no s\u00f3lo eso, es capaz de tomar agua [&hellip;]<\/p>\n","protected":false},"featured_media":25143,"comment_status":"closed","ping_status":"closed","template":"","meta":[],"product_brand":[],"product_cat":[577,789],"product_tag":[],"marcas":[],"certificats":[],"caracteristiques":[],"tipus-productes":[],"zona-aplicacio":[],"tipus-maquinaria":[],"class_list":{"0":"post-12705","1":"product","2":"type-product","3":"status-publish","4":"has-post-thumbnail","6":"product_cat-maquinas","7":"product_cat-maquinas-limpieza-cristales","9":"first","10":"instock","11":"product-type-simple"},"_links":{"self":[{"href":"https:\/\/dibosch.com\/es\/wp-json\/wp\/v2\/product\/12705","targetHints":{"allow":["GET"]}}],"collection":[{"href":"https:\/\/dibosch.com\/es\/wp-json\/wp\/v2\/product"}],"about":[{"href":"https:\/\/dibosch.com\/es\/wp-json\/wp\/v2\/types\/product"}],"replies":[{"embeddable":true,"href":"https:\/\/dibosch.com\/es\/wp-json\/wp\/v2\/comments?post=12705"}],"wp:featuredmedia":[{"embeddable":true,"href":"https:\/\/dibosch.com\/es\/wp-json\/wp\/v2\/media\/25143"}],"wp:attachment":[{"href":"https:\/\/dibosch.com\/es\/wp-json\/wp\/v2\/media?parent=12705"}],"wp:term":[{"taxonomy":"product_brand","embeddable":true,"href":"https:\/\/dibosch.com\/es\/wp-json\/wp\/v2\/product_brand?post=12705"},{"taxonomy":"product_cat","embeddable":true,"href":"https:\/\/dibosch.com\/es\/wp-json\/wp\/v2\/product_cat?post=12705"},{"taxonomy":"product_tag","embeddable":true,"href":"https:\/\/dibosch.com\/es\/wp-json\/wp\/v2\/product_tag?post=12705"},{"taxonomy":"marcas","embeddable":true,"href":"https:\/\/dibosch.com\/es\/wp-json\/wp\/v2\/marcas?post=12705"},{"taxonomy":"certificats","embeddable":true,"href":"https:\/\/dibosch.com\/es\/wp-json\/wp\/v2\/certificats?post=12705"},{"taxonomy":"caracteristiques","embeddable":true,"href":"https:\/\/dibosch.com\/es\/wp-json\/wp\/v2\/caracteristiques?post=12705"},{"taxonomy":"tipus-productes","embeddable":true,"href":"https:\/\/dibosch.com\/es\/wp-json\/wp\/v2\/tipus-productes?post=12705"},{"taxonomy":"zona-aplicacio","embeddable":true,"href":"https:\/\/dibosch.com\/es\/wp-json\/wp\/v2\/zona-aplicacio?post=12705"},{"taxonomy":"tipus-maquinaria","embeddable":true,"href":"https:\/\/dibosch.com\/es\/wp-json\/wp\/v2\/tipus-maquinaria?post=12705"}],"curies":[{"name":"wp","href":"https:\/\/api.w.org\/{rel}","templated":true}]}}