{"id":12708,"date":"2022-12-07T10:47:10","date_gmt":"2022-12-07T10:47:10","guid":{"rendered":"https:\/\/www.dibosch.com\/producto\/cubell-con-escurridor-10l-vileda\/"},"modified":"2024-03-26T16:07:06","modified_gmt":"2024-03-26T16:07:06","slug":"cubo-con-escurridor-10l-villa","status":"publish","type":"product","link":"https:\/\/dibosch.com\/es\/producto\/cubo-con-escurridor-10l-villa\/","title":{"rendered":"CUBO CON ESCURRIDOR 10L &#8211; VILEDA"},"content":{"rendered":"<p><strong>Descripci\u00f3n de producto:<\/strong><\/p>\n<p>Escurridor \u00fanico Torsion Power, con el que se necesita menos esfuerzo a la hora de escurrir el agua y los suelos se secan un 25 % m\u00e1s r\u00e1pido.<\/p>\n<p>Balde de pl\u00e1stico duro y resistente.<\/p>\n<p>Cubo resistente con mango ergon\u00f3mico de metal para un buen agarre al transportarlo y un clip para sujetar la fregona al escurridor.<\/p>\n<p>Calidad de Vileda, de gran durabilidad, capacidad de 10 litros y escurridor desmontable para poder limpiarlo a fondo.<\/p>\n<p>&nbsp;<\/p>\n<p><strong>\u00c1rea de aplicaci\u00f3n:<\/strong><\/p>\n<p>Apto para limpiar suelos delicados como parquet y laminados ya que su forma ayuda a exprimir mejor la mopa, precisa un 40% menos de esfuerzo.<\/p>\n","protected":false},"excerpt":{"rendered":"<p>Cubo de 10 litros. Con escurridor. Ergon\u00f3mico.<\/p>\n","protected":false},"featured_media":21693,"comment_status":"closed","ping_status":"closed","template":"","meta":[],"product_brand":[],"product_cat":[756,713,684],"product_tag":[],"marcas":[928],"certificats":[],"caracteristiques":[],"tipus-productes":[],"zona-aplicacio":[],"tipus-maquinaria":[],"class_list":{"0":"post-12708","1":"product","2":"type-product","3":"status-publish","4":"has-post-thumbnail","6":"product_cat-cubos","7":"product_cat-utensilios","8":"product_cat-utiles-de-limpieza","9":"marcas-vileda-es","11":"first","12":"instock","13":"product-type-simple"},"_links":{"self":[{"href":"https:\/\/dibosch.com\/es\/wp-json\/wp\/v2\/product\/12708","targetHints":{"allow":["GET"]}}],"collection":[{"href":"https:\/\/dibosch.com\/es\/wp-json\/wp\/v2\/product"}],"about":[{"href":"https:\/\/dibosch.com\/es\/wp-json\/wp\/v2\/types\/product"}],"replies":[{"embeddable":true,"href":"https:\/\/dibosch.com\/es\/wp-json\/wp\/v2\/comments?post=12708"}],"wp:featuredmedia":[{"embeddable":true,"href":"https:\/\/dibosch.com\/es\/wp-json\/wp\/v2\/media\/21693"}],"wp:attachment":[{"href":"https:\/\/dibosch.com\/es\/wp-json\/wp\/v2\/media?parent=12708"}],"wp:term":[{"taxonomy":"product_brand","embeddable":true,"href":"https:\/\/dibosch.com\/es\/wp-json\/wp\/v2\/product_brand?post=12708"},{"taxonomy":"product_cat","embeddable":true,"href":"https:\/\/dibosch.com\/es\/wp-json\/wp\/v2\/product_cat?post=12708"},{"taxonomy":"product_tag","embeddable":true,"href":"https:\/\/dibosch.com\/es\/wp-json\/wp\/v2\/product_tag?post=12708"},{"taxonomy":"marcas","embeddable":true,"href":"https:\/\/dibosch.com\/es\/wp-json\/wp\/v2\/marcas?post=12708"},{"taxonomy":"certificats","embeddable":true,"href":"https:\/\/dibosch.com\/es\/wp-json\/wp\/v2\/certificats?post=12708"},{"taxonomy":"caracteristiques","embeddable":true,"href":"https:\/\/dibosch.com\/es\/wp-json\/wp\/v2\/caracteristiques?post=12708"},{"taxonomy":"tipus-productes","embeddable":true,"href":"https:\/\/dibosch.com\/es\/wp-json\/wp\/v2\/tipus-productes?post=12708"},{"taxonomy":"zona-aplicacio","embeddable":true,"href":"https:\/\/dibosch.com\/es\/wp-json\/wp\/v2\/zona-aplicacio?post=12708"},{"taxonomy":"tipus-maquinaria","embeddable":true,"href":"https:\/\/dibosch.com\/es\/wp-json\/wp\/v2\/tipus-maquinaria?post=12708"}],"curies":[{"name":"wp","href":"https:\/\/api.w.org\/{rel}","templated":true}]}}