{"id":12714,"date":"2022-12-07T10:46:58","date_gmt":"2022-12-07T10:46:58","guid":{"rendered":"https:\/\/www.dibosch.com\/producto\/deskal-foam-1000\/"},"modified":"2024-03-26T16:07:08","modified_gmt":"2024-03-26T16:07:08","slug":"deskal-foam-1000","status":"publish","type":"product","link":"https:\/\/dibosch.com\/es\/producto\/deskal-foam-1000\/","title":{"rendered":"DESKAL FOAM 1000 &#8211; SUCITESA"},"content":{"rendered":"<p>Limpia, abrillanta y protege la superficie.<br \/>\nElimina incrustaciones de cal y \u00f3xido.<br \/>\nM\u00e1xima eficacia sin salpicaduras ni vapores.<br \/>\nAplicaci\u00f3n en forma de espuma. Acci\u00f3n r\u00e1pida.<br \/>\nRestaura el aspecto original de la superficie.<\/p>\n","protected":false},"excerpt":{"rendered":"<p>Limpiador antical.<\/p>\n","protected":false},"featured_media":9698,"comment_status":"closed","ping_status":"closed","template":"","meta":[],"product_brand":[],"product_cat":[1276,689,734,694],"product_tag":[],"marcas":[922],"certificats":[],"caracteristiques":[],"tipus-productes":[],"zona-aplicacio":[945],"tipus-maquinaria":[],"class_list":{"0":"post-12714","1":"product","2":"type-product","3":"status-publish","4":"has-post-thumbnail","6":"product_cat-productos-antical-profesionales","7":"product_cat-productos-de-limpieza","8":"product_cat-desincrustantes-y-antical","9":"product_cat-quimicos","10":"marcas-sucitesa-es","11":"zona-aplicacio-zona-bano","13":"first","14":"instock","15":"product-type-simple"},"_links":{"self":[{"href":"https:\/\/dibosch.com\/es\/wp-json\/wp\/v2\/product\/12714","targetHints":{"allow":["GET"]}}],"collection":[{"href":"https:\/\/dibosch.com\/es\/wp-json\/wp\/v2\/product"}],"about":[{"href":"https:\/\/dibosch.com\/es\/wp-json\/wp\/v2\/types\/product"}],"replies":[{"embeddable":true,"href":"https:\/\/dibosch.com\/es\/wp-json\/wp\/v2\/comments?post=12714"}],"wp:featuredmedia":[{"embeddable":true,"href":"https:\/\/dibosch.com\/es\/wp-json\/wp\/v2\/media\/9698"}],"wp:attachment":[{"href":"https:\/\/dibosch.com\/es\/wp-json\/wp\/v2\/media?parent=12714"}],"wp:term":[{"taxonomy":"product_brand","embeddable":true,"href":"https:\/\/dibosch.com\/es\/wp-json\/wp\/v2\/product_brand?post=12714"},{"taxonomy":"product_cat","embeddable":true,"href":"https:\/\/dibosch.com\/es\/wp-json\/wp\/v2\/product_cat?post=12714"},{"taxonomy":"product_tag","embeddable":true,"href":"https:\/\/dibosch.com\/es\/wp-json\/wp\/v2\/product_tag?post=12714"},{"taxonomy":"marcas","embeddable":true,"href":"https:\/\/dibosch.com\/es\/wp-json\/wp\/v2\/marcas?post=12714"},{"taxonomy":"certificats","embeddable":true,"href":"https:\/\/dibosch.com\/es\/wp-json\/wp\/v2\/certificats?post=12714"},{"taxonomy":"caracteristiques","embeddable":true,"href":"https:\/\/dibosch.com\/es\/wp-json\/wp\/v2\/caracteristiques?post=12714"},{"taxonomy":"tipus-productes","embeddable":true,"href":"https:\/\/dibosch.com\/es\/wp-json\/wp\/v2\/tipus-productes?post=12714"},{"taxonomy":"zona-aplicacio","embeddable":true,"href":"https:\/\/dibosch.com\/es\/wp-json\/wp\/v2\/zona-aplicacio?post=12714"},{"taxonomy":"tipus-maquinaria","embeddable":true,"href":"https:\/\/dibosch.com\/es\/wp-json\/wp\/v2\/tipus-maquinaria?post=12714"}],"curies":[{"name":"wp","href":"https:\/\/api.w.org\/{rel}","templated":true}]}}