{"id":12724,"date":"2022-12-07T10:46:58","date_gmt":"2022-12-07T10:46:58","guid":{"rendered":"https:\/\/www.dibosch.com\/producto\/fd-di-britestar-vc12-900lts\/"},"modified":"2024-03-26T16:07:11","modified_gmt":"2024-03-26T16:07:11","slug":"fd-di-britestar-vc12-900lts","status":"publish","type":"product","link":"https:\/\/dibosch.com\/es\/producto\/fd-di-britestar-vc12-900lts\/","title":{"rendered":"FD-DI BRITESTAR VC12 (900lts) &#8211; DIVERSEY"},"content":{"rendered":"<p><strong>Caracter\u00edsticas del producto:<\/strong><\/p>\n<p>Detergente antiespumante de causticidad media con bajo punto de congelaci\u00f3n<\/p>\n<p>Britestar es un detergente antiespumante l\u00edquido con bajo punto de congelaci\u00f3n para aplicaciones CIP, lavado de botellas y lavados por spray.<\/p>\n<p>Proporciona una eficiente detergencia, inhibici\u00f3n de la incrustaci\u00f3n y control de la espuma en lavado de botellas<\/p>\n<p>&nbsp;<\/p>\n<p><strong>Manual de uso:<\/strong><\/p>\n<p>Britestar se usa normalmente a 1-3% p\/p (0,75-2,3% v\/v) de causticidad y temperaturas entre 55-80\u00b0C, dependiendo de la aplicaci\u00f3n y tipo de suciedad.<\/p>\n<p>Todos los detergentes y desinfectantes deben aclararse abundantemente tras su uso para eliminarlos de las superficies en contacto con alimentos y bebidas.<\/p>\n","protected":false},"excerpt":{"rendered":"<p>Caracter\u00edsticas del producto: Detergente antiespumante de causticidad media con bajo punto de congelaci\u00f3n Britestar es un detergente antiespumante l\u00edquido con bajo punto de congelaci\u00f3n para aplicaciones CIP, lavado de botellas y lavados por spray. Proporciona una eficiente detergencia, inhibici\u00f3n de la incrustaci\u00f3n y control de la espuma en lavado de botellas &nbsp; Manual de uso: [&hellip;]<\/p>\n","protected":false},"featured_media":21230,"comment_status":"closed","ping_status":"closed","template":"","meta":[],"product_brand":[],"product_cat":[773,715,689],"product_tag":[],"marcas":[],"certificats":[],"caracteristiques":[],"tipus-productes":[],"zona-aplicacio":[],"tipus-maquinaria":[],"class_list":{"0":"post-12724","1":"product","2":"type-product","3":"status-publish","4":"has-post-thumbnail","6":"product_cat-alcalinos-no-espumante-cip","7":"product_cat-especificos-para-industria-alimentaria","8":"product_cat-productos-de-limpieza","10":"first","11":"instock","12":"product-type-simple"},"_links":{"self":[{"href":"https:\/\/dibosch.com\/es\/wp-json\/wp\/v2\/product\/12724","targetHints":{"allow":["GET"]}}],"collection":[{"href":"https:\/\/dibosch.com\/es\/wp-json\/wp\/v2\/product"}],"about":[{"href":"https:\/\/dibosch.com\/es\/wp-json\/wp\/v2\/types\/product"}],"replies":[{"embeddable":true,"href":"https:\/\/dibosch.com\/es\/wp-json\/wp\/v2\/comments?post=12724"}],"wp:featuredmedia":[{"embeddable":true,"href":"https:\/\/dibosch.com\/es\/wp-json\/wp\/v2\/media\/21230"}],"wp:attachment":[{"href":"https:\/\/dibosch.com\/es\/wp-json\/wp\/v2\/media?parent=12724"}],"wp:term":[{"taxonomy":"product_brand","embeddable":true,"href":"https:\/\/dibosch.com\/es\/wp-json\/wp\/v2\/product_brand?post=12724"},{"taxonomy":"product_cat","embeddable":true,"href":"https:\/\/dibosch.com\/es\/wp-json\/wp\/v2\/product_cat?post=12724"},{"taxonomy":"product_tag","embeddable":true,"href":"https:\/\/dibosch.com\/es\/wp-json\/wp\/v2\/product_tag?post=12724"},{"taxonomy":"marcas","embeddable":true,"href":"https:\/\/dibosch.com\/es\/wp-json\/wp\/v2\/marcas?post=12724"},{"taxonomy":"certificats","embeddable":true,"href":"https:\/\/dibosch.com\/es\/wp-json\/wp\/v2\/certificats?post=12724"},{"taxonomy":"caracteristiques","embeddable":true,"href":"https:\/\/dibosch.com\/es\/wp-json\/wp\/v2\/caracteristiques?post=12724"},{"taxonomy":"tipus-productes","embeddable":true,"href":"https:\/\/dibosch.com\/es\/wp-json\/wp\/v2\/tipus-productes?post=12724"},{"taxonomy":"zona-aplicacio","embeddable":true,"href":"https:\/\/dibosch.com\/es\/wp-json\/wp\/v2\/zona-aplicacio?post=12724"},{"taxonomy":"tipus-maquinaria","embeddable":true,"href":"https:\/\/dibosch.com\/es\/wp-json\/wp\/v2\/tipus-maquinaria?post=12724"}],"curies":[{"name":"wp","href":"https:\/\/api.w.org\/{rel}","templated":true}]}}