{"id":12746,"date":"2022-12-07T10:47:19","date_gmt":"2022-12-07T10:47:19","guid":{"rendered":"https:\/\/www.dibosch.com\/producto\/suciwax-bridge-bp5\/"},"modified":"2024-03-26T16:07:16","modified_gmt":"2024-03-26T16:07:16","slug":"suciwax-bridge-bp5","status":"publish","type":"product","link":"https:\/\/dibosch.com\/es\/producto\/suciwax-bridge-bp5\/","title":{"rendered":"SUCIWAX BRIDGE BP5 &#8211; SUCITESA"},"content":{"rendered":"<p>Abrillantador. Su f\u00f3rmula le hace ideal para conseguir m\u00e1ximos niveles de brillo en suelos que requieran eliminar los riesgos de descargas el\u00e9ctricas (salas de ordenadores, suelos t\u00e9cnicos, instalaciones el\u00e9ctricas).<br \/>\nEficaz desde la primera capa.<br \/>\nCuida y protege el pavimento, proporcionando un brillo intenso y duradero.<br \/>\nFacilita la limpieza y el mantenimiento. No resbala ni marca pisadas. Resistente al tr\u00e1fico y al fregado.<br \/>\nSe recomienda la limpieza diaria con Suciwax Unix. .<\/p>\n","protected":false},"excerpt":{"rendered":"<p>Emulsi\u00f3n brillo. Antiest\u00e1tico.<\/p>\n","protected":false},"featured_media":9659,"comment_status":"closed","ping_status":"closed","template":"","meta":[],"product_brand":[],"product_cat":[695,689,1280,694],"product_tag":[],"marcas":[922],"certificats":[],"caracteristiques":[],"tipus-productes":[],"zona-aplicacio":[946],"tipus-maquinaria":[],"class_list":{"0":"post-12746","1":"product","2":"type-product","3":"status-publish","4":"has-post-thumbnail","6":"product_cat-aplicaciones-especificas","7":"product_cat-productos-de-limpieza","8":"product_cat-productos-para-dar-brillo-al-suelo","9":"product_cat-quimicos","10":"marcas-sucitesa-es","11":"zona-aplicacio-zonas-comunes","13":"first","14":"instock","15":"product-type-simple"},"_links":{"self":[{"href":"https:\/\/dibosch.com\/es\/wp-json\/wp\/v2\/product\/12746","targetHints":{"allow":["GET"]}}],"collection":[{"href":"https:\/\/dibosch.com\/es\/wp-json\/wp\/v2\/product"}],"about":[{"href":"https:\/\/dibosch.com\/es\/wp-json\/wp\/v2\/types\/product"}],"replies":[{"embeddable":true,"href":"https:\/\/dibosch.com\/es\/wp-json\/wp\/v2\/comments?post=12746"}],"wp:featuredmedia":[{"embeddable":true,"href":"https:\/\/dibosch.com\/es\/wp-json\/wp\/v2\/media\/9659"}],"wp:attachment":[{"href":"https:\/\/dibosch.com\/es\/wp-json\/wp\/v2\/media?parent=12746"}],"wp:term":[{"taxonomy":"product_brand","embeddable":true,"href":"https:\/\/dibosch.com\/es\/wp-json\/wp\/v2\/product_brand?post=12746"},{"taxonomy":"product_cat","embeddable":true,"href":"https:\/\/dibosch.com\/es\/wp-json\/wp\/v2\/product_cat?post=12746"},{"taxonomy":"product_tag","embeddable":true,"href":"https:\/\/dibosch.com\/es\/wp-json\/wp\/v2\/product_tag?post=12746"},{"taxonomy":"marcas","embeddable":true,"href":"https:\/\/dibosch.com\/es\/wp-json\/wp\/v2\/marcas?post=12746"},{"taxonomy":"certificats","embeddable":true,"href":"https:\/\/dibosch.com\/es\/wp-json\/wp\/v2\/certificats?post=12746"},{"taxonomy":"caracteristiques","embeddable":true,"href":"https:\/\/dibosch.com\/es\/wp-json\/wp\/v2\/caracteristiques?post=12746"},{"taxonomy":"tipus-productes","embeddable":true,"href":"https:\/\/dibosch.com\/es\/wp-json\/wp\/v2\/tipus-productes?post=12746"},{"taxonomy":"zona-aplicacio","embeddable":true,"href":"https:\/\/dibosch.com\/es\/wp-json\/wp\/v2\/zona-aplicacio?post=12746"},{"taxonomy":"tipus-maquinaria","embeddable":true,"href":"https:\/\/dibosch.com\/es\/wp-json\/wp\/v2\/tipus-maquinaria?post=12746"}],"curies":[{"name":"wp","href":"https:\/\/api.w.org\/{rel}","templated":true}]}}