{"id":12760,"date":"2022-12-07T10:48:08","date_gmt":"2022-12-07T10:48:08","guid":{"rendered":"https:\/\/www.dibosch.com\/producto\/m-suciwax-cs-bp5\/"},"modified":"2024-03-26T16:07:18","modified_gmt":"2024-03-26T16:07:18","slug":"m-suciwax-cs-bp5","status":"publish","type":"product","link":"https:\/\/dibosch.com\/es\/producto\/m-suciwax-cs-bp5\/","title":{"rendered":"SUCIWAX CS BP5 &#8211; SUCITESA"},"content":{"rendered":"<p><strong>Caracter\u00edsticas del producto:<\/strong><\/p>\n<p>Prepara el suelo para un perfecto cristalizado. Proporciona un brillo intenso. Mayor dureza, protecci\u00f3n y resistencia al desgaste. Resalta las tonalidades del suelo.<\/p>\n<p>&nbsp;<\/p>\n<p><strong>Modo de empleo:<\/strong><\/p>\n<p>USO CON M\u00c1QUINA. Aplic\u00e1is 25-30 gr\/m\u00b2 de producto sobre la superficie. Extender con la rotativa provista de un PAD de lana de acero. Trabaj\u00e1is hasta que el producto se absorba por completo y aparezca el brillo deseado. No es aconsejable tratar de una sola vez extensiones superiores a 2-3 m\u00b2.<\/p>\n<p>&nbsp;<\/p>\n<p><strong>Indicado para:<\/strong><\/p>\n<p>Pavimentos. Marbre y terrazo.<\/p>\n","protected":false},"excerpt":{"rendered":"<p>Caracter\u00edsticas del producto: Prepara el suelo para un perfecto cristalizado. Proporciona un brillo intenso. Mayor dureza, protecci\u00f3n y resistencia al desgaste. Resalta las tonalidades del suelo. &nbsp; Modo de empleo: USO CON M\u00c1QUINA. Aplic\u00e1is 25-30 gr\/m\u00b2 de producto sobre la superficie. Extender con la rotativa provista de un PAD de lana de acero. Trabaj\u00e1is hasta [&hellip;]<\/p>\n","protected":false},"featured_media":10596,"comment_status":"closed","ping_status":"closed","template":"","meta":[],"product_brand":[],"product_cat":[780,689,1280,765],"product_tag":[],"marcas":[922],"certificats":[],"caracteristiques":[],"tipus-productes":[],"zona-aplicacio":[],"tipus-maquinaria":[],"class_list":{"0":"post-12760","1":"product","2":"type-product","3":"status-publish","4":"has-post-thumbnail","6":"product_cat-decapantes-y-cristalizadores","7":"product_cat-productos-de-limpieza","8":"product_cat-productos-para-dar-brillo-al-suelo","9":"product_cat-quimicos-maquinaria","10":"marcas-sucitesa-es","12":"first","13":"instock","14":"product-type-simple"},"_links":{"self":[{"href":"https:\/\/dibosch.com\/es\/wp-json\/wp\/v2\/product\/12760","targetHints":{"allow":["GET"]}}],"collection":[{"href":"https:\/\/dibosch.com\/es\/wp-json\/wp\/v2\/product"}],"about":[{"href":"https:\/\/dibosch.com\/es\/wp-json\/wp\/v2\/types\/product"}],"replies":[{"embeddable":true,"href":"https:\/\/dibosch.com\/es\/wp-json\/wp\/v2\/comments?post=12760"}],"wp:featuredmedia":[{"embeddable":true,"href":"https:\/\/dibosch.com\/es\/wp-json\/wp\/v2\/media\/10596"}],"wp:attachment":[{"href":"https:\/\/dibosch.com\/es\/wp-json\/wp\/v2\/media?parent=12760"}],"wp:term":[{"taxonomy":"product_brand","embeddable":true,"href":"https:\/\/dibosch.com\/es\/wp-json\/wp\/v2\/product_brand?post=12760"},{"taxonomy":"product_cat","embeddable":true,"href":"https:\/\/dibosch.com\/es\/wp-json\/wp\/v2\/product_cat?post=12760"},{"taxonomy":"product_tag","embeddable":true,"href":"https:\/\/dibosch.com\/es\/wp-json\/wp\/v2\/product_tag?post=12760"},{"taxonomy":"marcas","embeddable":true,"href":"https:\/\/dibosch.com\/es\/wp-json\/wp\/v2\/marcas?post=12760"},{"taxonomy":"certificats","embeddable":true,"href":"https:\/\/dibosch.com\/es\/wp-json\/wp\/v2\/certificats?post=12760"},{"taxonomy":"caracteristiques","embeddable":true,"href":"https:\/\/dibosch.com\/es\/wp-json\/wp\/v2\/caracteristiques?post=12760"},{"taxonomy":"tipus-productes","embeddable":true,"href":"https:\/\/dibosch.com\/es\/wp-json\/wp\/v2\/tipus-productes?post=12760"},{"taxonomy":"zona-aplicacio","embeddable":true,"href":"https:\/\/dibosch.com\/es\/wp-json\/wp\/v2\/zona-aplicacio?post=12760"},{"taxonomy":"tipus-maquinaria","embeddable":true,"href":"https:\/\/dibosch.com\/es\/wp-json\/wp\/v2\/tipus-maquinaria?post=12760"}],"curies":[{"name":"wp","href":"https:\/\/api.w.org\/{rel}","templated":true}]}}