{"id":12763,"date":"2022-12-07T10:47:52","date_gmt":"2022-12-07T10:47:52","guid":{"rendered":"https:\/\/www.dibosch.com\/producto\/fd-deogen-950-lts\/"},"modified":"2024-03-26T16:07:19","modified_gmt":"2024-03-26T16:07:19","slug":"fd-deogeno-950-lts","status":"publish","type":"product","link":"https:\/\/dibosch.com\/es\/producto\/fd-deogeno-950-lts\/","title":{"rendered":"FD &#8211; DEOGEN (950 lts) &#8211; DIVERSEY"},"content":{"rendered":"<p><strong>Caracter\u00edsticas del producto:<\/strong><\/p>\n<p>Deogen es un detergente desinfectante clorado de baja espuma para aplicaciones CIP y por proyecci\u00f3n en las industrias de alimentos, bebidas, vin\u00edcola y l\u00e1cteas.<\/p>\n<p>Deogen contiene una mezcla de agentes alcalinos c\u00e1usticos, hipoclorito s\u00f3dico y secuestrantes org\u00e1nicos subestequiom\u00e9tricos. Esta combinaci\u00f3n de ingredientes proporciona unas excelentes propiedades en la eliminaci\u00f3n de suciedades y manchas para aplicar en condiciones de aguas blandas y de dureza media. Tambi\u00e9n proporciona una acci\u00f3n altamente desinfectante contra todo tipo de microorganismos incluyendo bacterias, levaduras, hongos, esporas y virus<\/p>\n<p>&nbsp;<\/p>\n<p><strong>Manual de uso:<\/strong><\/p>\n<p>Usar Deogen a concentraciones entre 0,5-4% p\/p (0,4-3,5% v\/v) dependiendo del tipo y grado de suciedad y problem\u00e1tica. Enjuagar abundantemente despu\u00e9s de su uso. Para m\u00e1s detalles consultar el Plan de Higiene<\/p>\n","protected":false},"excerpt":{"rendered":"<p>Detergente desinfectante clorado por aguas blandas<\/p>\n","protected":false},"featured_media":21230,"comment_status":"closed","ping_status":"closed","template":"","meta":[],"product_brand":[],"product_cat":[803,715,689],"product_tag":[],"marcas":[],"certificats":[933,934,932],"caracteristiques":[],"tipus-productes":[],"zona-aplicacio":[],"tipus-maquinaria":[],"class_list":{"0":"post-12763","1":"product","2":"type-product","3":"status-publish","4":"has-post-thumbnail","6":"product_cat-alcalinos-desinfectantes-no-espumante-cip","7":"product_cat-especificos-para-industria-alimentaria","8":"product_cat-productos-de-limpieza","9":"certificats-bactericida-es","10":"certificats-fungicida-es","11":"certificats-ha-es","13":"first","14":"instock","15":"product-type-simple"},"_links":{"self":[{"href":"https:\/\/dibosch.com\/es\/wp-json\/wp\/v2\/product\/12763","targetHints":{"allow":["GET"]}}],"collection":[{"href":"https:\/\/dibosch.com\/es\/wp-json\/wp\/v2\/product"}],"about":[{"href":"https:\/\/dibosch.com\/es\/wp-json\/wp\/v2\/types\/product"}],"replies":[{"embeddable":true,"href":"https:\/\/dibosch.com\/es\/wp-json\/wp\/v2\/comments?post=12763"}],"wp:featuredmedia":[{"embeddable":true,"href":"https:\/\/dibosch.com\/es\/wp-json\/wp\/v2\/media\/21230"}],"wp:attachment":[{"href":"https:\/\/dibosch.com\/es\/wp-json\/wp\/v2\/media?parent=12763"}],"wp:term":[{"taxonomy":"product_brand","embeddable":true,"href":"https:\/\/dibosch.com\/es\/wp-json\/wp\/v2\/product_brand?post=12763"},{"taxonomy":"product_cat","embeddable":true,"href":"https:\/\/dibosch.com\/es\/wp-json\/wp\/v2\/product_cat?post=12763"},{"taxonomy":"product_tag","embeddable":true,"href":"https:\/\/dibosch.com\/es\/wp-json\/wp\/v2\/product_tag?post=12763"},{"taxonomy":"marcas","embeddable":true,"href":"https:\/\/dibosch.com\/es\/wp-json\/wp\/v2\/marcas?post=12763"},{"taxonomy":"certificats","embeddable":true,"href":"https:\/\/dibosch.com\/es\/wp-json\/wp\/v2\/certificats?post=12763"},{"taxonomy":"caracteristiques","embeddable":true,"href":"https:\/\/dibosch.com\/es\/wp-json\/wp\/v2\/caracteristiques?post=12763"},{"taxonomy":"tipus-productes","embeddable":true,"href":"https:\/\/dibosch.com\/es\/wp-json\/wp\/v2\/tipus-productes?post=12763"},{"taxonomy":"zona-aplicacio","embeddable":true,"href":"https:\/\/dibosch.com\/es\/wp-json\/wp\/v2\/zona-aplicacio?post=12763"},{"taxonomy":"tipus-maquinaria","embeddable":true,"href":"https:\/\/dibosch.com\/es\/wp-json\/wp\/v2\/tipus-maquinaria?post=12763"}],"curies":[{"name":"wp","href":"https:\/\/api.w.org\/{rel}","templated":true}]}}