{"id":12766,"date":"2022-12-07T10:47:36","date_gmt":"2022-12-07T10:47:36","guid":{"rendered":"https:\/\/www.dibosch.com\/producto\/m-kroma-17-hd-25-hp-220v-basic-s-acc\/"},"modified":"2024-11-14T11:17:47","modified_gmt":"2024-11-14T11:17:47","slug":"m-kroma-17-hd-25hp-220v-basic-s-acc","status":"publish","type":"product","link":"https:\/\/dibosch.com\/es\/producto\/m-kroma-17-hd-25hp-220v-basic-s-acc\/","title":{"rendered":"M-KROMA 17&#8243; HD 2,5 HP 220V BASIC S\/ACC. &#8211; KLINDEX"},"content":{"rendered":"<p>Kroma ha sido dise\u00f1ado para aplicaciones de servicio pesado. Con un innovador motor de 4 HP, es la m\u00e1quina de limpieza monorotativa m\u00e1s potente del mundo.<\/p>\n<p>Tambi\u00e9n est\u00e1 disponible con motor 2,5 \u2013 Con su motor 4HP \u2013 4 HP. Gracias a su gran gama de accesorios disponibles puede solucionar cualquier problema de la forma m\u00e1s econ\u00f3mica.<\/p>\n","protected":false},"excerpt":{"rendered":"<p>Kroma ha sido dise\u00f1ado para aplicaciones de servicio pesado. Con un innovador motor de 4 HP, es la m\u00e1quina de limpieza monorotativa m\u00e1s potente del mundo. Tambi\u00e9n est\u00e1 disponible con motor 2,5 \u2013 Con su motor 4HP \u2013 4 HP. Gracias a su gran gama de accesorios disponibles puede solucionar cualquier problema de la forma [&hellip;]<\/p>\n","protected":false},"featured_media":24841,"comment_status":"closed","ping_status":"closed","template":"","meta":[],"product_brand":[],"product_cat":[577,778],"product_tag":[],"marcas":[927],"certificats":[],"caracteristiques":[],"tipus-productes":[],"zona-aplicacio":[],"tipus-maquinaria":[],"class_list":{"0":"post-12766","1":"product","2":"type-product","3":"status-publish","4":"has-post-thumbnail","6":"product_cat-maquinas","7":"product_cat-rotativas","8":"marcas-klindex-es","10":"first","11":"instock","12":"product-type-simple"},"_links":{"self":[{"href":"https:\/\/dibosch.com\/es\/wp-json\/wp\/v2\/product\/12766","targetHints":{"allow":["GET"]}}],"collection":[{"href":"https:\/\/dibosch.com\/es\/wp-json\/wp\/v2\/product"}],"about":[{"href":"https:\/\/dibosch.com\/es\/wp-json\/wp\/v2\/types\/product"}],"replies":[{"embeddable":true,"href":"https:\/\/dibosch.com\/es\/wp-json\/wp\/v2\/comments?post=12766"}],"wp:featuredmedia":[{"embeddable":true,"href":"https:\/\/dibosch.com\/es\/wp-json\/wp\/v2\/media\/24841"}],"wp:attachment":[{"href":"https:\/\/dibosch.com\/es\/wp-json\/wp\/v2\/media?parent=12766"}],"wp:term":[{"taxonomy":"product_brand","embeddable":true,"href":"https:\/\/dibosch.com\/es\/wp-json\/wp\/v2\/product_brand?post=12766"},{"taxonomy":"product_cat","embeddable":true,"href":"https:\/\/dibosch.com\/es\/wp-json\/wp\/v2\/product_cat?post=12766"},{"taxonomy":"product_tag","embeddable":true,"href":"https:\/\/dibosch.com\/es\/wp-json\/wp\/v2\/product_tag?post=12766"},{"taxonomy":"marcas","embeddable":true,"href":"https:\/\/dibosch.com\/es\/wp-json\/wp\/v2\/marcas?post=12766"},{"taxonomy":"certificats","embeddable":true,"href":"https:\/\/dibosch.com\/es\/wp-json\/wp\/v2\/certificats?post=12766"},{"taxonomy":"caracteristiques","embeddable":true,"href":"https:\/\/dibosch.com\/es\/wp-json\/wp\/v2\/caracteristiques?post=12766"},{"taxonomy":"tipus-productes","embeddable":true,"href":"https:\/\/dibosch.com\/es\/wp-json\/wp\/v2\/tipus-productes?post=12766"},{"taxonomy":"zona-aplicacio","embeddable":true,"href":"https:\/\/dibosch.com\/es\/wp-json\/wp\/v2\/zona-aplicacio?post=12766"},{"taxonomy":"tipus-maquinaria","embeddable":true,"href":"https:\/\/dibosch.com\/es\/wp-json\/wp\/v2\/tipus-maquinaria?post=12766"}],"curies":[{"name":"wp","href":"https:\/\/api.w.org\/{rel}","templated":true}]}}