{"id":12768,"date":"2022-12-07T10:48:18","date_gmt":"2022-12-07T10:48:18","guid":{"rendered":"https:\/\/www.dibosch.com\/producto\/toa-man-non-stop-m2-61617-x4000-20-3x24\/"},"modified":"2024-03-26T16:07:20","modified_gmt":"2024-03-26T16:07:20","slug":"toa-man-non-stop-m2-61617-x4000-20-3x24","status":"publish","type":"product","link":"https:\/\/dibosch.com\/es\/producto\/toa-man-non-stop-m2-61617-x4000-20-3x24\/","title":{"rendered":"TOA MAN NON STOP M2 -61617- (x4000) 20.3&#215;24 &#8211; KATRIN"},"content":{"rendered":"<ul>\n<li>Toallitas seca-manos de papel suaves y de alta calidad, con gran resistencia al desgarro y absorbencia para un secado de manos higi\u00e9nico, eficaz y suave a un tiempo.<\/li>\n<li>Toallitas seca-manos de 2 capas multipliegue en color blanco con plegado en Z (3 caras) y formato de hoja estrecho (20,3 cm).<\/li>\n<li>Recomendadas para todos los aseos con afluencia baja y alta y usuarios exigentes.<\/li>\n<li>El formato inteligente y compacto Handy Pack con asa de transporte integrada permite transportar c\u00f3modamente miles de toallitas con una sola mano. Se abre f\u00e1cilmente gracias a su perforaci\u00f3n integrada y proporciona una protecci\u00f3n \u00f3ptima contra la humedad.<\/li>\n<li>Su l\u00e1mina de embalaje es 100 % reciclable y contiene al menos un 30 % de contenido reciclado (= \u00abGREEN PACK\u00bb).<\/li>\n<\/ul>\n","protected":false},"excerpt":{"rendered":"<p>Toalla Secamans Non Stop M2 Handy Pack<\/p>\n","protected":false},"featured_media":21425,"comment_status":"closed","ping_status":"closed","template":"","meta":[],"product_brand":[],"product_cat":[737,743],"product_tag":[],"marcas":[],"certificats":[936,937],"caracteristiques":[940],"tipus-productes":[],"zona-aplicacio":[945],"tipus-maquinaria":[],"class_list":{"0":"post-12768","1":"product","2":"type-product","3":"status-publish","4":"has-post-thumbnail","6":"product_cat-celulosa","7":"product_cat-toallitas","8":"certificats-eu-ecolabel-es","9":"certificats-nordic-ecolabel-es","10":"caracteristiques-ecologicos-es","11":"zona-aplicacio-zona-bano","13":"first","14":"instock","15":"product-type-simple"},"_links":{"self":[{"href":"https:\/\/dibosch.com\/es\/wp-json\/wp\/v2\/product\/12768","targetHints":{"allow":["GET"]}}],"collection":[{"href":"https:\/\/dibosch.com\/es\/wp-json\/wp\/v2\/product"}],"about":[{"href":"https:\/\/dibosch.com\/es\/wp-json\/wp\/v2\/types\/product"}],"replies":[{"embeddable":true,"href":"https:\/\/dibosch.com\/es\/wp-json\/wp\/v2\/comments?post=12768"}],"wp:featuredmedia":[{"embeddable":true,"href":"https:\/\/dibosch.com\/es\/wp-json\/wp\/v2\/media\/21425"}],"wp:attachment":[{"href":"https:\/\/dibosch.com\/es\/wp-json\/wp\/v2\/media?parent=12768"}],"wp:term":[{"taxonomy":"product_brand","embeddable":true,"href":"https:\/\/dibosch.com\/es\/wp-json\/wp\/v2\/product_brand?post=12768"},{"taxonomy":"product_cat","embeddable":true,"href":"https:\/\/dibosch.com\/es\/wp-json\/wp\/v2\/product_cat?post=12768"},{"taxonomy":"product_tag","embeddable":true,"href":"https:\/\/dibosch.com\/es\/wp-json\/wp\/v2\/product_tag?post=12768"},{"taxonomy":"marcas","embeddable":true,"href":"https:\/\/dibosch.com\/es\/wp-json\/wp\/v2\/marcas?post=12768"},{"taxonomy":"certificats","embeddable":true,"href":"https:\/\/dibosch.com\/es\/wp-json\/wp\/v2\/certificats?post=12768"},{"taxonomy":"caracteristiques","embeddable":true,"href":"https:\/\/dibosch.com\/es\/wp-json\/wp\/v2\/caracteristiques?post=12768"},{"taxonomy":"tipus-productes","embeddable":true,"href":"https:\/\/dibosch.com\/es\/wp-json\/wp\/v2\/tipus-productes?post=12768"},{"taxonomy":"zona-aplicacio","embeddable":true,"href":"https:\/\/dibosch.com\/es\/wp-json\/wp\/v2\/zona-aplicacio?post=12768"},{"taxonomy":"tipus-maquinaria","embeddable":true,"href":"https:\/\/dibosch.com\/es\/wp-json\/wp\/v2\/tipus-maquinaria?post=12768"}],"curies":[{"name":"wp","href":"https:\/\/api.w.org\/{rel}","templated":true}]}}