{"id":12785,"date":"2022-12-07T10:48:28","date_gmt":"2022-12-07T10:48:28","guid":{"rendered":"https:\/\/www.dibosch.com\/producto\/suamax-care-bp20\/"},"modified":"2025-09-24T10:47:04","modified_gmt":"2025-09-24T10:47:04","slug":"suamax-care-bp20","status":"publish","type":"product","link":"https:\/\/dibosch.com\/es\/producto\/suamax-care-bp20\/","title":{"rendered":"SUAMAX CARE BP20 &#8211; INDUQUIM"},"content":{"rendered":"<p><strong>Caracter\u00edsticas del producto:<\/strong><\/p>\n<p>Producto dise\u00f1ado para realizar el exclusivo proceso de lavado en su etapa final. El proceso de lavado est\u00e1 especialmente estudiado para eliminar restos org\u00e1nicos en la ropa de residencias y centros de la 3\u00ba edad. Limpia, respeta y cuida los tejidos de la ropa m\u00e1s delicada, ofreciendo una higienizaci\u00f3n y suavidad total a las prendas.<\/p>\n<p>El suavizante est\u00e1 minuciosamente estudiado para lograr una rentabilidad excepcional dentro del proceso de lavado.<\/p>\n<p>&nbsp;<\/p>\n<p><strong>Manual de uso:<\/strong><\/p>\n<p>Para un correcto proceso de lavado , se recomienda una dosificaci\u00f3n de de 4 gr por cada kg de ropa. Para obtener un \u00f3ptimo resultado en el lavado, es necesario tener en cuenta otros factores adem\u00e1s de la dosificaci\u00f3n, la m\u00e1quina utilizada, la temperatura, el tiempo y el agua son elementos fundamentales para que el proceso sea satisfactorio.<\/p>\n","protected":false},"excerpt":{"rendered":"<p>Suavizante neutralizante completo.<\/p>\n","protected":false},"featured_media":21185,"comment_status":"closed","ping_status":"closed","template":"","meta":[],"product_brand":[],"product_cat":[690,689,712],"product_tag":[],"marcas":[],"certificats":[],"caracteristiques":[],"tipus-productes":[],"zona-aplicacio":[],"tipus-maquinaria":[],"class_list":{"0":"post-12785","1":"product","2":"type-product","3":"status-publish","4":"has-post-thumbnail","6":"product_cat-especificos-para-lavanderia","7":"product_cat-productos-de-limpieza","8":"product_cat-suavizantes","10":"first","11":"instock","12":"product-type-simple"},"_links":{"self":[{"href":"https:\/\/dibosch.com\/es\/wp-json\/wp\/v2\/product\/12785","targetHints":{"allow":["GET"]}}],"collection":[{"href":"https:\/\/dibosch.com\/es\/wp-json\/wp\/v2\/product"}],"about":[{"href":"https:\/\/dibosch.com\/es\/wp-json\/wp\/v2\/types\/product"}],"replies":[{"embeddable":true,"href":"https:\/\/dibosch.com\/es\/wp-json\/wp\/v2\/comments?post=12785"}],"wp:featuredmedia":[{"embeddable":true,"href":"https:\/\/dibosch.com\/es\/wp-json\/wp\/v2\/media\/21185"}],"wp:attachment":[{"href":"https:\/\/dibosch.com\/es\/wp-json\/wp\/v2\/media?parent=12785"}],"wp:term":[{"taxonomy":"product_brand","embeddable":true,"href":"https:\/\/dibosch.com\/es\/wp-json\/wp\/v2\/product_brand?post=12785"},{"taxonomy":"product_cat","embeddable":true,"href":"https:\/\/dibosch.com\/es\/wp-json\/wp\/v2\/product_cat?post=12785"},{"taxonomy":"product_tag","embeddable":true,"href":"https:\/\/dibosch.com\/es\/wp-json\/wp\/v2\/product_tag?post=12785"},{"taxonomy":"marcas","embeddable":true,"href":"https:\/\/dibosch.com\/es\/wp-json\/wp\/v2\/marcas?post=12785"},{"taxonomy":"certificats","embeddable":true,"href":"https:\/\/dibosch.com\/es\/wp-json\/wp\/v2\/certificats?post=12785"},{"taxonomy":"caracteristiques","embeddable":true,"href":"https:\/\/dibosch.com\/es\/wp-json\/wp\/v2\/caracteristiques?post=12785"},{"taxonomy":"tipus-productes","embeddable":true,"href":"https:\/\/dibosch.com\/es\/wp-json\/wp\/v2\/tipus-productes?post=12785"},{"taxonomy":"zona-aplicacio","embeddable":true,"href":"https:\/\/dibosch.com\/es\/wp-json\/wp\/v2\/zona-aplicacio?post=12785"},{"taxonomy":"tipus-maquinaria","embeddable":true,"href":"https:\/\/dibosch.com\/es\/wp-json\/wp\/v2\/tipus-maquinaria?post=12785"}],"curies":[{"name":"wp","href":"https:\/\/api.w.org\/{rel}","templated":true}]}}