{"id":12808,"date":"2022-12-07T11:10:54","date_gmt":"2022-12-07T11:10:54","guid":{"rendered":"https:\/\/www.dibosch.com\/producto\/natursafe-shine-monodosis\/"},"modified":"2024-03-26T16:07:32","modified_gmt":"2024-03-26T16:07:32","slug":"natursafe-shine-monodosis","status":"publish","type":"product","link":"https:\/\/dibosch.com\/es\/producto\/natursafe-shine-monodosis\/","title":{"rendered":"NATURSAFE SHINE MONODOSIS &#8211; SUCITESA"},"content":{"rendered":"<p>Limpieza-ba\u00f1os Multisuperficies concentrado.<\/p>\n<p>Limpieza, abrillanta y protege las superficies con efecto ambientador aroma floral. Evita la incrustaci\u00f3n de cal.<\/p>\n<div>Producto sostenible desarrollado bajo estrictos criterios medioambientales y de seguridad con certificado ECOLABEL.<\/div>\n<div><\/div>\n<div>El producto en formato monodosis debe ser diluido con agua para su utilizaci\u00f3n.<\/div>\n<div><\/div>\n<div><strong>Modo de empleo<\/strong>: Llene la botella con agua. Vierta el contenido de la bolsa en el envase aplicador. Cierre y agitar suavemente para obtener 1 litro de producto listo para utilizar. Utilice la dosificaci\u00f3n adecuada y la temperatura m\u00ednima (15\u00baC) recomendada, para minimizar el consumo de agua y energ\u00eda, as\u00ed como reducir la contaminaci\u00f3n del agua.<\/div>\n","protected":false},"excerpt":{"rendered":"<p>Concentrado limpiaba\u00f1os. Monodosis.<\/p>\n","protected":false},"featured_media":9704,"comment_status":"closed","ping_status":"closed","template":"","meta":[],"product_brand":[],"product_cat":[689,734,694],"product_tag":[],"marcas":[922],"certificats":[936,932],"caracteristiques":[939,940],"tipus-productes":[943],"zona-aplicacio":[945],"tipus-maquinaria":[],"class_list":{"0":"post-12808","1":"product","2":"type-product","3":"status-publish","4":"has-post-thumbnail","6":"product_cat-productos-de-limpieza","7":"product_cat-desincrustantes-y-antical","8":"product_cat-quimicos","9":"marcas-sucitesa-es","10":"certificats-eu-ecolabel-es","11":"certificats-ha-es","12":"caracteristiques-concentrados-es","13":"caracteristiques-ecologicos-es","14":"tipus-productes-sistema-de-ahorro-es","15":"zona-aplicacio-zona-bano","17":"first","18":"instock","19":"product-type-simple"},"_links":{"self":[{"href":"https:\/\/dibosch.com\/es\/wp-json\/wp\/v2\/product\/12808","targetHints":{"allow":["GET"]}}],"collection":[{"href":"https:\/\/dibosch.com\/es\/wp-json\/wp\/v2\/product"}],"about":[{"href":"https:\/\/dibosch.com\/es\/wp-json\/wp\/v2\/types\/product"}],"replies":[{"embeddable":true,"href":"https:\/\/dibosch.com\/es\/wp-json\/wp\/v2\/comments?post=12808"}],"wp:featuredmedia":[{"embeddable":true,"href":"https:\/\/dibosch.com\/es\/wp-json\/wp\/v2\/media\/9704"}],"wp:attachment":[{"href":"https:\/\/dibosch.com\/es\/wp-json\/wp\/v2\/media?parent=12808"}],"wp:term":[{"taxonomy":"product_brand","embeddable":true,"href":"https:\/\/dibosch.com\/es\/wp-json\/wp\/v2\/product_brand?post=12808"},{"taxonomy":"product_cat","embeddable":true,"href":"https:\/\/dibosch.com\/es\/wp-json\/wp\/v2\/product_cat?post=12808"},{"taxonomy":"product_tag","embeddable":true,"href":"https:\/\/dibosch.com\/es\/wp-json\/wp\/v2\/product_tag?post=12808"},{"taxonomy":"marcas","embeddable":true,"href":"https:\/\/dibosch.com\/es\/wp-json\/wp\/v2\/marcas?post=12808"},{"taxonomy":"certificats","embeddable":true,"href":"https:\/\/dibosch.com\/es\/wp-json\/wp\/v2\/certificats?post=12808"},{"taxonomy":"caracteristiques","embeddable":true,"href":"https:\/\/dibosch.com\/es\/wp-json\/wp\/v2\/caracteristiques?post=12808"},{"taxonomy":"tipus-productes","embeddable":true,"href":"https:\/\/dibosch.com\/es\/wp-json\/wp\/v2\/tipus-productes?post=12808"},{"taxonomy":"zona-aplicacio","embeddable":true,"href":"https:\/\/dibosch.com\/es\/wp-json\/wp\/v2\/zona-aplicacio?post=12808"},{"taxonomy":"tipus-maquinaria","embeddable":true,"href":"https:\/\/dibosch.com\/es\/wp-json\/wp\/v2\/tipus-maquinaria?post=12808"}],"curies":[{"name":"wp","href":"https:\/\/api.w.org\/{rel}","templated":true}]}}