{"id":12838,"date":"2022-12-07T11:10:58","date_gmt":"2022-12-07T11:10:58","guid":{"rendered":"https:\/\/www.dibosch.com\/producto\/toa-man-2c-easyflush-plus-61624-x2400-24x20-3\/"},"modified":"2024-03-26T16:07:39","modified_gmt":"2024-03-26T16:07:39","slug":"toa-man-2c-easyflush-plus-61624-x2400-24x20-3","status":"publish","type":"product","link":"https:\/\/dibosch.com\/es\/producto\/toa-man-2c-easyflush-plus-61624-x2400-24x20-3\/","title":{"rendered":"TOA MAN 2C EASYFLUSH PLUS -61624- (x2400) 24&#215;20.3 &#8211; KATRIN"},"content":{"rendered":"<ul>\n<li>Toallitas seca-manos de papel suaves, de alta calidad y de separaci\u00f3n r\u00e1pida, con gran resistencia al desgarro y absorbencia para un secado de manos higi\u00e9nico, eficaz y suave a un tiempo.<\/li>\n<li>Calidad totalmente soluble en agua en un m\u00ednimo tiempo, ideal para su uso en sistemas de aguas residuales cerrados o sensibles (por ejemplo, sistemas de vac\u00edo en medios de transporte p\u00fablico).<\/li>\n<li>Toallitas seca-manos de 2 capas multipliegue en color blanco con plegado en Z (3 caras) y formato de hoja estrecho (20,3 cm).<\/li>\n<li>Recomendadas para todos los aseos con afluencia baja y alta y usuarios con un nivel de exigencia normal.<\/li>\n<li>El formato inteligente y compacto Handy Pack con asa de transporte integrada permite transportar c\u00f3modamente miles de toallitas con una sola mano. Se abre f\u00e1cilmente gracias a su perforaci\u00f3n integrada y proporciona una protecci\u00f3n \u00f3ptima contra la humedad.<\/li>\n<li>Su l\u00e1mina de embalaje es 100 % reciclable y contiene al menos un 30 % de contenido reciclado (= \u00abGREEN PACK\u00bb)<\/li>\n<\/ul>\n","protected":false},"excerpt":{"rendered":"<p>Toallitas para un secado de manos higi\u00e9nico. 2 capas, de color blanco plegadas en Z (3 paneles) y servicio de (20,3 cm).<\/p>\n","protected":false},"featured_media":21420,"comment_status":"closed","ping_status":"closed","template":"","meta":[],"product_brand":[],"product_cat":[737,743],"product_tag":[],"marcas":[923],"certificats":[936,974,937,975],"caracteristiques":[940],"tipus-productes":[],"zona-aplicacio":[945],"tipus-maquinaria":[],"class_list":{"0":"post-12838","1":"product","2":"type-product","3":"status-publish","4":"has-post-thumbnail","6":"product_cat-celulosa","7":"product_cat-toallitas","8":"marcas-katrin-es","9":"certificats-eu-ecolabel-es","10":"certificats-fsc-es","11":"certificats-nordic-ecolabel-es","12":"certificats-pefc-es","13":"caracteristiques-ecologicos-es","14":"zona-aplicacio-zona-bano","16":"first","17":"instock","18":"product-type-simple"},"_links":{"self":[{"href":"https:\/\/dibosch.com\/es\/wp-json\/wp\/v2\/product\/12838","targetHints":{"allow":["GET"]}}],"collection":[{"href":"https:\/\/dibosch.com\/es\/wp-json\/wp\/v2\/product"}],"about":[{"href":"https:\/\/dibosch.com\/es\/wp-json\/wp\/v2\/types\/product"}],"replies":[{"embeddable":true,"href":"https:\/\/dibosch.com\/es\/wp-json\/wp\/v2\/comments?post=12838"}],"wp:featuredmedia":[{"embeddable":true,"href":"https:\/\/dibosch.com\/es\/wp-json\/wp\/v2\/media\/21420"}],"wp:attachment":[{"href":"https:\/\/dibosch.com\/es\/wp-json\/wp\/v2\/media?parent=12838"}],"wp:term":[{"taxonomy":"product_brand","embeddable":true,"href":"https:\/\/dibosch.com\/es\/wp-json\/wp\/v2\/product_brand?post=12838"},{"taxonomy":"product_cat","embeddable":true,"href":"https:\/\/dibosch.com\/es\/wp-json\/wp\/v2\/product_cat?post=12838"},{"taxonomy":"product_tag","embeddable":true,"href":"https:\/\/dibosch.com\/es\/wp-json\/wp\/v2\/product_tag?post=12838"},{"taxonomy":"marcas","embeddable":true,"href":"https:\/\/dibosch.com\/es\/wp-json\/wp\/v2\/marcas?post=12838"},{"taxonomy":"certificats","embeddable":true,"href":"https:\/\/dibosch.com\/es\/wp-json\/wp\/v2\/certificats?post=12838"},{"taxonomy":"caracteristiques","embeddable":true,"href":"https:\/\/dibosch.com\/es\/wp-json\/wp\/v2\/caracteristiques?post=12838"},{"taxonomy":"tipus-productes","embeddable":true,"href":"https:\/\/dibosch.com\/es\/wp-json\/wp\/v2\/tipus-productes?post=12838"},{"taxonomy":"zona-aplicacio","embeddable":true,"href":"https:\/\/dibosch.com\/es\/wp-json\/wp\/v2\/zona-aplicacio?post=12838"},{"taxonomy":"tipus-maquinaria","embeddable":true,"href":"https:\/\/dibosch.com\/es\/wp-json\/wp\/v2\/tipus-maquinaria?post=12838"}],"curies":[{"name":"wp","href":"https:\/\/api.w.org\/{rel}","templated":true}]}}