{"id":12840,"date":"2022-12-07T11:10:41","date_gmt":"2022-12-07T11:10:41","guid":{"rendered":"https:\/\/www.dibosch.com\/producto\/xtrem-conc-multinet-bp2\/"},"modified":"2024-03-26T16:07:40","modified_gmt":"2024-03-26T16:07:40","slug":"xtrem-conc-multinet-bp2","status":"publish","type":"product","link":"https:\/\/dibosch.com\/es\/producto\/xtrem-conc-multinet-bp2\/","title":{"rendered":"XTREM CONC. MULTINET BP2 &#8211; SUCITESA"},"content":{"rendered":"<p><strong>Caracter\u00edsticas del producto<\/strong><\/p>\n<p>Limpia y abrillanta de forma f\u00e1cil y sin esfuerzo. Secado r\u00e1pido. Sin rastros ni marcas. Efecto ambientador. Realza y conserva el brillo original del suelo. Deja una fragancia fresca y sutil, que crea sensaci\u00f3n de limpieza. Producto al uso, obtenido a partir de un concentrado. SISTEMA INTEGRADO XTREM. AMPLIAR INFORMACI\u00d3N EN DOCUMENTACI\u00d3N DEL PRODUCTO CONCENTRADO. Este envase reutilizable s\u00f3lo debe contener XTREM MULTINET.<\/p>\n<p>&nbsp;<\/p>\n<p><strong>Modo de empleo<\/strong><\/p>\n<p>Dosificar 0,2-1 % de producto en agua. Fregar del modo habitual.<\/p>\n<p>&nbsp;<\/p>\n<p><strong>Indicado para:<\/strong><\/p>\n<p>Suelos. Terrazo, m\u00e1rmol, cer\u00e1mica, baldosas y similares. Vinilo, PVC, caucho y tambi\u00e9n linoleum.<\/p>\n","protected":false},"excerpt":{"rendered":"<p>Concentrado para limpiatierras perfumado.<\/p>\n","protected":false},"featured_media":26837,"comment_status":"closed","ping_status":"closed","template":"","meta":[],"product_brand":[],"product_cat":[785,689,694],"product_tag":[],"marcas":[922],"certificats":[],"caracteristiques":[],"tipus-productes":[],"zona-aplicacio":[],"tipus-maquinaria":[],"class_list":{"0":"post-12840","1":"product","2":"type-product","3":"status-publish","4":"has-post-thumbnail","6":"product_cat-fregasuelos","7":"product_cat-productos-de-limpieza","8":"product_cat-quimicos","9":"marcas-sucitesa-es","11":"first","12":"instock","13":"product-type-simple"},"_links":{"self":[{"href":"https:\/\/dibosch.com\/es\/wp-json\/wp\/v2\/product\/12840","targetHints":{"allow":["GET"]}}],"collection":[{"href":"https:\/\/dibosch.com\/es\/wp-json\/wp\/v2\/product"}],"about":[{"href":"https:\/\/dibosch.com\/es\/wp-json\/wp\/v2\/types\/product"}],"replies":[{"embeddable":true,"href":"https:\/\/dibosch.com\/es\/wp-json\/wp\/v2\/comments?post=12840"}],"wp:featuredmedia":[{"embeddable":true,"href":"https:\/\/dibosch.com\/es\/wp-json\/wp\/v2\/media\/26837"}],"wp:attachment":[{"href":"https:\/\/dibosch.com\/es\/wp-json\/wp\/v2\/media?parent=12840"}],"wp:term":[{"taxonomy":"product_brand","embeddable":true,"href":"https:\/\/dibosch.com\/es\/wp-json\/wp\/v2\/product_brand?post=12840"},{"taxonomy":"product_cat","embeddable":true,"href":"https:\/\/dibosch.com\/es\/wp-json\/wp\/v2\/product_cat?post=12840"},{"taxonomy":"product_tag","embeddable":true,"href":"https:\/\/dibosch.com\/es\/wp-json\/wp\/v2\/product_tag?post=12840"},{"taxonomy":"marcas","embeddable":true,"href":"https:\/\/dibosch.com\/es\/wp-json\/wp\/v2\/marcas?post=12840"},{"taxonomy":"certificats","embeddable":true,"href":"https:\/\/dibosch.com\/es\/wp-json\/wp\/v2\/certificats?post=12840"},{"taxonomy":"caracteristiques","embeddable":true,"href":"https:\/\/dibosch.com\/es\/wp-json\/wp\/v2\/caracteristiques?post=12840"},{"taxonomy":"tipus-productes","embeddable":true,"href":"https:\/\/dibosch.com\/es\/wp-json\/wp\/v2\/tipus-productes?post=12840"},{"taxonomy":"zona-aplicacio","embeddable":true,"href":"https:\/\/dibosch.com\/es\/wp-json\/wp\/v2\/zona-aplicacio?post=12840"},{"taxonomy":"tipus-maquinaria","embeddable":true,"href":"https:\/\/dibosch.com\/es\/wp-json\/wp\/v2\/tipus-maquinaria?post=12840"}],"curies":[{"name":"wp","href":"https:\/\/api.w.org\/{rel}","templated":true}]}}