{"id":12848,"date":"2022-12-07T11:10:30","date_gmt":"2022-12-07T11:10:30","guid":{"rendered":"https:\/\/www.dibosch.com\/producto\/papelera-rect-ref-pp1022\/"},"modified":"2024-03-26T16:07:42","modified_gmt":"2024-03-26T16:07:42","slug":"papelera-rect-ref-pp1022","status":"publish","type":"product","link":"https:\/\/dibosch.com\/es\/producto\/papelera-rect-ref-pp1022\/","title":{"rendered":"PAPELERA RECT. REF. PP1022 &#8211; MEDICLINICS"},"content":{"rendered":"<p><strong>Caracter\u00edsticas del producto:<\/strong><\/p>\n<p>Papelera rectangular con marco superior sin tapa y extra\u00edble de 22L de capacidad, fabricada en acero inoxidable AISI 430.<\/p>\n<p>Adecuada para lavabos y \u00e1reas p\u00fablicas interiores de tr\u00e1fico medio. Modelo apto para colectividades.<\/p>\n<p>Dispone de un soporte interno para la bolsa de basura de manera que \u00e9sta queda oculta a la vista del usuario.<\/p>\n<p>Puede apoyarse directamente sobre el suelo o adosarse a la pared mediante dos tacos de pl\u00e1stico y dos tornillos de acero inoxidable suministrados.<\/p>\n<p>Todas las superficies son lisas y est\u00e1n soldadas por l\u00e1ser, por lo que pueden limpiarse en profundidad, interior y exteriormente.<\/p>\n","protected":false},"excerpt":{"rendered":"<p>Papelera rectangular con marco superior extra\u00edble y sin tapa fabricada con acero inoxidable AISI 430, acabado blancoV<\/p>\n","protected":false},"featured_media":23046,"comment_status":"closed","ping_status":"closed","template":"","meta":[],"product_brand":[],"product_cat":[723,724,684],"product_tag":[],"marcas":[],"certificats":[],"caracteristiques":[],"tipus-productes":[],"zona-aplicacio":[],"tipus-maquinaria":[],"class_list":{"0":"post-12848","1":"product","2":"type-product","3":"status-publish","4":"has-post-thumbnail","6":"product_cat-gestion-de-residuos","7":"product_cat-papeleras-50","8":"product_cat-utiles-de-limpieza","10":"first","11":"instock","12":"product-type-simple"},"_links":{"self":[{"href":"https:\/\/dibosch.com\/es\/wp-json\/wp\/v2\/product\/12848","targetHints":{"allow":["GET"]}}],"collection":[{"href":"https:\/\/dibosch.com\/es\/wp-json\/wp\/v2\/product"}],"about":[{"href":"https:\/\/dibosch.com\/es\/wp-json\/wp\/v2\/types\/product"}],"replies":[{"embeddable":true,"href":"https:\/\/dibosch.com\/es\/wp-json\/wp\/v2\/comments?post=12848"}],"wp:featuredmedia":[{"embeddable":true,"href":"https:\/\/dibosch.com\/es\/wp-json\/wp\/v2\/media\/23046"}],"wp:attachment":[{"href":"https:\/\/dibosch.com\/es\/wp-json\/wp\/v2\/media?parent=12848"}],"wp:term":[{"taxonomy":"product_brand","embeddable":true,"href":"https:\/\/dibosch.com\/es\/wp-json\/wp\/v2\/product_brand?post=12848"},{"taxonomy":"product_cat","embeddable":true,"href":"https:\/\/dibosch.com\/es\/wp-json\/wp\/v2\/product_cat?post=12848"},{"taxonomy":"product_tag","embeddable":true,"href":"https:\/\/dibosch.com\/es\/wp-json\/wp\/v2\/product_tag?post=12848"},{"taxonomy":"marcas","embeddable":true,"href":"https:\/\/dibosch.com\/es\/wp-json\/wp\/v2\/marcas?post=12848"},{"taxonomy":"certificats","embeddable":true,"href":"https:\/\/dibosch.com\/es\/wp-json\/wp\/v2\/certificats?post=12848"},{"taxonomy":"caracteristiques","embeddable":true,"href":"https:\/\/dibosch.com\/es\/wp-json\/wp\/v2\/caracteristiques?post=12848"},{"taxonomy":"tipus-productes","embeddable":true,"href":"https:\/\/dibosch.com\/es\/wp-json\/wp\/v2\/tipus-productes?post=12848"},{"taxonomy":"zona-aplicacio","embeddable":true,"href":"https:\/\/dibosch.com\/es\/wp-json\/wp\/v2\/zona-aplicacio?post=12848"},{"taxonomy":"tipus-maquinaria","embeddable":true,"href":"https:\/\/dibosch.com\/es\/wp-json\/wp\/v2\/tipus-maquinaria?post=12848"}],"curies":[{"name":"wp","href":"https:\/\/api.w.org\/{rel}","templated":true}]}}