{"id":12868,"date":"2022-12-07T11:11:29","date_gmt":"2022-12-07T11:11:29","guid":{"rendered":"https:\/\/www.dibosch.com\/producto\/ambiwonder-epic-bp1000\/"},"modified":"2024-03-26T16:07:47","modified_gmt":"2024-03-26T16:07:47","slug":"ambiwonder-epic-bp1000","status":"publish","type":"product","link":"https:\/\/dibosch.com\/es\/producto\/ambiwonder-epic-bp1000\/","title":{"rendered":"AMBIWONDER EPIC BP700 &#8211; SUCITESA"},"content":{"rendered":"<p><strong>Caracter\u00edsticas del producto:<\/strong><\/p>\n<p>Garantiza un ambiente adecuado incluso en \u00e1reas con poca ventilaci\u00f3n. Gran eficacia y efecto prolongado. Elimina olores desagradables, dif\u00edciles y persistentes. Para todo tipo de ambientes cerrados y con malos olores. Tambi\u00e9n adecuado para ba\u00f1os.<\/p>\n<p>&nbsp;<\/p>\n<p><strong>Modo de empleo:<\/strong><\/p>\n<ul>\n<li>WC: Dosificar unas gotas en las esquinas del cuarto de aseo, en la cubeta del escobill\u00f3n o en el interior del WC.<\/li>\n<li>RECINTOS: Dosificar unas gotas en el suelo, preferiblemente en las esquinas. Tambi\u00e9n en el cubo de fregado para conseguir un efecto extraperfumado.<\/li>\n<\/ul>\n<p>&nbsp;<\/p>\n<p><strong>Indicado para:<\/strong><\/p>\n<p>Ambientaci\u00f3n y control del olor. Ba\u00f1os, aseos y servicios. Recintos con gran afluencia de p\u00fablico<\/p>\n","protected":false},"excerpt":{"rendered":"<p>Ambientador concentrado. Alta duraci\u00f3n. Olor floral<\/p>\n","protected":false},"featured_media":9733,"comment_status":"closed","ping_status":"closed","template":"","meta":[],"product_brand":[],"product_cat":[733,689,694],"product_tag":[],"marcas":[922],"certificats":[],"caracteristiques":[],"tipus-productes":[],"zona-aplicacio":[945],"tipus-maquinaria":[],"class_list":{"0":"post-12868","1":"product","2":"type-product","3":"status-publish","4":"has-post-thumbnail","6":"product_cat-ambientadores","7":"product_cat-productos-de-limpieza","8":"product_cat-quimicos","9":"marcas-sucitesa-es","10":"zona-aplicacio-zona-bano","12":"first","13":"instock","14":"product-type-simple"},"_links":{"self":[{"href":"https:\/\/dibosch.com\/es\/wp-json\/wp\/v2\/product\/12868","targetHints":{"allow":["GET"]}}],"collection":[{"href":"https:\/\/dibosch.com\/es\/wp-json\/wp\/v2\/product"}],"about":[{"href":"https:\/\/dibosch.com\/es\/wp-json\/wp\/v2\/types\/product"}],"replies":[{"embeddable":true,"href":"https:\/\/dibosch.com\/es\/wp-json\/wp\/v2\/comments?post=12868"}],"wp:featuredmedia":[{"embeddable":true,"href":"https:\/\/dibosch.com\/es\/wp-json\/wp\/v2\/media\/9733"}],"wp:attachment":[{"href":"https:\/\/dibosch.com\/es\/wp-json\/wp\/v2\/media?parent=12868"}],"wp:term":[{"taxonomy":"product_brand","embeddable":true,"href":"https:\/\/dibosch.com\/es\/wp-json\/wp\/v2\/product_brand?post=12868"},{"taxonomy":"product_cat","embeddable":true,"href":"https:\/\/dibosch.com\/es\/wp-json\/wp\/v2\/product_cat?post=12868"},{"taxonomy":"product_tag","embeddable":true,"href":"https:\/\/dibosch.com\/es\/wp-json\/wp\/v2\/product_tag?post=12868"},{"taxonomy":"marcas","embeddable":true,"href":"https:\/\/dibosch.com\/es\/wp-json\/wp\/v2\/marcas?post=12868"},{"taxonomy":"certificats","embeddable":true,"href":"https:\/\/dibosch.com\/es\/wp-json\/wp\/v2\/certificats?post=12868"},{"taxonomy":"caracteristiques","embeddable":true,"href":"https:\/\/dibosch.com\/es\/wp-json\/wp\/v2\/caracteristiques?post=12868"},{"taxonomy":"tipus-productes","embeddable":true,"href":"https:\/\/dibosch.com\/es\/wp-json\/wp\/v2\/tipus-productes?post=12868"},{"taxonomy":"zona-aplicacio","embeddable":true,"href":"https:\/\/dibosch.com\/es\/wp-json\/wp\/v2\/zona-aplicacio?post=12868"},{"taxonomy":"tipus-maquinaria","embeddable":true,"href":"https:\/\/dibosch.com\/es\/wp-json\/wp\/v2\/tipus-maquinaria?post=12868"}],"curies":[{"name":"wp","href":"https:\/\/api.w.org\/{rel}","templated":true}]}}