{"id":12877,"date":"2022-12-07T11:11:47","date_gmt":"2022-12-07T11:11:47","guid":{"rendered":"https:\/\/www.dibosch.com\/producto\/m-graffiti-waster\/"},"modified":"2025-09-23T10:43:19","modified_gmt":"2025-09-23T10:43:19","slug":"m-graffiti-waster","status":"publish","type":"product","link":"https:\/\/dibosch.com\/es\/producto\/m-graffiti-waster\/","title":{"rendered":"M- GRAFFITI WASTER &#8211; COMET"},"content":{"rendered":"<p>Graffiti Waster es un generador de vapor port\u00e1til, equipado con caldera de gas\u00f3leo, que permite la eliminaci\u00f3n de pintadas y suciedad en general, gracias al revolucionario sistema de vapor\/arena y vapor\/detergente combinados.<br \/>\nPara eliminar todo tipo de grafitis de paredes, edificios, suelos.<br \/>\nAutonom\u00eda ilimitada: gracias a la recarga continua del dep\u00f3sito de agua.<\/p>\n","protected":false},"excerpt":{"rendered":"<p>Graffiti Waster es un generador de vapor port\u00e1til, equipado con caldera de gas\u00f3leo, que permite la eliminaci\u00f3n de pintadas y suciedad en general, gracias al revolucionario sistema de vapor\/arena y vapor\/detergente combinados. Para eliminar todo tipo de grafitis de paredes, edificios, suelos. Autonom\u00eda ilimitada: gracias a la recarga continua del dep\u00f3sito de agua.<\/p>\n","protected":false},"featured_media":25192,"comment_status":"closed","ping_status":"closed","template":"","meta":[],"product_brand":[],"product_cat":[577,722],"product_tag":[],"marcas":[],"certificats":[],"caracteristiques":[],"tipus-productes":[],"zona-aplicacio":[],"tipus-maquinaria":[],"class_list":{"0":"post-12877","1":"product","2":"type-product","3":"status-publish","4":"has-post-thumbnail","6":"product_cat-maquinas","7":"product_cat-maquinas-especificas-de-limpieza","9":"first","10":"instock","11":"product-type-simple"},"_links":{"self":[{"href":"https:\/\/dibosch.com\/es\/wp-json\/wp\/v2\/product\/12877","targetHints":{"allow":["GET"]}}],"collection":[{"href":"https:\/\/dibosch.com\/es\/wp-json\/wp\/v2\/product"}],"about":[{"href":"https:\/\/dibosch.com\/es\/wp-json\/wp\/v2\/types\/product"}],"replies":[{"embeddable":true,"href":"https:\/\/dibosch.com\/es\/wp-json\/wp\/v2\/comments?post=12877"}],"wp:featuredmedia":[{"embeddable":true,"href":"https:\/\/dibosch.com\/es\/wp-json\/wp\/v2\/media\/25192"}],"wp:attachment":[{"href":"https:\/\/dibosch.com\/es\/wp-json\/wp\/v2\/media?parent=12877"}],"wp:term":[{"taxonomy":"product_brand","embeddable":true,"href":"https:\/\/dibosch.com\/es\/wp-json\/wp\/v2\/product_brand?post=12877"},{"taxonomy":"product_cat","embeddable":true,"href":"https:\/\/dibosch.com\/es\/wp-json\/wp\/v2\/product_cat?post=12877"},{"taxonomy":"product_tag","embeddable":true,"href":"https:\/\/dibosch.com\/es\/wp-json\/wp\/v2\/product_tag?post=12877"},{"taxonomy":"marcas","embeddable":true,"href":"https:\/\/dibosch.com\/es\/wp-json\/wp\/v2\/marcas?post=12877"},{"taxonomy":"certificats","embeddable":true,"href":"https:\/\/dibosch.com\/es\/wp-json\/wp\/v2\/certificats?post=12877"},{"taxonomy":"caracteristiques","embeddable":true,"href":"https:\/\/dibosch.com\/es\/wp-json\/wp\/v2\/caracteristiques?post=12877"},{"taxonomy":"tipus-productes","embeddable":true,"href":"https:\/\/dibosch.com\/es\/wp-json\/wp\/v2\/tipus-productes?post=12877"},{"taxonomy":"zona-aplicacio","embeddable":true,"href":"https:\/\/dibosch.com\/es\/wp-json\/wp\/v2\/zona-aplicacio?post=12877"},{"taxonomy":"tipus-maquinaria","embeddable":true,"href":"https:\/\/dibosch.com\/es\/wp-json\/wp\/v2\/tipus-maquinaria?post=12877"}],"curies":[{"name":"wp","href":"https:\/\/api.w.org\/{rel}","templated":true}]}}