{"id":12886,"date":"2022-12-07T11:11:47","date_gmt":"2022-12-07T11:11:47","guid":{"rendered":"https:\/\/www.dibosch.com\/producto\/m-maxiorbit-1500-max-220v-50-60hz\/"},"modified":"2024-11-14T11:17:39","modified_gmt":"2024-11-14T11:17:39","slug":"m-maxiorbit-1500-max-220v-50-60hz","status":"publish","type":"product","link":"https:\/\/dibosch.com\/es\/producto\/m-maxiorbit-1500-max-220v-50-60hz\/","title":{"rendered":"M- MAXIORBIT 1500 MAX 220V 50\/60Hz &#8211; KLINDEX"},"content":{"rendered":"<p>Maxi Orbit es el monocepillo profesional innovador y mutifunci\u00f3n que agiliza y facilita el trabajo en todas las superficies.<\/p>\n<p>La cabeza oscilante se adapta a todas las superficies y permite trabajar f\u00e1cilmente, incluso en suelos irregulares reduciendo el esfuerzo del operador al m\u00ednimo. Los numerosos accesorios disponibles y las grandes ruedas apoyadas en el suelo, permiten un trabajo sencillo y eficaz. Aprovechando el principio rotaci\u00f3n-orbital con oscilaciones de alta frecuencia, Maxi Orbit le sorprende por su excelente estabilidad y facilidad de maniobra, incluso para cristalizar con lana de acero, esta operaci\u00f3n ser\u00e1 r\u00e1pida, f\u00e1cil y sin esfuerzo.<\/p>\n<p>El robusto y compacto chasis, el mango ergon\u00f3mico con barra reforzada, las grandes ruedas, el peso m\u00ednimo y el sistema de desenganche de los componentes principales (optional), hacen de Maxi Orbit una m\u00e1quina resistente, pero a la vez, f\u00e1cil de transportar.<\/p>\n<p>Gracias a su movimiento rotatorio-orbital, la Maxi Orbit ofrece excelentes prestaciones, manteniendo a su vez, una gran estabilidad y una facilidad de maniobras \u00fanica, cualidad que permite su uso incluso a operadores poco expertos y sin una especial fuerza f\u00edsica.<\/p>\n","protected":false},"excerpt":{"rendered":"<p>Ancho: 430 mm |Bot: 1.500W | Sistema de trabajo Orbital<\/p>\n","protected":false},"featured_media":24831,"comment_status":"closed","ping_status":"closed","template":"","meta":[],"product_brand":[],"product_cat":[577,778],"product_tag":[],"marcas":[927],"certificats":[],"caracteristiques":[],"tipus-productes":[],"zona-aplicacio":[],"tipus-maquinaria":[],"class_list":{"0":"post-12886","1":"product","2":"type-product","3":"status-publish","4":"has-post-thumbnail","6":"product_cat-maquinas","7":"product_cat-rotativas","8":"marcas-klindex-es","10":"first","11":"instock","12":"product-type-simple"},"_links":{"self":[{"href":"https:\/\/dibosch.com\/es\/wp-json\/wp\/v2\/product\/12886","targetHints":{"allow":["GET"]}}],"collection":[{"href":"https:\/\/dibosch.com\/es\/wp-json\/wp\/v2\/product"}],"about":[{"href":"https:\/\/dibosch.com\/es\/wp-json\/wp\/v2\/types\/product"}],"replies":[{"embeddable":true,"href":"https:\/\/dibosch.com\/es\/wp-json\/wp\/v2\/comments?post=12886"}],"wp:featuredmedia":[{"embeddable":true,"href":"https:\/\/dibosch.com\/es\/wp-json\/wp\/v2\/media\/24831"}],"wp:attachment":[{"href":"https:\/\/dibosch.com\/es\/wp-json\/wp\/v2\/media?parent=12886"}],"wp:term":[{"taxonomy":"product_brand","embeddable":true,"href":"https:\/\/dibosch.com\/es\/wp-json\/wp\/v2\/product_brand?post=12886"},{"taxonomy":"product_cat","embeddable":true,"href":"https:\/\/dibosch.com\/es\/wp-json\/wp\/v2\/product_cat?post=12886"},{"taxonomy":"product_tag","embeddable":true,"href":"https:\/\/dibosch.com\/es\/wp-json\/wp\/v2\/product_tag?post=12886"},{"taxonomy":"marcas","embeddable":true,"href":"https:\/\/dibosch.com\/es\/wp-json\/wp\/v2\/marcas?post=12886"},{"taxonomy":"certificats","embeddable":true,"href":"https:\/\/dibosch.com\/es\/wp-json\/wp\/v2\/certificats?post=12886"},{"taxonomy":"caracteristiques","embeddable":true,"href":"https:\/\/dibosch.com\/es\/wp-json\/wp\/v2\/caracteristiques?post=12886"},{"taxonomy":"tipus-productes","embeddable":true,"href":"https:\/\/dibosch.com\/es\/wp-json\/wp\/v2\/tipus-productes?post=12886"},{"taxonomy":"zona-aplicacio","embeddable":true,"href":"https:\/\/dibosch.com\/es\/wp-json\/wp\/v2\/zona-aplicacio?post=12886"},{"taxonomy":"tipus-maquinaria","embeddable":true,"href":"https:\/\/dibosch.com\/es\/wp-json\/wp\/v2\/tipus-maquinaria?post=12886"}],"curies":[{"name":"wp","href":"https:\/\/api.w.org\/{rel}","templated":true}]}}