{"id":12890,"date":"2022-12-07T11:12:09","date_gmt":"2022-12-07T11:12:09","guid":{"rendered":"https:\/\/www.dibosch.com\/producto\/guantes-nitrilo-azul-l-x100\/"},"modified":"2024-03-26T16:07:52","modified_gmt":"2024-03-26T16:07:52","slug":"guantes-nitrilo-azul-l-x100","status":"publish","type":"product","link":"https:\/\/dibosch.com\/es\/producto\/guantes-nitrilo-azul-l-x100\/","title":{"rendered":"GUANTES NITRILO AZUL L (x100) &#8211; SANICEN"},"content":{"rendered":"<p><strong>Descripci\u00f3n de producto:<\/strong><\/p>\n<p>Guantes sin L\u00e1tex<\/p>\n<p>Ideal para pieles sensibles y sin alergias.<\/p>\n<p>Longitud: 24 cm<\/p>\n<p>M\u00e1xima resistencia y tacto confortable interior.<\/p>\n<p>Caja distribuidora.<\/p>\n<p>Los guantes de Nitrilo son hipoalerg\u00e9nicos, perfecta sensaci\u00f3n t\u00e1ctil, confortables y resistentes.<\/p>\n<p>Los Guantes sin polvo, evitan las alergias o irritaciones e incluyen un revestimiento sint\u00e9tico de pol\u00edmeros que hacen que tengan la misma usabilidad que los con polvo.<\/p>\n","protected":false},"excerpt":{"rendered":"<p>Guantes de nitrilo resistentes. Sensitive de 3.5gr<\/p>\n","protected":false},"featured_media":21839,"comment_status":"closed","ping_status":"closed","template":"","meta":[],"product_brand":[],"product_cat":[767,713,684],"product_tag":[],"marcas":[],"certificats":[],"caracteristiques":[],"tipus-productes":[],"zona-aplicacio":[],"tipus-maquinaria":[],"class_list":{"0":"post-12890","1":"product","2":"type-product","3":"status-publish","4":"has-post-thumbnail","6":"product_cat-guantes","7":"product_cat-utensilios","8":"product_cat-utiles-de-limpieza","10":"first","11":"instock","12":"product-type-simple"},"_links":{"self":[{"href":"https:\/\/dibosch.com\/es\/wp-json\/wp\/v2\/product\/12890","targetHints":{"allow":["GET"]}}],"collection":[{"href":"https:\/\/dibosch.com\/es\/wp-json\/wp\/v2\/product"}],"about":[{"href":"https:\/\/dibosch.com\/es\/wp-json\/wp\/v2\/types\/product"}],"replies":[{"embeddable":true,"href":"https:\/\/dibosch.com\/es\/wp-json\/wp\/v2\/comments?post=12890"}],"wp:featuredmedia":[{"embeddable":true,"href":"https:\/\/dibosch.com\/es\/wp-json\/wp\/v2\/media\/21839"}],"wp:attachment":[{"href":"https:\/\/dibosch.com\/es\/wp-json\/wp\/v2\/media?parent=12890"}],"wp:term":[{"taxonomy":"product_brand","embeddable":true,"href":"https:\/\/dibosch.com\/es\/wp-json\/wp\/v2\/product_brand?post=12890"},{"taxonomy":"product_cat","embeddable":true,"href":"https:\/\/dibosch.com\/es\/wp-json\/wp\/v2\/product_cat?post=12890"},{"taxonomy":"product_tag","embeddable":true,"href":"https:\/\/dibosch.com\/es\/wp-json\/wp\/v2\/product_tag?post=12890"},{"taxonomy":"marcas","embeddable":true,"href":"https:\/\/dibosch.com\/es\/wp-json\/wp\/v2\/marcas?post=12890"},{"taxonomy":"certificats","embeddable":true,"href":"https:\/\/dibosch.com\/es\/wp-json\/wp\/v2\/certificats?post=12890"},{"taxonomy":"caracteristiques","embeddable":true,"href":"https:\/\/dibosch.com\/es\/wp-json\/wp\/v2\/caracteristiques?post=12890"},{"taxonomy":"tipus-productes","embeddable":true,"href":"https:\/\/dibosch.com\/es\/wp-json\/wp\/v2\/tipus-productes?post=12890"},{"taxonomy":"zona-aplicacio","embeddable":true,"href":"https:\/\/dibosch.com\/es\/wp-json\/wp\/v2\/zona-aplicacio?post=12890"},{"taxonomy":"tipus-maquinaria","embeddable":true,"href":"https:\/\/dibosch.com\/es\/wp-json\/wp\/v2\/tipus-maquinaria?post=12890"}],"curies":[{"name":"wp","href":"https:\/\/api.w.org\/{rel}","templated":true}]}}