{"id":12896,"date":"2022-12-07T11:11:47","date_gmt":"2022-12-07T11:11:47","guid":{"rendered":"https:\/\/www.dibosch.com\/producto\/mopa-tri-safe-blue-blue-00bb9000bb\/"},"modified":"2024-03-26T16:07:55","modified_gmt":"2024-03-26T16:07:55","slug":"mopa-tri-safe-blue-blue-00bb9000bb","status":"publish","type":"product","link":"https:\/\/dibosch.com\/es\/producto\/mopa-tri-safe-blue-blue-00bb9000bb\/","title":{"rendered":"MOPA TRI SAFE BLUE\/BLUE -00BB9000BB- &#8211; TTS"},"content":{"rendered":"<p><strong>Caracter\u00edsticas del producto:<\/strong><\/p>\n<p>Recambio mopa doble cara para fregado en superficies porosas o antideslizantes<\/p>\n<p>Sistema plano con bastidor reversible que se puede usar pre-impregnado, impregnado a demanda con estaci\u00f3n de impregnaci\u00f3n o con la prensa correspondiente<\/p>\n<p>Ideal para el fregado de superficies antideslizantes o porosas, tambi\u00e9n para retirar la suciedad incrustada<\/p>\n<p>Reduce el tiempo de trabajo: doble resultado de limpieza gracias a los recambios mopas a dos caras<\/p>\n<p>Simple: las operaciones de colocaci\u00f3n y extracci\u00f3n de la mopa son r\u00e1pidas y f\u00e1ciles<\/p>\n<p>M\u00e1xima higiene: La microfibra penetra en la microporosidad del suelo, recogiendo suciedad y m\u00e1s del 95% de las bacterias<\/p>\n<p>Sin contacto : el sistema de desenganche del recambio elimina el contacto con la suciedad<\/p>\n","protected":false},"excerpt":{"rendered":"<p>Mopa de doble cara ideal para superficies porosas o antideslizantes.<\/p>\n","protected":false},"featured_media":22017,"comment_status":"closed","ping_status":"closed","template":"","meta":[],"product_brand":[],"product_cat":[714,713,684],"product_tag":[],"marcas":[917],"certificats":[],"caracteristiques":[],"tipus-productes":[],"zona-aplicacio":[],"tipus-maquinaria":[],"class_list":{"0":"post-12896","1":"product","2":"type-product","3":"status-publish","4":"has-post-thumbnail","6":"product_cat-mopas","7":"product_cat-utensilios","8":"product_cat-utiles-de-limpieza","9":"marcas-tts-es","11":"first","12":"instock","13":"product-type-simple"},"_links":{"self":[{"href":"https:\/\/dibosch.com\/es\/wp-json\/wp\/v2\/product\/12896","targetHints":{"allow":["GET"]}}],"collection":[{"href":"https:\/\/dibosch.com\/es\/wp-json\/wp\/v2\/product"}],"about":[{"href":"https:\/\/dibosch.com\/es\/wp-json\/wp\/v2\/types\/product"}],"replies":[{"embeddable":true,"href":"https:\/\/dibosch.com\/es\/wp-json\/wp\/v2\/comments?post=12896"}],"wp:featuredmedia":[{"embeddable":true,"href":"https:\/\/dibosch.com\/es\/wp-json\/wp\/v2\/media\/22017"}],"wp:attachment":[{"href":"https:\/\/dibosch.com\/es\/wp-json\/wp\/v2\/media?parent=12896"}],"wp:term":[{"taxonomy":"product_brand","embeddable":true,"href":"https:\/\/dibosch.com\/es\/wp-json\/wp\/v2\/product_brand?post=12896"},{"taxonomy":"product_cat","embeddable":true,"href":"https:\/\/dibosch.com\/es\/wp-json\/wp\/v2\/product_cat?post=12896"},{"taxonomy":"product_tag","embeddable":true,"href":"https:\/\/dibosch.com\/es\/wp-json\/wp\/v2\/product_tag?post=12896"},{"taxonomy":"marcas","embeddable":true,"href":"https:\/\/dibosch.com\/es\/wp-json\/wp\/v2\/marcas?post=12896"},{"taxonomy":"certificats","embeddable":true,"href":"https:\/\/dibosch.com\/es\/wp-json\/wp\/v2\/certificats?post=12896"},{"taxonomy":"caracteristiques","embeddable":true,"href":"https:\/\/dibosch.com\/es\/wp-json\/wp\/v2\/caracteristiques?post=12896"},{"taxonomy":"tipus-productes","embeddable":true,"href":"https:\/\/dibosch.com\/es\/wp-json\/wp\/v2\/tipus-productes?post=12896"},{"taxonomy":"zona-aplicacio","embeddable":true,"href":"https:\/\/dibosch.com\/es\/wp-json\/wp\/v2\/zona-aplicacio?post=12896"},{"taxonomy":"tipus-maquinaria","embeddable":true,"href":"https:\/\/dibosch.com\/es\/wp-json\/wp\/v2\/tipus-maquinaria?post=12896"}],"curies":[{"name":"wp","href":"https:\/\/api.w.org\/{rel}","templated":true}]}}