{"id":12912,"date":"2022-12-07T10:49:00","date_gmt":"2022-12-07T10:49:00","guid":{"rendered":"https:\/\/www.dibosch.com\/producto\/recambio-foam-touchfree-500-48410-x12\/"},"modified":"2024-03-26T16:07:59","modified_gmt":"2024-03-26T16:07:59","slug":"repuesto-foam-touchfree-500-48410-x12","status":"publish","type":"product","link":"https:\/\/dibosch.com\/es\/producto\/repuesto-foam-touchfree-500-48410-x12\/","title":{"rendered":"RECAMBIO FOAM TOUCHFREE 500 -48410- (x12) &#8211; KATRIN"},"content":{"rendered":"<p><strong>Caracter\u00edsticas del producto:<\/strong><\/p>\n<p>Katrin \u00abPure Neutral\u00bb transforma cada aseo en un limpio e higi\u00e9nico oasis de bienestar en el que los olores desagradables se neutralizan al instante.<\/p>\n<p>Jab\u00f3n en espuma eficaz, suave y respetuoso con el medio ambiente, muy amable con la piel.<\/p>\n<p>500 ml: suficientes para 625 usos.<\/p>\n<p>Su bomba con funci\u00f3n de reaspiraci\u00f3n evita el goteo y ahorra jab\u00f3n.<\/p>\n<p>Espuma densa y resistente que proporciona una sensaci\u00f3n espumosa suave y se distribuye con facilidad por las manos.<\/p>\n<p>Deja una sensaci\u00f3n de suavidad y cuidado en las manos.<\/p>\n<p>Contiene ingredientes suaves con las pieles sensibles, por lo que es especialmente adecuado para el uso frecuente.<\/p>\n<p>Producto homologado y probado dermatol\u00f3gicamente.<\/p>\n<p>&nbsp;<\/p>\n<p><strong>Modo de empleo:<\/strong><\/p>\n<p>Dosificar sobre la piel previamente humedecida. Aplicar la cantidad suficiente para cubrir toda la superficie de las manos. Frotar hasta conseguir una espuma abundante<\/p>\n<p>&nbsp;<\/p>\n<p><strong>Indicado para:<\/strong><\/p>\n<p>Aseos y servicios. Vestuarios.<\/p>\n","protected":false},"excerpt":{"rendered":"<p>Jab\u00f3n de espuma neutro, eficaz, suave y ecol\u00f3gico sin color ni perfume. Contiene ingredientes suaves para pieles sensibles.<\/p>\n","protected":false},"featured_media":20872,"comment_status":"closed","ping_status":"closed","template":"","meta":[],"product_brand":[],"product_cat":[791,689,694],"product_tag":[],"marcas":[923],"certificats":[936,937],"caracteristiques":[940],"tipus-productes":[],"zona-aplicacio":[945],"tipus-maquinaria":[],"class_list":{"0":"post-12912","1":"product","2":"type-product","3":"status-publish","4":"has-post-thumbnail","6":"product_cat-higiene-corporal-es","7":"product_cat-productos-de-limpieza","8":"product_cat-quimicos","9":"marcas-katrin-es","10":"certificats-eu-ecolabel-es","11":"certificats-nordic-ecolabel-es","12":"caracteristiques-ecologicos-es","13":"zona-aplicacio-zona-bano","15":"first","16":"instock","17":"product-type-simple"},"_links":{"self":[{"href":"https:\/\/dibosch.com\/es\/wp-json\/wp\/v2\/product\/12912","targetHints":{"allow":["GET"]}}],"collection":[{"href":"https:\/\/dibosch.com\/es\/wp-json\/wp\/v2\/product"}],"about":[{"href":"https:\/\/dibosch.com\/es\/wp-json\/wp\/v2\/types\/product"}],"replies":[{"embeddable":true,"href":"https:\/\/dibosch.com\/es\/wp-json\/wp\/v2\/comments?post=12912"}],"wp:featuredmedia":[{"embeddable":true,"href":"https:\/\/dibosch.com\/es\/wp-json\/wp\/v2\/media\/20872"}],"wp:attachment":[{"href":"https:\/\/dibosch.com\/es\/wp-json\/wp\/v2\/media?parent=12912"}],"wp:term":[{"taxonomy":"product_brand","embeddable":true,"href":"https:\/\/dibosch.com\/es\/wp-json\/wp\/v2\/product_brand?post=12912"},{"taxonomy":"product_cat","embeddable":true,"href":"https:\/\/dibosch.com\/es\/wp-json\/wp\/v2\/product_cat?post=12912"},{"taxonomy":"product_tag","embeddable":true,"href":"https:\/\/dibosch.com\/es\/wp-json\/wp\/v2\/product_tag?post=12912"},{"taxonomy":"marcas","embeddable":true,"href":"https:\/\/dibosch.com\/es\/wp-json\/wp\/v2\/marcas?post=12912"},{"taxonomy":"certificats","embeddable":true,"href":"https:\/\/dibosch.com\/es\/wp-json\/wp\/v2\/certificats?post=12912"},{"taxonomy":"caracteristiques","embeddable":true,"href":"https:\/\/dibosch.com\/es\/wp-json\/wp\/v2\/caracteristiques?post=12912"},{"taxonomy":"tipus-productes","embeddable":true,"href":"https:\/\/dibosch.com\/es\/wp-json\/wp\/v2\/tipus-productes?post=12912"},{"taxonomy":"zona-aplicacio","embeddable":true,"href":"https:\/\/dibosch.com\/es\/wp-json\/wp\/v2\/zona-aplicacio?post=12912"},{"taxonomy":"tipus-maquinaria","embeddable":true,"href":"https:\/\/dibosch.com\/es\/wp-json\/wp\/v2\/tipus-maquinaria?post=12912"}],"curies":[{"name":"wp","href":"https:\/\/api.w.org\/{rel}","templated":true}]}}