{"id":12913,"date":"2022-12-07T10:49:05","date_gmt":"2022-12-07T10:49:05","guid":{"rendered":"https:\/\/www.dibosch.com\/producto\/natursafe-xtra-keen-care-bp5\/"},"modified":"2024-03-26T16:07:59","modified_gmt":"2024-03-26T16:07:59","slug":"natursafe-xtra-keen-care-bp5","status":"publish","type":"product","link":"https:\/\/dibosch.com\/es\/producto\/natursafe-xtra-keen-care-bp5\/","title":{"rendered":"NATURSAFE XTRA KEEN CARE BP5 &#8211; SUCITESA"},"content":{"rendered":"<p><strong>Caracter\u00edsticas del producto:<\/strong><\/p>\n<p>Elimina grasa y restos de comida. Gran eficacia y acci\u00f3n desengrasante. Espuma estable y duradera. Sin perfume, sin colorantes, ni al\u00e9rgenos. Formulado con ingredientes de origen natural que reducen la agresi\u00f3n al ecosistema. Garantiza excelentes resultados en el lavado a mano de vajilla, cuberter\u00eda, cristaler\u00eda, ollas, cacerolas y utensilios similares. Eficaz a cualquier temperatura y dureza del agua. Producto sostenible desarrollado bajo estrictos criterios medioambientales y de seguridad, con la garant\u00eda LIFE CARE. Producto VEGANO. F\u00f3rmula que no contiene ning\u00fan ingrediente de origen animal.<\/p>\n<p>&nbsp;<\/p>\n<p><strong>Modo de empleo:<\/strong><\/p>\n<p>Usar del modo habitual. Suciedad<\/p>\n<ul>\n<li>Baja\/Media: una cucharada de caf\u00e9 (5ml) en cada 5 Litros de agua.<\/li>\n<li>Suciedad Alta: 4 cucharadas de caf\u00e9 (20ml) en cada 5 Litros de agua.<\/li>\n<\/ul>\n<p>Utilizar la dosificaci\u00f3n adecuada y la temperatura m\u00ednima (15\u00baC) recomendada, a fin de minimizar el consumo de agua y energ\u00eda, as\u00ed como de reducir la contaminaci\u00f3n del agua. Eliminar los envases utilizando el sistema de recogida selectiva.<\/p>\n<p>&nbsp;<\/p>\n<p><strong>Indicado para:<\/strong><\/p>\n<p>Lavado manual vajilla y utensilios de cocina<\/p>\n","protected":false},"excerpt":{"rendered":"<p>Lavavajillas manual ecol\u00f3gico.<\/p>\n","protected":false},"featured_media":26799,"comment_status":"closed","ping_status":"closed","template":"","meta":[],"product_brand":[],"product_cat":[790,689,694],"product_tag":[],"marcas":[922],"certificats":[936],"caracteristiques":[940],"tipus-productes":[],"zona-aplicacio":[944],"tipus-maquinaria":[],"class_list":{"0":"post-12913","1":"product","2":"type-product","3":"status-publish","4":"has-post-thumbnail","6":"product_cat-lavavajillas-manual","7":"product_cat-productos-de-limpieza","8":"product_cat-quimicos","9":"marcas-sucitesa-es","10":"certificats-eu-ecolabel-es","11":"caracteristiques-ecologicos-es","12":"zona-aplicacio-zona-cocina","14":"first","15":"instock","16":"product-type-simple"},"_links":{"self":[{"href":"https:\/\/dibosch.com\/es\/wp-json\/wp\/v2\/product\/12913","targetHints":{"allow":["GET"]}}],"collection":[{"href":"https:\/\/dibosch.com\/es\/wp-json\/wp\/v2\/product"}],"about":[{"href":"https:\/\/dibosch.com\/es\/wp-json\/wp\/v2\/types\/product"}],"replies":[{"embeddable":true,"href":"https:\/\/dibosch.com\/es\/wp-json\/wp\/v2\/comments?post=12913"}],"wp:featuredmedia":[{"embeddable":true,"href":"https:\/\/dibosch.com\/es\/wp-json\/wp\/v2\/media\/26799"}],"wp:attachment":[{"href":"https:\/\/dibosch.com\/es\/wp-json\/wp\/v2\/media?parent=12913"}],"wp:term":[{"taxonomy":"product_brand","embeddable":true,"href":"https:\/\/dibosch.com\/es\/wp-json\/wp\/v2\/product_brand?post=12913"},{"taxonomy":"product_cat","embeddable":true,"href":"https:\/\/dibosch.com\/es\/wp-json\/wp\/v2\/product_cat?post=12913"},{"taxonomy":"product_tag","embeddable":true,"href":"https:\/\/dibosch.com\/es\/wp-json\/wp\/v2\/product_tag?post=12913"},{"taxonomy":"marcas","embeddable":true,"href":"https:\/\/dibosch.com\/es\/wp-json\/wp\/v2\/marcas?post=12913"},{"taxonomy":"certificats","embeddable":true,"href":"https:\/\/dibosch.com\/es\/wp-json\/wp\/v2\/certificats?post=12913"},{"taxonomy":"caracteristiques","embeddable":true,"href":"https:\/\/dibosch.com\/es\/wp-json\/wp\/v2\/caracteristiques?post=12913"},{"taxonomy":"tipus-productes","embeddable":true,"href":"https:\/\/dibosch.com\/es\/wp-json\/wp\/v2\/tipus-productes?post=12913"},{"taxonomy":"zona-aplicacio","embeddable":true,"href":"https:\/\/dibosch.com\/es\/wp-json\/wp\/v2\/zona-aplicacio?post=12913"},{"taxonomy":"tipus-maquinaria","embeddable":true,"href":"https:\/\/dibosch.com\/es\/wp-json\/wp\/v2\/tipus-maquinaria?post=12913"}],"curies":[{"name":"wp","href":"https:\/\/api.w.org\/{rel}","templated":true}]}}