{"id":12917,"date":"2022-12-07T10:48:47","date_gmt":"2022-12-07T10:48:47","guid":{"rendered":"https:\/\/www.dibosch.com\/producto\/bayeta-absorvente-vileda\/"},"modified":"2024-03-26T16:08:00","modified_gmt":"2024-03-26T16:08:00","slug":"bayeta-absorbente-villana","status":"publish","type":"product","link":"https:\/\/dibosch.com\/es\/producto\/bayeta-absorbente-villana\/","title":{"rendered":"BAYETA ABSORBENTE &#8211; VILEDA"},"content":{"rendered":"<p><strong>Descripci\u00f3n de producto:<\/strong><\/p>\n<p>Bayeta de tela sin tejer, fabricada con componentes tradicionales de alta durabilidad, con un dise\u00f1o floreado que nos ayuda a decorar el espacio donde se ubica. Presentado en formato rollo de 4,8 metros para usos profesionales.<\/p>\n<p>&nbsp;<\/p>\n<p><strong>C\u00f3mo utilizar:<\/strong><\/p>\n<p>\u2022 Medir la superficie a cubrir extendiendo el trozo de bayeta necesario para colocar la cristaler\u00eda o la vajilla, dej\u00e1ndola escurrir.<br \/>\n\u2022 Lavar la bayeta una vez que se ensucie.<br \/>\n\u2022 Aclarar bien con abundante agua antes del primer uso.<\/p>\n<p>&nbsp;<\/p>\n<p><strong>\u00c1rea de aplicaci\u00f3n:<\/strong><\/p>\n<p>En cocinas o barras de bar para depositar sobre ella cristaler\u00eda y\/o vajilla, y permitir su secado.<\/p>\n<p>Puede utilizarse de forma est\u00e1tica, pero tambi\u00e9n din\u00e1mica para secar superficies r\u00e1pidamente.<\/p>\n","protected":false},"excerpt":{"rendered":"<p>Bayeta de r\u00e1pida absorci\u00f3n espec\u00edfica por vajilla.<\/p>\n","protected":false},"featured_media":21583,"comment_status":"closed","ping_status":"closed","template":"","meta":[],"product_brand":[],"product_cat":[753,713,684],"product_tag":[],"marcas":[928],"certificats":[],"caracteristiques":[],"tipus-productes":[],"zona-aplicacio":[],"tipus-maquinaria":[],"class_list":{"0":"post-12917","1":"product","2":"type-product","3":"status-publish","4":"has-post-thumbnail","6":"product_cat-bayetas-y-panos","7":"product_cat-utensilios","8":"product_cat-utiles-de-limpieza","9":"marcas-vileda-es","11":"first","12":"instock","13":"product-type-simple"},"_links":{"self":[{"href":"https:\/\/dibosch.com\/es\/wp-json\/wp\/v2\/product\/12917","targetHints":{"allow":["GET"]}}],"collection":[{"href":"https:\/\/dibosch.com\/es\/wp-json\/wp\/v2\/product"}],"about":[{"href":"https:\/\/dibosch.com\/es\/wp-json\/wp\/v2\/types\/product"}],"replies":[{"embeddable":true,"href":"https:\/\/dibosch.com\/es\/wp-json\/wp\/v2\/comments?post=12917"}],"wp:featuredmedia":[{"embeddable":true,"href":"https:\/\/dibosch.com\/es\/wp-json\/wp\/v2\/media\/21583"}],"wp:attachment":[{"href":"https:\/\/dibosch.com\/es\/wp-json\/wp\/v2\/media?parent=12917"}],"wp:term":[{"taxonomy":"product_brand","embeddable":true,"href":"https:\/\/dibosch.com\/es\/wp-json\/wp\/v2\/product_brand?post=12917"},{"taxonomy":"product_cat","embeddable":true,"href":"https:\/\/dibosch.com\/es\/wp-json\/wp\/v2\/product_cat?post=12917"},{"taxonomy":"product_tag","embeddable":true,"href":"https:\/\/dibosch.com\/es\/wp-json\/wp\/v2\/product_tag?post=12917"},{"taxonomy":"marcas","embeddable":true,"href":"https:\/\/dibosch.com\/es\/wp-json\/wp\/v2\/marcas?post=12917"},{"taxonomy":"certificats","embeddable":true,"href":"https:\/\/dibosch.com\/es\/wp-json\/wp\/v2\/certificats?post=12917"},{"taxonomy":"caracteristiques","embeddable":true,"href":"https:\/\/dibosch.com\/es\/wp-json\/wp\/v2\/caracteristiques?post=12917"},{"taxonomy":"tipus-productes","embeddable":true,"href":"https:\/\/dibosch.com\/es\/wp-json\/wp\/v2\/tipus-productes?post=12917"},{"taxonomy":"zona-aplicacio","embeddable":true,"href":"https:\/\/dibosch.com\/es\/wp-json\/wp\/v2\/zona-aplicacio?post=12917"},{"taxonomy":"tipus-maquinaria","embeddable":true,"href":"https:\/\/dibosch.com\/es\/wp-json\/wp\/v2\/tipus-maquinaria?post=12917"}],"curies":[{"name":"wp","href":"https:\/\/api.w.org\/{rel}","templated":true}]}}