{"id":12939,"date":"2022-12-07T10:49:24","date_gmt":"2022-12-07T10:49:24","guid":{"rendered":"https:\/\/www.dibosch.com\/producto\/kit-uni-junior-00005075vk01\/"},"modified":"2024-03-26T16:08:05","modified_gmt":"2024-03-26T16:08:05","slug":"kit-uni-junior-00005075vk01","status":"publish","type":"product","link":"https:\/\/dibosch.com\/es\/producto\/kit-uni-junior-00005075vk01\/","title":{"rendered":"KIT UNI JUNIOR -00005075VK01- &#8211; TTS"},"content":{"rendered":"<p><strong>Caracter\u00edsticas del producto:<\/strong><\/p>\n<p>Kit: bastidor Uni Junior con anilla, recambio mopa Soft Band 35 cm y cubo individual 14 L con prensa<\/p>\n<p>Sistema plano semi-profesional con micro aletas<\/p>\n<p>Ideal para la limpieza semiprofesional de alto rendimiento de superficies horizontales y verticales<\/p>\n<p>Vers\u00e1til: asegura una limpieza r\u00e1pida y f\u00e1cil de superficies horizontales y verticales<\/p>\n<p>Ergon\u00f3mico: no es necesario agacharse durante el uso protegiendo la salud de la espalda y las articulaciones<\/p>\n<p>Pr\u00e1ctico: el sistema de f\u00e1cil apertura permite una utilizaci\u00f3n de la herramienta r\u00e1pida<\/p>\n<p>Eficiente: el recambio se engancha en el bastidor r\u00e1pidamente y permanece fijo durante el uso<\/p>\n","protected":false},"excerpt":{"rendered":"<p>bastidor Uni Junior, repuesto mopa Soft Band 35 cm y cubo individual 14 L con prensa<\/p>\n","protected":false},"featured_media":22000,"comment_status":"closed","ping_status":"closed","template":"","meta":[],"product_brand":[],"product_cat":[714,713,684],"product_tag":[],"marcas":[917],"certificats":[],"caracteristiques":[],"tipus-productes":[],"zona-aplicacio":[],"tipus-maquinaria":[],"class_list":{"0":"post-12939","1":"product","2":"type-product","3":"status-publish","4":"has-post-thumbnail","6":"product_cat-mopas","7":"product_cat-utensilios","8":"product_cat-utiles-de-limpieza","9":"marcas-tts-es","11":"first","12":"instock","13":"product-type-simple"},"_links":{"self":[{"href":"https:\/\/dibosch.com\/es\/wp-json\/wp\/v2\/product\/12939","targetHints":{"allow":["GET"]}}],"collection":[{"href":"https:\/\/dibosch.com\/es\/wp-json\/wp\/v2\/product"}],"about":[{"href":"https:\/\/dibosch.com\/es\/wp-json\/wp\/v2\/types\/product"}],"replies":[{"embeddable":true,"href":"https:\/\/dibosch.com\/es\/wp-json\/wp\/v2\/comments?post=12939"}],"wp:featuredmedia":[{"embeddable":true,"href":"https:\/\/dibosch.com\/es\/wp-json\/wp\/v2\/media\/22000"}],"wp:attachment":[{"href":"https:\/\/dibosch.com\/es\/wp-json\/wp\/v2\/media?parent=12939"}],"wp:term":[{"taxonomy":"product_brand","embeddable":true,"href":"https:\/\/dibosch.com\/es\/wp-json\/wp\/v2\/product_brand?post=12939"},{"taxonomy":"product_cat","embeddable":true,"href":"https:\/\/dibosch.com\/es\/wp-json\/wp\/v2\/product_cat?post=12939"},{"taxonomy":"product_tag","embeddable":true,"href":"https:\/\/dibosch.com\/es\/wp-json\/wp\/v2\/product_tag?post=12939"},{"taxonomy":"marcas","embeddable":true,"href":"https:\/\/dibosch.com\/es\/wp-json\/wp\/v2\/marcas?post=12939"},{"taxonomy":"certificats","embeddable":true,"href":"https:\/\/dibosch.com\/es\/wp-json\/wp\/v2\/certificats?post=12939"},{"taxonomy":"caracteristiques","embeddable":true,"href":"https:\/\/dibosch.com\/es\/wp-json\/wp\/v2\/caracteristiques?post=12939"},{"taxonomy":"tipus-productes","embeddable":true,"href":"https:\/\/dibosch.com\/es\/wp-json\/wp\/v2\/tipus-productes?post=12939"},{"taxonomy":"zona-aplicacio","embeddable":true,"href":"https:\/\/dibosch.com\/es\/wp-json\/wp\/v2\/zona-aplicacio?post=12939"},{"taxonomy":"tipus-maquinaria","embeddable":true,"href":"https:\/\/dibosch.com\/es\/wp-json\/wp\/v2\/tipus-maquinaria?post=12939"}],"curies":[{"name":"wp","href":"https:\/\/api.w.org\/{rel}","templated":true}]}}