{"id":12940,"date":"2022-12-07T10:49:33","date_gmt":"2022-12-07T10:49:33","guid":{"rendered":"https:\/\/www.dibosch.com\/producto\/m-pistola-e-spray\/"},"modified":"2024-03-26T16:08:06","modified_gmt":"2024-03-26T16:08:06","slug":"m-pistola-e-spray","status":"publish","type":"product","link":"https:\/\/dibosch.com\/es\/producto\/m-pistola-e-spray\/","title":{"rendered":"M- PISTOLA E-SPRAY &#8211; COMAC"},"content":{"rendered":"<p>COMAC E-SPRAY es una pistola pulverizadora profesional que genera una carga electroest\u00e1tica, cuyas gotas son atra\u00eddas por la superficie creando una protecci\u00f3n de 360\u00b0, un revestimiento higienizante.<\/p>\n","protected":false},"excerpt":{"rendered":"<p>Micropulverizador a bater\u00edas con tecnolog\u00eda electroest\u00e1tica. Autonom\u00eda de 3 horas. 100 \u00b5m<\/p>\n","protected":false},"featured_media":11388,"comment_status":"closed","ping_status":"closed","template":"","meta":[],"product_brand":[],"product_cat":[577,722],"product_tag":[],"marcas":[],"certificats":[],"caracteristiques":[],"tipus-productes":[],"zona-aplicacio":[],"tipus-maquinaria":[],"class_list":{"0":"post-12940","1":"product","2":"type-product","3":"status-publish","4":"has-post-thumbnail","6":"product_cat-maquinas","7":"product_cat-maquinas-especificas-de-limpieza","9":"first","10":"instock","11":"product-type-simple"},"_links":{"self":[{"href":"https:\/\/dibosch.com\/es\/wp-json\/wp\/v2\/product\/12940","targetHints":{"allow":["GET"]}}],"collection":[{"href":"https:\/\/dibosch.com\/es\/wp-json\/wp\/v2\/product"}],"about":[{"href":"https:\/\/dibosch.com\/es\/wp-json\/wp\/v2\/types\/product"}],"replies":[{"embeddable":true,"href":"https:\/\/dibosch.com\/es\/wp-json\/wp\/v2\/comments?post=12940"}],"wp:featuredmedia":[{"embeddable":true,"href":"https:\/\/dibosch.com\/es\/wp-json\/wp\/v2\/media\/11388"}],"wp:attachment":[{"href":"https:\/\/dibosch.com\/es\/wp-json\/wp\/v2\/media?parent=12940"}],"wp:term":[{"taxonomy":"product_brand","embeddable":true,"href":"https:\/\/dibosch.com\/es\/wp-json\/wp\/v2\/product_brand?post=12940"},{"taxonomy":"product_cat","embeddable":true,"href":"https:\/\/dibosch.com\/es\/wp-json\/wp\/v2\/product_cat?post=12940"},{"taxonomy":"product_tag","embeddable":true,"href":"https:\/\/dibosch.com\/es\/wp-json\/wp\/v2\/product_tag?post=12940"},{"taxonomy":"marcas","embeddable":true,"href":"https:\/\/dibosch.com\/es\/wp-json\/wp\/v2\/marcas?post=12940"},{"taxonomy":"certificats","embeddable":true,"href":"https:\/\/dibosch.com\/es\/wp-json\/wp\/v2\/certificats?post=12940"},{"taxonomy":"caracteristiques","embeddable":true,"href":"https:\/\/dibosch.com\/es\/wp-json\/wp\/v2\/caracteristiques?post=12940"},{"taxonomy":"tipus-productes","embeddable":true,"href":"https:\/\/dibosch.com\/es\/wp-json\/wp\/v2\/tipus-productes?post=12940"},{"taxonomy":"zona-aplicacio","embeddable":true,"href":"https:\/\/dibosch.com\/es\/wp-json\/wp\/v2\/zona-aplicacio?post=12940"},{"taxonomy":"tipus-maquinaria","embeddable":true,"href":"https:\/\/dibosch.com\/es\/wp-json\/wp\/v2\/tipus-maquinaria?post=12940"}],"curies":[{"name":"wp","href":"https:\/\/api.w.org\/{rel}","templated":true}]}}