{"id":12950,"date":"2022-12-07T10:49:14","date_gmt":"2022-12-07T10:49:14","guid":{"rendered":"https:\/\/www.dibosch.com\/producto\/m-aspirador-tc600-002-t11-boc\/"},"modified":"2024-03-26T16:08:08","modified_gmt":"2024-03-26T16:08:08","slug":"m-aspirador-tc600-002-t11-chivo","status":"publish","type":"product","link":"https:\/\/dibosch.com\/es\/producto\/m-aspirador-tc600-002-t11-chivo\/","title":{"rendered":"M- ASPIRADOR TC600-002 T11 BOC"},"content":{"rendered":"<p>El TC600 es el aspirador m\u00e1s potente de la gama dedicado a la recuperaci\u00f3n y la separaci\u00f3n del aceite de las virutas.<\/p>\n<p>Potente turbina, capacidad de recogida de l\u00edquidos de 600 litros y virutas de 75.<\/p>\n<p>Se puede perforar con una carretilla elevadora para facilitar el manejo, es la soluci\u00f3n ideal para la aspiraci\u00f3n de aceites y emulsiones, tambi\u00e9n se mezcla con p\u00f3lvoras o barro de m\u00e1quinas herramienta CNC.<\/p>\n<p>El mantenimiento de la m\u00e1quina ya no ser\u00e1 un problema gracias a este aspirador.<\/p>\n","protected":false},"excerpt":{"rendered":"<p>Tensi\u00f3n: 400V | Puede: 11 kW | Depresi\u00f3n 6000 mmH?O |Cabal: 480 m?\/h | Ninguna. s\u00f3lido: 75 l |Cap. l\u00edquido: 610 l | Vaciado por bomba | accesorios excluidos<\/p>\n","protected":false},"featured_media":24712,"comment_status":"closed","ping_status":"closed","template":"","meta":[],"product_brand":[],"product_cat":[578,577],"product_tag":[],"marcas":[],"certificats":[],"caracteristiques":[],"tipus-productes":[],"zona-aplicacio":[],"tipus-maquinaria":[],"class_list":{"0":"post-12950","1":"product","2":"type-product","3":"status-publish","4":"has-post-thumbnail","6":"product_cat-aspiradores-industriales","7":"product_cat-maquinas","9":"first","10":"instock","11":"product-type-simple"},"_links":{"self":[{"href":"https:\/\/dibosch.com\/es\/wp-json\/wp\/v2\/product\/12950","targetHints":{"allow":["GET"]}}],"collection":[{"href":"https:\/\/dibosch.com\/es\/wp-json\/wp\/v2\/product"}],"about":[{"href":"https:\/\/dibosch.com\/es\/wp-json\/wp\/v2\/types\/product"}],"replies":[{"embeddable":true,"href":"https:\/\/dibosch.com\/es\/wp-json\/wp\/v2\/comments?post=12950"}],"wp:featuredmedia":[{"embeddable":true,"href":"https:\/\/dibosch.com\/es\/wp-json\/wp\/v2\/media\/24712"}],"wp:attachment":[{"href":"https:\/\/dibosch.com\/es\/wp-json\/wp\/v2\/media?parent=12950"}],"wp:term":[{"taxonomy":"product_brand","embeddable":true,"href":"https:\/\/dibosch.com\/es\/wp-json\/wp\/v2\/product_brand?post=12950"},{"taxonomy":"product_cat","embeddable":true,"href":"https:\/\/dibosch.com\/es\/wp-json\/wp\/v2\/product_cat?post=12950"},{"taxonomy":"product_tag","embeddable":true,"href":"https:\/\/dibosch.com\/es\/wp-json\/wp\/v2\/product_tag?post=12950"},{"taxonomy":"marcas","embeddable":true,"href":"https:\/\/dibosch.com\/es\/wp-json\/wp\/v2\/marcas?post=12950"},{"taxonomy":"certificats","embeddable":true,"href":"https:\/\/dibosch.com\/es\/wp-json\/wp\/v2\/certificats?post=12950"},{"taxonomy":"caracteristiques","embeddable":true,"href":"https:\/\/dibosch.com\/es\/wp-json\/wp\/v2\/caracteristiques?post=12950"},{"taxonomy":"tipus-productes","embeddable":true,"href":"https:\/\/dibosch.com\/es\/wp-json\/wp\/v2\/tipus-productes?post=12950"},{"taxonomy":"zona-aplicacio","embeddable":true,"href":"https:\/\/dibosch.com\/es\/wp-json\/wp\/v2\/zona-aplicacio?post=12950"},{"taxonomy":"tipus-maquinaria","embeddable":true,"href":"https:\/\/dibosch.com\/es\/wp-json\/wp\/v2\/tipus-maquinaria?post=12950"}],"curies":[{"name":"wp","href":"https:\/\/api.w.org\/{rel}","templated":true}]}}