{"id":12955,"date":"2022-12-07T10:50:18","date_gmt":"2022-12-07T10:50:18","guid":{"rendered":"https:\/\/www.dibosch.com\/producto\/m-carmen-mini-inox-24-7-completa\/"},"modified":"2024-03-26T16:08:09","modified_gmt":"2024-03-26T16:08:09","slug":"m-carmen-mini-inox-24-7-completa","status":"publish","type":"product","link":"https:\/\/dibosch.com\/es\/producto\/m-carmen-mini-inox-24-7-completa\/","title":{"rendered":"CARMEN MINI INOX 24\/7 COMPLETA &#8211; TECNOVAP"},"content":{"rendered":"<p>El generador de vapor Carmen Mine de TECNOVAP, es un modelo monof\u00e1sico con chasis de acero inoxidable, sistema de recarga autom\u00e1tica con control electromec\u00e1nico del nivel del agua dentro de la caldera &#8211; True Temp\u2122, inyecci\u00f3n de detergente, combinado con una aspiradora en humedo seco equipado con sistema de separaci\u00f3n y filtro de agua con un flotador. Carro ARENA de serie con la m\u00e1quina. Cono sistema de agua sobrecalentada.<\/p>\n","protected":false},"excerpt":{"rendered":"<p>| T\u00ba 165\u00baC | peso 30kg | 220V &#8211; 2,45kW | Aspriadora y accesorios incluidos | trabajo continuo y sistema de agua sobrecalentada<\/p>\n","protected":false},"featured_media":24900,"comment_status":"closed","ping_status":"closed","template":"","meta":[],"product_brand":[],"product_cat":[1111,761,577],"product_tag":[],"marcas":[913],"certificats":[],"caracteristiques":[],"tipus-productes":[],"zona-aplicacio":[952],"tipus-maquinaria":[],"class_list":{"0":"post-12955","1":"product","2":"type-product","3":"status-publish","4":"has-post-thumbnail","6":"product_cat-con-aspiracion","7":"product_cat-vapor-industrial-es","8":"product_cat-maquinas","9":"marcas-tecnovap-es","10":"zona-aplicacio-moqueta-y-tejidos","12":"first","13":"instock","14":"product-type-simple"},"_links":{"self":[{"href":"https:\/\/dibosch.com\/es\/wp-json\/wp\/v2\/product\/12955","targetHints":{"allow":["GET"]}}],"collection":[{"href":"https:\/\/dibosch.com\/es\/wp-json\/wp\/v2\/product"}],"about":[{"href":"https:\/\/dibosch.com\/es\/wp-json\/wp\/v2\/types\/product"}],"replies":[{"embeddable":true,"href":"https:\/\/dibosch.com\/es\/wp-json\/wp\/v2\/comments?post=12955"}],"wp:featuredmedia":[{"embeddable":true,"href":"https:\/\/dibosch.com\/es\/wp-json\/wp\/v2\/media\/24900"}],"wp:attachment":[{"href":"https:\/\/dibosch.com\/es\/wp-json\/wp\/v2\/media?parent=12955"}],"wp:term":[{"taxonomy":"product_brand","embeddable":true,"href":"https:\/\/dibosch.com\/es\/wp-json\/wp\/v2\/product_brand?post=12955"},{"taxonomy":"product_cat","embeddable":true,"href":"https:\/\/dibosch.com\/es\/wp-json\/wp\/v2\/product_cat?post=12955"},{"taxonomy":"product_tag","embeddable":true,"href":"https:\/\/dibosch.com\/es\/wp-json\/wp\/v2\/product_tag?post=12955"},{"taxonomy":"marcas","embeddable":true,"href":"https:\/\/dibosch.com\/es\/wp-json\/wp\/v2\/marcas?post=12955"},{"taxonomy":"certificats","embeddable":true,"href":"https:\/\/dibosch.com\/es\/wp-json\/wp\/v2\/certificats?post=12955"},{"taxonomy":"caracteristiques","embeddable":true,"href":"https:\/\/dibosch.com\/es\/wp-json\/wp\/v2\/caracteristiques?post=12955"},{"taxonomy":"tipus-productes","embeddable":true,"href":"https:\/\/dibosch.com\/es\/wp-json\/wp\/v2\/tipus-productes?post=12955"},{"taxonomy":"zona-aplicacio","embeddable":true,"href":"https:\/\/dibosch.com\/es\/wp-json\/wp\/v2\/zona-aplicacio?post=12955"},{"taxonomy":"tipus-maquinaria","embeddable":true,"href":"https:\/\/dibosch.com\/es\/wp-json\/wp\/v2\/tipus-maquinaria?post=12955"}],"curies":[{"name":"wp","href":"https:\/\/api.w.org\/{rel}","templated":true}]}}