{"id":12956,"date":"2022-12-07T10:49:43","date_gmt":"2022-12-07T10:49:43","guid":{"rendered":"https:\/\/www.dibosch.com\/producto\/m-evo-304-24-702400w-230v-8bar\/"},"modified":"2024-03-26T16:08:10","modified_gmt":"2024-03-26T16:08:10","slug":"m-evo-304-24-702400w-230v-8bar","status":"publish","type":"product","link":"https:\/\/dibosch.com\/es\/producto\/m-evo-304-24-702400w-230v-8bar\/","title":{"rendered":"EVO 304 24\/702400W 230V 8bar- TECNOVAP"},"content":{"rendered":"<p><strong>GENERADOR DE VAPOR MONOF\u00c1SICO<\/strong>\u00a0con carrocer\u00eda de acero inox, recarga autom\u00e1tica con sensor de nivel electromec\u00e1nico al interno de la caldera &#8211; True Temp. Instrumento digital con funci\u00f3n de: term\u00f3metro, man\u00f3metro, cuentahoras, aviso \u00abCALC\u00bb para limpieza caldera.<\/p>\n<p><strong>DATOS T\u00c9CNICOS<\/strong><\/p>\n<p>Caldera Acero inox AISI 304 (con resistencia desmontable PATENT)<br \/>\nCarrocer\u00eda Acero inox AISI 304 (BA)<br \/>\nVolumen caldera 1,5 l<br \/>\nPotenc\u00eda m\u00e1xima 2,45 kW<br \/>\nPotenc\u00eda caldera 2,4 kW<br \/>\nDeposito de agua 3 l<br \/>\nPresi\u00f3n operativa 8 bar \/ 116 psi<br \/>\nTemperatura vapor 170\u00b0 C \/ 338\u00b0 F<br \/>\nProducci\u00f3n de vapor (g\/min) 62 g\/min. &#8211; 3,7 kg\/h<br \/>\nCable de alimentaci\u00f3n 5 m<br \/>\nPeso 16 kg \/ 35 lb<\/p>\n","protected":false},"excerpt":{"rendered":"<p>Caldera 4 l | Presi\u00f3n: 8bar | capital 64gr\/minuto |T\u00ba 170\u00baC | peso 14kg | 220V &#8211; 2,45kW | accesorios incluidos | trabajo continuo<\/p>\n","protected":false},"featured_media":26309,"comment_status":"closed","ping_status":"closed","template":"","meta":[],"product_brand":[],"product_cat":[761,577],"product_tag":[],"marcas":[913],"certificats":[],"caracteristiques":[],"tipus-productes":[],"zona-aplicacio":[953,952,954,945,944,948,950,949,955,946],"tipus-maquinaria":[],"class_list":{"0":"post-12956","1":"product","2":"type-product","3":"status-publish","4":"has-post-thumbnail","6":"product_cat-vapor-industrial-es","7":"product_cat-maquinas","8":"marcas-tecnovap-es","9":"zona-aplicacio-cristales-y-espejos","10":"zona-aplicacio-moqueta-y-tejidos","11":"zona-aplicacio-superficies-verticales","12":"zona-aplicacio-zona-bano","13":"zona-aplicacio-zona-cocina","14":"zona-aplicacio-zona-habitaciones","15":"zona-aplicacio-zona-manipulacion-de-alimentos-industria","16":"zona-aplicacio-zona-produccion-y-talleres","17":"zona-aplicacio-zona-sanitaria","18":"zona-aplicacio-zonas-comunes","20":"first","21":"instock","22":"product-type-simple"},"_links":{"self":[{"href":"https:\/\/dibosch.com\/es\/wp-json\/wp\/v2\/product\/12956","targetHints":{"allow":["GET"]}}],"collection":[{"href":"https:\/\/dibosch.com\/es\/wp-json\/wp\/v2\/product"}],"about":[{"href":"https:\/\/dibosch.com\/es\/wp-json\/wp\/v2\/types\/product"}],"replies":[{"embeddable":true,"href":"https:\/\/dibosch.com\/es\/wp-json\/wp\/v2\/comments?post=12956"}],"wp:featuredmedia":[{"embeddable":true,"href":"https:\/\/dibosch.com\/es\/wp-json\/wp\/v2\/media\/26309"}],"wp:attachment":[{"href":"https:\/\/dibosch.com\/es\/wp-json\/wp\/v2\/media?parent=12956"}],"wp:term":[{"taxonomy":"product_brand","embeddable":true,"href":"https:\/\/dibosch.com\/es\/wp-json\/wp\/v2\/product_brand?post=12956"},{"taxonomy":"product_cat","embeddable":true,"href":"https:\/\/dibosch.com\/es\/wp-json\/wp\/v2\/product_cat?post=12956"},{"taxonomy":"product_tag","embeddable":true,"href":"https:\/\/dibosch.com\/es\/wp-json\/wp\/v2\/product_tag?post=12956"},{"taxonomy":"marcas","embeddable":true,"href":"https:\/\/dibosch.com\/es\/wp-json\/wp\/v2\/marcas?post=12956"},{"taxonomy":"certificats","embeddable":true,"href":"https:\/\/dibosch.com\/es\/wp-json\/wp\/v2\/certificats?post=12956"},{"taxonomy":"caracteristiques","embeddable":true,"href":"https:\/\/dibosch.com\/es\/wp-json\/wp\/v2\/caracteristiques?post=12956"},{"taxonomy":"tipus-productes","embeddable":true,"href":"https:\/\/dibosch.com\/es\/wp-json\/wp\/v2\/tipus-productes?post=12956"},{"taxonomy":"zona-aplicacio","embeddable":true,"href":"https:\/\/dibosch.com\/es\/wp-json\/wp\/v2\/zona-aplicacio?post=12956"},{"taxonomy":"tipus-maquinaria","embeddable":true,"href":"https:\/\/dibosch.com\/es\/wp-json\/wp\/v2\/tipus-maquinaria?post=12956"}],"curies":[{"name":"wp","href":"https:\/\/api.w.org\/{rel}","templated":true}]}}