{"id":12957,"date":"2022-12-07T10:49:52","date_gmt":"2022-12-07T10:49:52","guid":{"rendered":"https:\/\/www.dibosch.com\/producto\/fd-oxivir-plus-spray-6x0-75\/"},"modified":"2024-03-26T16:08:10","modified_gmt":"2024-03-26T16:08:10","slug":"fd-oxivir-plus-spray-6x0-75","status":"publish","type":"product","link":"https:\/\/dibosch.com\/es\/producto\/fd-oxivir-plus-spray-6x0-75\/","title":{"rendered":"FD- OXIVIR PLUS SPRAY (6&#215;0.75) &#8211; DIVERSEY"},"content":{"rendered":"<p><strong>Caracter\u00edsticas del producto:<\/strong><\/p>\n<p>Diversey Oxivir Plus Spray es detergente desinfectante l\u00edquido listo para usar en la limpieza y desinfecci\u00f3n de todas las superficies duras resistentes al agua y la mayor\u00eda de mobiliario delicado<\/p>\n<p>&nbsp;<\/p>\n<p><strong>Manual de uso:<\/strong><\/p>\n<p>Limpieza y desinfecci\u00f3n con pulverizaci\u00f3n:<br \/>\n1. Eliminar la suciedad suelta.<br \/>\n2. Pulverizar sobre las superficies.<br \/>\n3. Limpiar con un pa\u00f1o limpio.<\/p>\n<p>Para desinfectar Norovirus: Realice una limpieza previa a la desinfecci\u00f3n. Deje que act\u00fae el producto manteniendo la superficie h\u00fameda al menos 2 minutos.<\/p>\n<p>&nbsp;<\/p>\n<p><strong>Indicado para:<\/strong><\/p>\n<p>Superficies duras no porosas.<\/p>\n","protected":false},"excerpt":{"rendered":"<p>detergente desinfectante l\u00edquido listo para utilizar en la limpieza y desinfecci\u00f3n de todas superficies<\/p>\n","protected":false},"featured_media":21354,"comment_status":"closed","ping_status":"closed","template":"","meta":[],"product_brand":[],"product_cat":[768,715],"product_tag":[],"marcas":[],"certificats":[],"caracteristiques":[],"tipus-productes":[],"zona-aplicacio":[],"tipus-maquinaria":[],"class_list":{"0":"post-12957","1":"product","2":"type-product","3":"status-publish","4":"has-post-thumbnail","6":"product_cat-desinfectantes","7":"product_cat-especificos-para-industria-alimentaria","9":"first","10":"instock","11":"product-type-simple"},"_links":{"self":[{"href":"https:\/\/dibosch.com\/es\/wp-json\/wp\/v2\/product\/12957","targetHints":{"allow":["GET"]}}],"collection":[{"href":"https:\/\/dibosch.com\/es\/wp-json\/wp\/v2\/product"}],"about":[{"href":"https:\/\/dibosch.com\/es\/wp-json\/wp\/v2\/types\/product"}],"replies":[{"embeddable":true,"href":"https:\/\/dibosch.com\/es\/wp-json\/wp\/v2\/comments?post=12957"}],"wp:featuredmedia":[{"embeddable":true,"href":"https:\/\/dibosch.com\/es\/wp-json\/wp\/v2\/media\/21354"}],"wp:attachment":[{"href":"https:\/\/dibosch.com\/es\/wp-json\/wp\/v2\/media?parent=12957"}],"wp:term":[{"taxonomy":"product_brand","embeddable":true,"href":"https:\/\/dibosch.com\/es\/wp-json\/wp\/v2\/product_brand?post=12957"},{"taxonomy":"product_cat","embeddable":true,"href":"https:\/\/dibosch.com\/es\/wp-json\/wp\/v2\/product_cat?post=12957"},{"taxonomy":"product_tag","embeddable":true,"href":"https:\/\/dibosch.com\/es\/wp-json\/wp\/v2\/product_tag?post=12957"},{"taxonomy":"marcas","embeddable":true,"href":"https:\/\/dibosch.com\/es\/wp-json\/wp\/v2\/marcas?post=12957"},{"taxonomy":"certificats","embeddable":true,"href":"https:\/\/dibosch.com\/es\/wp-json\/wp\/v2\/certificats?post=12957"},{"taxonomy":"caracteristiques","embeddable":true,"href":"https:\/\/dibosch.com\/es\/wp-json\/wp\/v2\/caracteristiques?post=12957"},{"taxonomy":"tipus-productes","embeddable":true,"href":"https:\/\/dibosch.com\/es\/wp-json\/wp\/v2\/tipus-productes?post=12957"},{"taxonomy":"zona-aplicacio","embeddable":true,"href":"https:\/\/dibosch.com\/es\/wp-json\/wp\/v2\/zona-aplicacio?post=12957"},{"taxonomy":"tipus-maquinaria","embeddable":true,"href":"https:\/\/dibosch.com\/es\/wp-json\/wp\/v2\/tipus-maquinaria?post=12957"}],"curies":[{"name":"wp","href":"https:\/\/api.w.org\/{rel}","templated":true}]}}