{"id":12977,"date":"2022-12-07T10:50:00","date_gmt":"2022-12-07T10:50:00","guid":{"rendered":"https:\/\/www.dibosch.com\/producto\/fd-suma-select-a7-bp10\/"},"modified":"2024-03-26T16:08:14","modified_gmt":"2024-03-26T16:08:14","slug":"fd-suma-select-a7-bp10","status":"publish","type":"product","link":"https:\/\/dibosch.com\/es\/producto\/fd-suma-select-a7-bp10\/","title":{"rendered":"FD- SUMA SELECT A7 BP10 &#8211; DIVERSEY"},"content":{"rendered":"<p><strong>Caracter\u00edsticas del producto:<\/strong><\/p>\n<p>Suma Select A7 es un abrillantador concentrado de baja espuma para lavado autom\u00e1tico de vajillas.<\/p>\n<p>Contiene una mezcla especial de tensioactivos no i\u00f3nicos que permiten un secado r\u00e1pido, uniforme y sin velos en aguas blandas y medio duras. Esta mezcla especial tambi\u00e9n evita la excesiva formaci\u00f3n de espuma en la m\u00e1quina<\/p>\n<p>&nbsp;<\/p>\n<p><strong>Modo de empleo:<\/strong><\/p>\n<p>Suma Select A7 est\u00e1 recomendado para usar en todo tipo de m\u00e1quina lavavajillas industriales. Usar a una concentraci\u00f3n m\u00ednima recomendada de 0,1ml\/Litro*, a una temperatura de 70-80\u02daC en aguas blandas o medio duras. Se dosifica autom\u00e1ticamente en el aclarado final usando los equipos de dosificaci\u00f3n autom\u00e1tica de Diversey o bien el propio dosificador que pueda tener la m\u00e1quina. Los niveles de dosificaci\u00f3n pueden modificarse en funci\u00f3n de las condiciones locales.<\/p>\n<p>&nbsp;<\/p>\n<p><strong>Indicado para:<\/strong><\/p>\n<p>Especialmente formulado para usarlo en una amplia gama de m\u00e1quinas lavavajillas<\/p>\n","protected":false},"excerpt":{"rendered":"<p>Abrillantador neutro concentrado<\/p>\n","protected":false},"featured_media":20818,"comment_status":"closed","ping_status":"closed","template":"","meta":[],"product_brand":[],"product_cat":[726,689,694],"product_tag":[],"marcas":[],"certificats":[],"caracteristiques":[939],"tipus-productes":[],"zona-aplicacio":[944],"tipus-maquinaria":[],"class_list":{"0":"post-12977","1":"product","2":"type-product","3":"status-publish","4":"has-post-thumbnail","6":"product_cat-lavavajillas-automatico","7":"product_cat-productos-de-limpieza","8":"product_cat-quimicos","9":"caracteristiques-concentrados-es","10":"zona-aplicacio-zona-cocina","12":"first","13":"instock","14":"product-type-simple"},"_links":{"self":[{"href":"https:\/\/dibosch.com\/es\/wp-json\/wp\/v2\/product\/12977","targetHints":{"allow":["GET"]}}],"collection":[{"href":"https:\/\/dibosch.com\/es\/wp-json\/wp\/v2\/product"}],"about":[{"href":"https:\/\/dibosch.com\/es\/wp-json\/wp\/v2\/types\/product"}],"replies":[{"embeddable":true,"href":"https:\/\/dibosch.com\/es\/wp-json\/wp\/v2\/comments?post=12977"}],"wp:featuredmedia":[{"embeddable":true,"href":"https:\/\/dibosch.com\/es\/wp-json\/wp\/v2\/media\/20818"}],"wp:attachment":[{"href":"https:\/\/dibosch.com\/es\/wp-json\/wp\/v2\/media?parent=12977"}],"wp:term":[{"taxonomy":"product_brand","embeddable":true,"href":"https:\/\/dibosch.com\/es\/wp-json\/wp\/v2\/product_brand?post=12977"},{"taxonomy":"product_cat","embeddable":true,"href":"https:\/\/dibosch.com\/es\/wp-json\/wp\/v2\/product_cat?post=12977"},{"taxonomy":"product_tag","embeddable":true,"href":"https:\/\/dibosch.com\/es\/wp-json\/wp\/v2\/product_tag?post=12977"},{"taxonomy":"marcas","embeddable":true,"href":"https:\/\/dibosch.com\/es\/wp-json\/wp\/v2\/marcas?post=12977"},{"taxonomy":"certificats","embeddable":true,"href":"https:\/\/dibosch.com\/es\/wp-json\/wp\/v2\/certificats?post=12977"},{"taxonomy":"caracteristiques","embeddable":true,"href":"https:\/\/dibosch.com\/es\/wp-json\/wp\/v2\/caracteristiques?post=12977"},{"taxonomy":"tipus-productes","embeddable":true,"href":"https:\/\/dibosch.com\/es\/wp-json\/wp\/v2\/tipus-productes?post=12977"},{"taxonomy":"zona-aplicacio","embeddable":true,"href":"https:\/\/dibosch.com\/es\/wp-json\/wp\/v2\/zona-aplicacio?post=12977"},{"taxonomy":"tipus-maquinaria","embeddable":true,"href":"https:\/\/dibosch.com\/es\/wp-json\/wp\/v2\/tipus-maquinaria?post=12977"}],"curies":[{"name":"wp","href":"https:\/\/api.w.org\/{rel}","templated":true}]}}