{"id":12987,"date":"2022-12-07T10:50:00","date_gmt":"2022-12-07T10:50:00","guid":{"rendered":"https:\/\/www.dibosch.com\/producto\/vitro-1000-foam\/"},"modified":"2024-03-26T16:08:16","modified_gmt":"2024-03-26T16:08:16","slug":"vitro-1000-foam","status":"publish","type":"product","link":"https:\/\/dibosch.com\/es\/producto\/vitro-1000-foam\/","title":{"rendered":"VITRO 1000 FOAM &#8211; SUCITESA"},"content":{"rendered":"<p><strong>Caracter\u00edsticas del producto:<\/strong><\/p>\n<p>Limpia y abrillanta en una sola operaci\u00f3n cristales, espejos dem\u00e1s superficies similares. Brillo sin huellas. Secado r\u00e1pido. Producto sostenible desarrollado bajo estrictos criterios medioambientales y de seguridad, con la garant\u00eda LIFE CARE. Producto VEGANO. F\u00f3rmula que no contiene ning\u00fan ingrediente de origen animal.<\/p>\n<p>&nbsp;<\/p>\n<p><strong>Modo de empleo:<\/strong><\/p>\n<p>Pulverizar el producto sobre la superficie. Frotar con una gamuza hasta conseguir un brillo homog\u00e9neo. Indicado para la aplicaci\u00f3n mediante cubo y har\u00e1n limpiacristales. Diluci\u00f3n: 50-100 ml\/l.<\/p>\n<p>&nbsp;<\/p>\n<p><strong>Indicado para:<\/strong><\/p>\n<p>Cristales, espejos y superficies similares<\/p>\n","protected":false},"excerpt":{"rendered":"<p>Limpiacristales.<\/p>\n","protected":false},"featured_media":9726,"comment_status":"closed","ping_status":"closed","template":"","meta":[],"product_brand":[],"product_cat":[689,694,740],"product_tag":[],"marcas":[922],"certificats":[],"caracteristiques":[],"tipus-productes":[],"zona-aplicacio":[953,948,946],"tipus-maquinaria":[],"class_list":{"0":"post-12987","1":"product","2":"type-product","3":"status-publish","4":"has-post-thumbnail","6":"product_cat-productos-de-limpieza","7":"product_cat-quimicos","8":"product_cat-superficies-es","9":"marcas-sucitesa-es","10":"zona-aplicacio-cristales-y-espejos","11":"zona-aplicacio-zona-habitaciones","12":"zona-aplicacio-zonas-comunes","14":"first","15":"instock","16":"product-type-simple"},"_links":{"self":[{"href":"https:\/\/dibosch.com\/es\/wp-json\/wp\/v2\/product\/12987","targetHints":{"allow":["GET"]}}],"collection":[{"href":"https:\/\/dibosch.com\/es\/wp-json\/wp\/v2\/product"}],"about":[{"href":"https:\/\/dibosch.com\/es\/wp-json\/wp\/v2\/types\/product"}],"replies":[{"embeddable":true,"href":"https:\/\/dibosch.com\/es\/wp-json\/wp\/v2\/comments?post=12987"}],"wp:featuredmedia":[{"embeddable":true,"href":"https:\/\/dibosch.com\/es\/wp-json\/wp\/v2\/media\/9726"}],"wp:attachment":[{"href":"https:\/\/dibosch.com\/es\/wp-json\/wp\/v2\/media?parent=12987"}],"wp:term":[{"taxonomy":"product_brand","embeddable":true,"href":"https:\/\/dibosch.com\/es\/wp-json\/wp\/v2\/product_brand?post=12987"},{"taxonomy":"product_cat","embeddable":true,"href":"https:\/\/dibosch.com\/es\/wp-json\/wp\/v2\/product_cat?post=12987"},{"taxonomy":"product_tag","embeddable":true,"href":"https:\/\/dibosch.com\/es\/wp-json\/wp\/v2\/product_tag?post=12987"},{"taxonomy":"marcas","embeddable":true,"href":"https:\/\/dibosch.com\/es\/wp-json\/wp\/v2\/marcas?post=12987"},{"taxonomy":"certificats","embeddable":true,"href":"https:\/\/dibosch.com\/es\/wp-json\/wp\/v2\/certificats?post=12987"},{"taxonomy":"caracteristiques","embeddable":true,"href":"https:\/\/dibosch.com\/es\/wp-json\/wp\/v2\/caracteristiques?post=12987"},{"taxonomy":"tipus-productes","embeddable":true,"href":"https:\/\/dibosch.com\/es\/wp-json\/wp\/v2\/tipus-productes?post=12987"},{"taxonomy":"zona-aplicacio","embeddable":true,"href":"https:\/\/dibosch.com\/es\/wp-json\/wp\/v2\/zona-aplicacio?post=12987"},{"taxonomy":"tipus-maquinaria","embeddable":true,"href":"https:\/\/dibosch.com\/es\/wp-json\/wp\/v2\/tipus-maquinaria?post=12987"}],"curies":[{"name":"wp","href":"https:\/\/api.w.org\/{rel}","templated":true}]}}