{"id":12993,"date":"2022-12-07T10:49:56","date_gmt":"2022-12-07T10:49:56","guid":{"rendered":"https:\/\/www.dibosch.com\/producto\/recambio-plumero-bendy-acrilico-40cm\/"},"modified":"2024-03-26T16:08:18","modified_gmt":"2024-03-26T16:08:18","slug":"repuesto-plumero-bendy-acrilico-40cm","status":"publish","type":"product","link":"https:\/\/dibosch.com\/es\/producto\/repuesto-plumero-bendy-acrilico-40cm\/","title":{"rendered":"RECAMBIO PLUMERO BENDY ACR\u00cdLICO 40cm &#8211; TTS"},"content":{"rendered":"<p><strong>Caracter\u00edsticas del producto:<\/strong><\/p>\n<p>Recambio de acr\u00edlico azul para plumeros Bendy y Bit<\/p>\n<p>Sistema de plumero plegable o abatible para desempolvar<\/p>\n<p>Ideal para una limpieza r\u00e1pida y precisa de superficies inc\u00f3modas de alcanzar por altura, profundidad o inclinaci\u00f3n<\/p>\n<p>Eficaz: la acci\u00f3n electrost\u00e1tica natural que se genera al frotar las fibras acr\u00edlicas en las superficies las hace ideales para quitar el polvo<\/p>\n","protected":false},"excerpt":{"rendered":"<p>Recambio de acr\u00edlico azul por plumeros Bendy\/ Bit<\/p>\n","protected":false},"featured_media":22885,"comment_status":"closed","ping_status":"closed","template":"","meta":[],"product_brand":[],"product_cat":[713,684,764],"product_tag":[],"marcas":[917],"certificats":[],"caracteristiques":[],"tipus-productes":[],"zona-aplicacio":[],"tipus-maquinaria":[],"class_list":{"0":"post-12993","1":"product","2":"type-product","3":"status-publish","4":"has-post-thumbnail","6":"product_cat-utensilios","7":"product_cat-utiles-de-limpieza","8":"product_cat-utiles-especificos","9":"marcas-tts-es","11":"first","12":"instock","13":"product-type-simple"},"_links":{"self":[{"href":"https:\/\/dibosch.com\/es\/wp-json\/wp\/v2\/product\/12993","targetHints":{"allow":["GET"]}}],"collection":[{"href":"https:\/\/dibosch.com\/es\/wp-json\/wp\/v2\/product"}],"about":[{"href":"https:\/\/dibosch.com\/es\/wp-json\/wp\/v2\/types\/product"}],"replies":[{"embeddable":true,"href":"https:\/\/dibosch.com\/es\/wp-json\/wp\/v2\/comments?post=12993"}],"wp:featuredmedia":[{"embeddable":true,"href":"https:\/\/dibosch.com\/es\/wp-json\/wp\/v2\/media\/22885"}],"wp:attachment":[{"href":"https:\/\/dibosch.com\/es\/wp-json\/wp\/v2\/media?parent=12993"}],"wp:term":[{"taxonomy":"product_brand","embeddable":true,"href":"https:\/\/dibosch.com\/es\/wp-json\/wp\/v2\/product_brand?post=12993"},{"taxonomy":"product_cat","embeddable":true,"href":"https:\/\/dibosch.com\/es\/wp-json\/wp\/v2\/product_cat?post=12993"},{"taxonomy":"product_tag","embeddable":true,"href":"https:\/\/dibosch.com\/es\/wp-json\/wp\/v2\/product_tag?post=12993"},{"taxonomy":"marcas","embeddable":true,"href":"https:\/\/dibosch.com\/es\/wp-json\/wp\/v2\/marcas?post=12993"},{"taxonomy":"certificats","embeddable":true,"href":"https:\/\/dibosch.com\/es\/wp-json\/wp\/v2\/certificats?post=12993"},{"taxonomy":"caracteristiques","embeddable":true,"href":"https:\/\/dibosch.com\/es\/wp-json\/wp\/v2\/caracteristiques?post=12993"},{"taxonomy":"tipus-productes","embeddable":true,"href":"https:\/\/dibosch.com\/es\/wp-json\/wp\/v2\/tipus-productes?post=12993"},{"taxonomy":"zona-aplicacio","embeddable":true,"href":"https:\/\/dibosch.com\/es\/wp-json\/wp\/v2\/zona-aplicacio?post=12993"},{"taxonomy":"tipus-maquinaria","embeddable":true,"href":"https:\/\/dibosch.com\/es\/wp-json\/wp\/v2\/tipus-maquinaria?post=12993"}],"curies":[{"name":"wp","href":"https:\/\/api.w.org\/{rel}","templated":true}]}}