{"id":12995,"date":"2022-12-07T10:50:30","date_gmt":"2022-12-07T10:50:30","guid":{"rendered":"https:\/\/www.dibosch.com\/producto\/barra-standard-vileda\/"},"modified":"2024-03-26T16:08:18","modified_gmt":"2024-03-26T16:08:18","slug":"escoba-standard-villa","status":"publish","type":"product","link":"https:\/\/dibosch.com\/es\/producto\/escoba-standard-villa\/","title":{"rendered":"ESCOBA STANDARD &#8211; VILEDA"},"content":{"rendered":"<p><strong>Caracter\u00edsticas del producto:<\/strong><\/p>\n<p>Adecuados para el barrido y la recogida de residuos. Se pueden utilizar para barrer cualquier tipo de suelo.<\/p>\n<p>Para trabajos intensivos de barrido en interior o exterior, para cantidades medias de suciedad. Presenta las cerdas cerradas.<\/p>\n<p>El tama\u00f1o y la posici\u00f3n de las cerdas permiten un barrido homog\u00e9neo sin generaci\u00f3n de polvo.<\/p>\n<p>La estructura interna de las cerdas evita la acumulaci\u00f3n de suciedad y facilita la limpieza.<\/p>\n<p>Durabilidad: alta resistencia y eliminaci\u00f3n de suciedad durante toda la vida \u00fatil del producto.<\/p>\n","protected":false},"excerpt":{"rendered":"<p>Cepillo interior-exterior. Fibra puntas abiertas.<\/p>\n","protected":false},"featured_media":21909,"comment_status":"closed","ping_status":"closed","template":"","meta":[],"product_brand":[],"product_cat":[725,713,684],"product_tag":[],"marcas":[928],"certificats":[],"caracteristiques":[],"tipus-productes":[],"zona-aplicacio":[],"tipus-maquinaria":[],"class_list":{"0":"post-12995","1":"product","2":"type-product","3":"status-publish","4":"has-post-thumbnail","6":"product_cat-escobas","7":"product_cat-utensilios","8":"product_cat-utiles-de-limpieza","9":"marcas-vileda-es","11":"first","12":"instock","13":"product-type-simple"},"_links":{"self":[{"href":"https:\/\/dibosch.com\/es\/wp-json\/wp\/v2\/product\/12995","targetHints":{"allow":["GET"]}}],"collection":[{"href":"https:\/\/dibosch.com\/es\/wp-json\/wp\/v2\/product"}],"about":[{"href":"https:\/\/dibosch.com\/es\/wp-json\/wp\/v2\/types\/product"}],"replies":[{"embeddable":true,"href":"https:\/\/dibosch.com\/es\/wp-json\/wp\/v2\/comments?post=12995"}],"wp:featuredmedia":[{"embeddable":true,"href":"https:\/\/dibosch.com\/es\/wp-json\/wp\/v2\/media\/21909"}],"wp:attachment":[{"href":"https:\/\/dibosch.com\/es\/wp-json\/wp\/v2\/media?parent=12995"}],"wp:term":[{"taxonomy":"product_brand","embeddable":true,"href":"https:\/\/dibosch.com\/es\/wp-json\/wp\/v2\/product_brand?post=12995"},{"taxonomy":"product_cat","embeddable":true,"href":"https:\/\/dibosch.com\/es\/wp-json\/wp\/v2\/product_cat?post=12995"},{"taxonomy":"product_tag","embeddable":true,"href":"https:\/\/dibosch.com\/es\/wp-json\/wp\/v2\/product_tag?post=12995"},{"taxonomy":"marcas","embeddable":true,"href":"https:\/\/dibosch.com\/es\/wp-json\/wp\/v2\/marcas?post=12995"},{"taxonomy":"certificats","embeddable":true,"href":"https:\/\/dibosch.com\/es\/wp-json\/wp\/v2\/certificats?post=12995"},{"taxonomy":"caracteristiques","embeddable":true,"href":"https:\/\/dibosch.com\/es\/wp-json\/wp\/v2\/caracteristiques?post=12995"},{"taxonomy":"tipus-productes","embeddable":true,"href":"https:\/\/dibosch.com\/es\/wp-json\/wp\/v2\/tipus-productes?post=12995"},{"taxonomy":"zona-aplicacio","embeddable":true,"href":"https:\/\/dibosch.com\/es\/wp-json\/wp\/v2\/zona-aplicacio?post=12995"},{"taxonomy":"tipus-maquinaria","embeddable":true,"href":"https:\/\/dibosch.com\/es\/wp-json\/wp\/v2\/tipus-maquinaria?post=12995"}],"curies":[{"name":"wp","href":"https:\/\/api.w.org\/{rel}","templated":true}]}}