{"id":13009,"date":"2022-12-07T10:50:52","date_gmt":"2022-12-07T10:50:52","guid":{"rendered":"https:\/\/www.dibosch.com\/producto\/barra-donzilla-s-pal-azul\/"},"modified":"2024-03-26T16:08:23","modified_gmt":"2024-03-26T16:08:23","slug":"escoba-doncella-s-palazula","status":"publish","type":"product","link":"https:\/\/dibosch.com\/es\/producto\/escoba-doncella-s-palazula\/","title":{"rendered":"ESCOBA DONCELLA S\/PALO AZUL"},"content":{"rendered":"<p><strong>Caracter\u00edsticas del producto:<\/strong><\/p>\n<p>Escoba universal curva de fibra sint\u00e9tica, apropiada para el barrido de todo tipo de superficies interiores.<\/p>\n<p>Recoge la suciedad de una pasada sin levantar polvo.<\/p>\n<p>Cuenta con moldura de pl\u00e1stico que le proporciona una mayor ligereza.<\/p>\n<p>Las cerdas de limpieza est\u00e1n compuestas por fibras sint\u00e9ticas especiales, apropiadas para barrer todo tipo de superficies lisas como cemento pulido, madera, parquet o cer\u00e1mico.<\/p>\n<p><strong>NO incluye palo o mango de utilizaci\u00f3n<\/strong><\/p>\n","protected":false},"excerpt":{"rendered":"<p>Escoba azul de pl\u00e1stico sin palo.<\/p>\n","protected":false},"featured_media":21894,"comment_status":"closed","ping_status":"closed","template":"","meta":[],"product_brand":[],"product_cat":[725,713,684],"product_tag":[],"marcas":[],"certificats":[],"caracteristiques":[],"tipus-productes":[],"zona-aplicacio":[],"tipus-maquinaria":[],"class_list":{"0":"post-13009","1":"product","2":"type-product","3":"status-publish","4":"has-post-thumbnail","6":"product_cat-escobas","7":"product_cat-utensilios","8":"product_cat-utiles-de-limpieza","10":"first","11":"instock","12":"product-type-simple"},"_links":{"self":[{"href":"https:\/\/dibosch.com\/es\/wp-json\/wp\/v2\/product\/13009","targetHints":{"allow":["GET"]}}],"collection":[{"href":"https:\/\/dibosch.com\/es\/wp-json\/wp\/v2\/product"}],"about":[{"href":"https:\/\/dibosch.com\/es\/wp-json\/wp\/v2\/types\/product"}],"replies":[{"embeddable":true,"href":"https:\/\/dibosch.com\/es\/wp-json\/wp\/v2\/comments?post=13009"}],"wp:featuredmedia":[{"embeddable":true,"href":"https:\/\/dibosch.com\/es\/wp-json\/wp\/v2\/media\/21894"}],"wp:attachment":[{"href":"https:\/\/dibosch.com\/es\/wp-json\/wp\/v2\/media?parent=13009"}],"wp:term":[{"taxonomy":"product_brand","embeddable":true,"href":"https:\/\/dibosch.com\/es\/wp-json\/wp\/v2\/product_brand?post=13009"},{"taxonomy":"product_cat","embeddable":true,"href":"https:\/\/dibosch.com\/es\/wp-json\/wp\/v2\/product_cat?post=13009"},{"taxonomy":"product_tag","embeddable":true,"href":"https:\/\/dibosch.com\/es\/wp-json\/wp\/v2\/product_tag?post=13009"},{"taxonomy":"marcas","embeddable":true,"href":"https:\/\/dibosch.com\/es\/wp-json\/wp\/v2\/marcas?post=13009"},{"taxonomy":"certificats","embeddable":true,"href":"https:\/\/dibosch.com\/es\/wp-json\/wp\/v2\/certificats?post=13009"},{"taxonomy":"caracteristiques","embeddable":true,"href":"https:\/\/dibosch.com\/es\/wp-json\/wp\/v2\/caracteristiques?post=13009"},{"taxonomy":"tipus-productes","embeddable":true,"href":"https:\/\/dibosch.com\/es\/wp-json\/wp\/v2\/tipus-productes?post=13009"},{"taxonomy":"zona-aplicacio","embeddable":true,"href":"https:\/\/dibosch.com\/es\/wp-json\/wp\/v2\/zona-aplicacio?post=13009"},{"taxonomy":"tipus-maquinaria","embeddable":true,"href":"https:\/\/dibosch.com\/es\/wp-json\/wp\/v2\/tipus-maquinaria?post=13009"}],"curies":[{"name":"wp","href":"https:\/\/api.w.org\/{rel}","templated":true}]}}