{"id":13018,"date":"2022-12-07T10:51:14","date_gmt":"2022-12-07T10:51:14","guid":{"rendered":"https:\/\/www.dibosch.com\/producto\/fd-breltak-20kg\/"},"modified":"2025-09-24T07:30:20","modified_gmt":"2025-09-24T07:30:20","slug":"fd-breltak-20kg","status":"publish","type":"product","link":"https:\/\/dibosch.com\/es\/producto\/fd-breltak-20kg\/","title":{"rendered":"FD-BRELTAK (20kg) &#8211; DIVERSEY"},"content":{"rendered":"<p><strong>Caracter\u00edsticas del producto:<\/strong><\/p>\n<p>Detergente antiespumante c\u00e1ustico en polvo para aguas duras<\/p>\n<p>Detergente c\u00e1ustico en polvo y de baja espuma para suciedades dif\u00edciles, adecuado para aguas duras.<\/p>\n<p>Puede usarse en un amplio rango de aplicaciones en la Industria Alimentaria y de Bebidas.<\/p>\n<p>&nbsp;<\/p>\n<p><strong>Manual de uso:<\/strong><\/p>\n<p>Breltak es generalmente usado al 1-4% p\/p y temperatura ambiente &#8211; 80\u00b0C dependiendo del tipo de suciedad y de la dureza del agua.<\/p>\n<p>Breltak puede usarse a concentraciones m\u00e1s altas para gran variedad de aplicaciones (ej. al 10-15%, para la eliminaci\u00f3n de tartratos en la industria vin\u00edcola).<\/p>\n<p>Todos los detergentes y desinfectantes deben aclararse abundantemente tras su uso para eliminarlos de las superficies en contacto con alimentos y bebidas.<\/p>\n","protected":false},"excerpt":{"rendered":"<p>Detergente alcalino antiespumante en polvo.<\/p>\n","protected":false},"featured_media":21224,"comment_status":"closed","ping_status":"closed","template":"","meta":[],"product_brand":[],"product_cat":[773,715,689],"product_tag":[],"marcas":[],"certificats":[],"caracteristiques":[],"tipus-productes":[],"zona-aplicacio":[],"tipus-maquinaria":[],"class_list":{"0":"post-13018","1":"product","2":"type-product","3":"status-publish","4":"has-post-thumbnail","6":"product_cat-alcalinos-no-espumante-cip","7":"product_cat-especificos-para-industria-alimentaria","8":"product_cat-productos-de-limpieza","10":"first","11":"instock","12":"product-type-simple"},"_links":{"self":[{"href":"https:\/\/dibosch.com\/es\/wp-json\/wp\/v2\/product\/13018","targetHints":{"allow":["GET"]}}],"collection":[{"href":"https:\/\/dibosch.com\/es\/wp-json\/wp\/v2\/product"}],"about":[{"href":"https:\/\/dibosch.com\/es\/wp-json\/wp\/v2\/types\/product"}],"replies":[{"embeddable":true,"href":"https:\/\/dibosch.com\/es\/wp-json\/wp\/v2\/comments?post=13018"}],"wp:featuredmedia":[{"embeddable":true,"href":"https:\/\/dibosch.com\/es\/wp-json\/wp\/v2\/media\/21224"}],"wp:attachment":[{"href":"https:\/\/dibosch.com\/es\/wp-json\/wp\/v2\/media?parent=13018"}],"wp:term":[{"taxonomy":"product_brand","embeddable":true,"href":"https:\/\/dibosch.com\/es\/wp-json\/wp\/v2\/product_brand?post=13018"},{"taxonomy":"product_cat","embeddable":true,"href":"https:\/\/dibosch.com\/es\/wp-json\/wp\/v2\/product_cat?post=13018"},{"taxonomy":"product_tag","embeddable":true,"href":"https:\/\/dibosch.com\/es\/wp-json\/wp\/v2\/product_tag?post=13018"},{"taxonomy":"marcas","embeddable":true,"href":"https:\/\/dibosch.com\/es\/wp-json\/wp\/v2\/marcas?post=13018"},{"taxonomy":"certificats","embeddable":true,"href":"https:\/\/dibosch.com\/es\/wp-json\/wp\/v2\/certificats?post=13018"},{"taxonomy":"caracteristiques","embeddable":true,"href":"https:\/\/dibosch.com\/es\/wp-json\/wp\/v2\/caracteristiques?post=13018"},{"taxonomy":"tipus-productes","embeddable":true,"href":"https:\/\/dibosch.com\/es\/wp-json\/wp\/v2\/tipus-productes?post=13018"},{"taxonomy":"zona-aplicacio","embeddable":true,"href":"https:\/\/dibosch.com\/es\/wp-json\/wp\/v2\/zona-aplicacio?post=13018"},{"taxonomy":"tipus-maquinaria","embeddable":true,"href":"https:\/\/dibosch.com\/es\/wp-json\/wp\/v2\/tipus-maquinaria?post=13018"}],"curies":[{"name":"wp","href":"https:\/\/api.w.org\/{rel}","templated":true}]}}