{"id":13031,"date":"2022-12-07T10:51:06","date_gmt":"2022-12-07T10:51:06","guid":{"rendered":"https:\/\/www.dibosch.com\/producto\/m-barra-cs-700-b\/"},"modified":"2025-02-04T15:53:40","modified_gmt":"2025-02-04T15:53:40","slug":"m-barredora-cs-700-b","status":"publish","type":"product","link":"https:\/\/dibosch.com\/es\/producto\/m-barredora-cs-700-b\/","title":{"rendered":"BARREDORA HOMBRE A BORDO CS 700 B &#8211; COMAC"},"content":{"rendered":"<p>La CS700 y CS800 de <a href=\"https:\/\/dibosch.com\/es\/marcas\/comac-es\/\">Comac<\/a> forman parte de una gama de <a href=\"https:\/\/dibosch.com\/es\/maquinas\/barredora\/barredoras-a-bordo\/\">barredoras hombre a bordo industriales<\/a> creada para ofrecer la mayor sencillez de uso y un gran confort para el operador. Extremadamente robustas y fiables, las barredoras de pavimentos CS700 y CS800 han sido dise\u00f1adas para ofrecer una gran productividad y una limpieza eficaz y econ\u00f3mica.<\/p>\n<p>Las <a href=\"https:\/\/dibosch.com\/es\/maquinas\/barredora\/\">barredoras industriales<\/a> de pavimentos CS700 y CS800 est\u00e1n disponibles con alimentaci\u00f3n con bater\u00edas o con motor de gasolina, y con dos pistas de trabajo diferentes para satisfacer cualquier necesidad de limpieza.<\/p>\n<p>Extremadamente eficaces incluso en presencia de suciedad gruesa, estas barredoras son ideales para la limpieza de superficies y pavimentos de interior o exterior de ambientes industriales, almacenes, zonas comerciales, aparcamientos y en el sector entes p\u00fablicos, de la automoci\u00f3n, del transporte y para entornos de hasta 15.000 m2.<\/p>\n<p>&nbsp;<\/p>\n<div data-olk-copy-source=\"MailCompose\">PRECIO CS700 B<\/div>\n<div>Consultar accesorios incluidos en el precio.<\/div>\n","protected":false},"excerpt":{"rendered":"<p>Ancho barrido 87,5 cm | Dep\u00f3sito recuperaci\u00f3n 60 l | autonom\u00eda 210 minutos | Bater\u00edas<\/p>\n","protected":false},"featured_media":31375,"comment_status":"closed","ping_status":"closed","template":"","meta":[],"product_brand":[],"product_cat":[747,731,577],"product_tag":[],"marcas":[916],"certificats":[],"caracteristiques":[],"tipus-productes":[],"zona-aplicacio":[951,949],"tipus-maquinaria":[],"class_list":{"0":"post-13031","1":"product","2":"type-product","3":"status-publish","4":"has-post-thumbnail","6":"product_cat-barredoras-a-bordo","7":"product_cat-baterias","8":"product_cat-maquinas","9":"marcas-comac-es","10":"zona-aplicacio-exteriores-y-fachadas","11":"zona-aplicacio-zona-produccion-y-talleres","13":"first","14":"instock","15":"purchasable","16":"product-type-simple"},"_links":{"self":[{"href":"https:\/\/dibosch.com\/es\/wp-json\/wp\/v2\/product\/13031","targetHints":{"allow":["GET"]}}],"collection":[{"href":"https:\/\/dibosch.com\/es\/wp-json\/wp\/v2\/product"}],"about":[{"href":"https:\/\/dibosch.com\/es\/wp-json\/wp\/v2\/types\/product"}],"replies":[{"embeddable":true,"href":"https:\/\/dibosch.com\/es\/wp-json\/wp\/v2\/comments?post=13031"}],"wp:featuredmedia":[{"embeddable":true,"href":"https:\/\/dibosch.com\/es\/wp-json\/wp\/v2\/media\/31375"}],"wp:attachment":[{"href":"https:\/\/dibosch.com\/es\/wp-json\/wp\/v2\/media?parent=13031"}],"wp:term":[{"taxonomy":"product_brand","embeddable":true,"href":"https:\/\/dibosch.com\/es\/wp-json\/wp\/v2\/product_brand?post=13031"},{"taxonomy":"product_cat","embeddable":true,"href":"https:\/\/dibosch.com\/es\/wp-json\/wp\/v2\/product_cat?post=13031"},{"taxonomy":"product_tag","embeddable":true,"href":"https:\/\/dibosch.com\/es\/wp-json\/wp\/v2\/product_tag?post=13031"},{"taxonomy":"marcas","embeddable":true,"href":"https:\/\/dibosch.com\/es\/wp-json\/wp\/v2\/marcas?post=13031"},{"taxonomy":"certificats","embeddable":true,"href":"https:\/\/dibosch.com\/es\/wp-json\/wp\/v2\/certificats?post=13031"},{"taxonomy":"caracteristiques","embeddable":true,"href":"https:\/\/dibosch.com\/es\/wp-json\/wp\/v2\/caracteristiques?post=13031"},{"taxonomy":"tipus-productes","embeddable":true,"href":"https:\/\/dibosch.com\/es\/wp-json\/wp\/v2\/tipus-productes?post=13031"},{"taxonomy":"zona-aplicacio","embeddable":true,"href":"https:\/\/dibosch.com\/es\/wp-json\/wp\/v2\/zona-aplicacio?post=13031"},{"taxonomy":"tipus-maquinaria","embeddable":true,"href":"https:\/\/dibosch.com\/es\/wp-json\/wp\/v2\/tipus-maquinaria?post=13031"}],"curies":[{"name":"wp","href":"https:\/\/api.w.org\/{rel}","templated":true}]}}