{"id":13061,"date":"2022-12-07T10:52:14","date_gmt":"2022-12-07T10:52:14","guid":{"rendered":"https:\/\/www.dibosch.com\/producto\/emulgen-bioplus-20-kg\/"},"modified":"2024-03-26T16:08:35","modified_gmt":"2024-03-26T16:08:35","slug":"emulgen-bioplus-20-kg","status":"publish","type":"product","link":"https:\/\/dibosch.com\/es\/producto\/emulgen-bioplus-20-kg\/","title":{"rendered":"EMULGEN BIOPLUS (20 kg) &#8211; SUCITESA"},"content":{"rendered":"<p><strong>Caracter\u00edsticas del producto:<\/strong><\/p>\n<p>Detergente atomizado de gran solubilidad para pre-lavado y lavado de ropa. Indicado para todo tipo de suciedad y ropa. Indicado para cualquier temperatura. Contiene enzimas que mejoran la eliminaci\u00f3n de manchas. Contiene blanqueantes \u00f3pticos. \u00d3ptimos resultados sin da\u00f1ar las piezas.<\/p>\n<p>&nbsp;<\/p>\n<p><strong>Manual de uso:<\/strong><\/p>\n<p>Dosificar manualmente en las fases de pre-lavado y lavado en funci\u00f3n del nivel de suciedad.<\/p>\n<ul>\n<li>Suciedad ligera (g\/Kg roba): 3-5 (pre-lavado) \/ 10-15 (lavado).<\/li>\n<li>Suciedad normal (g\/Kg roba): 5-7 (pre-lavado) \/ 15-20 (lavado).<\/li>\n<li>Suciedad alta (g\/ Kg roba): 7-10 (pre-lavado) \/20-25 (lavado).<\/li>\n<\/ul>\n<p>&nbsp;<\/p>\n<p><strong>Indicado para:<\/strong><\/p>\n<p>Indicado para el lavado a cualquier temperatura de ropa blanca y color en lava centr\u00edfugas.<\/p>\n","protected":false},"excerpt":{"rendered":"<p>Detergente para la ropa, cumplido. Alto rendimiento.<\/p>\n","protected":false},"featured_media":10764,"comment_status":"closed","ping_status":"closed","template":"","meta":[],"product_brand":[],"product_cat":[691,690,689],"product_tag":[],"marcas":[922],"certificats":[],"caracteristiques":[],"tipus-productes":[],"zona-aplicacio":[],"tipus-maquinaria":[],"class_list":{"0":"post-13061","1":"product","2":"type-product","3":"status-publish","4":"has-post-thumbnail","6":"product_cat-detergentes","7":"product_cat-especificos-para-lavanderia","8":"product_cat-productos-de-limpieza","9":"marcas-sucitesa-es","11":"first","12":"instock","13":"product-type-simple"},"_links":{"self":[{"href":"https:\/\/dibosch.com\/es\/wp-json\/wp\/v2\/product\/13061","targetHints":{"allow":["GET"]}}],"collection":[{"href":"https:\/\/dibosch.com\/es\/wp-json\/wp\/v2\/product"}],"about":[{"href":"https:\/\/dibosch.com\/es\/wp-json\/wp\/v2\/types\/product"}],"replies":[{"embeddable":true,"href":"https:\/\/dibosch.com\/es\/wp-json\/wp\/v2\/comments?post=13061"}],"wp:featuredmedia":[{"embeddable":true,"href":"https:\/\/dibosch.com\/es\/wp-json\/wp\/v2\/media\/10764"}],"wp:attachment":[{"href":"https:\/\/dibosch.com\/es\/wp-json\/wp\/v2\/media?parent=13061"}],"wp:term":[{"taxonomy":"product_brand","embeddable":true,"href":"https:\/\/dibosch.com\/es\/wp-json\/wp\/v2\/product_brand?post=13061"},{"taxonomy":"product_cat","embeddable":true,"href":"https:\/\/dibosch.com\/es\/wp-json\/wp\/v2\/product_cat?post=13061"},{"taxonomy":"product_tag","embeddable":true,"href":"https:\/\/dibosch.com\/es\/wp-json\/wp\/v2\/product_tag?post=13061"},{"taxonomy":"marcas","embeddable":true,"href":"https:\/\/dibosch.com\/es\/wp-json\/wp\/v2\/marcas?post=13061"},{"taxonomy":"certificats","embeddable":true,"href":"https:\/\/dibosch.com\/es\/wp-json\/wp\/v2\/certificats?post=13061"},{"taxonomy":"caracteristiques","embeddable":true,"href":"https:\/\/dibosch.com\/es\/wp-json\/wp\/v2\/caracteristiques?post=13061"},{"taxonomy":"tipus-productes","embeddable":true,"href":"https:\/\/dibosch.com\/es\/wp-json\/wp\/v2\/tipus-productes?post=13061"},{"taxonomy":"zona-aplicacio","embeddable":true,"href":"https:\/\/dibosch.com\/es\/wp-json\/wp\/v2\/zona-aplicacio?post=13061"},{"taxonomy":"tipus-maquinaria","embeddable":true,"href":"https:\/\/dibosch.com\/es\/wp-json\/wp\/v2\/tipus-maquinaria?post=13061"}],"curies":[{"name":"wp","href":"https:\/\/api.w.org\/{rel}","templated":true}]}}