{"id":13081,"date":"2022-12-07T10:52:37","date_gmt":"2022-12-07T10:52:37","guid":{"rendered":"https:\/\/www.dibosch.com\/producto\/ecomix-pure-multiclean-monodosis\/"},"modified":"2025-10-28T11:19:37","modified_gmt":"2025-10-28T11:19:37","slug":"ecomix-pure-multiclean-monodosis","status":"publish","type":"product","link":"https:\/\/dibosch.com\/es\/producto\/ecomix-pure-multiclean-monodosis\/","title":{"rendered":"ECOMIX PURE MULTICLEAN MONODOSIS &#8211; SUCITESA"},"content":{"rendered":"<p data-start=\"1059\" data-end=\"1465\"><strong data-start=\"1059\" data-end=\"1106\">Limpiador multiuso concentrado en monodosis<\/strong><\/p>\n<p data-start=\"1059\" data-end=\"1465\"><br data-start=\"1106\" data-end=\"1109\" \/>Nuestro limpiador multiuso concentrado es ideal para todo tipo de superficies profesionales. Cada monodosis contiene el producto qu\u00edmico puro, que debe diluirse con agua antes de su uso, garantizando una dosificaci\u00f3n precisa y un rendimiento \u00f3ptimo. Su f\u00f3rmula elimina grasas, suciedad y manchas sin dejar residuos, dejando un acabado limpio y brillante.<\/p>\n<p data-start=\"1467\" data-end=\"1667\">El formato monodosis es compacto y portable, lo que facilita el transporte, el almacenamiento y el uso en entornos profesionales, optimizando el espacio y simplificando la manipulaci\u00f3n del producto.<\/p>\n<p data-start=\"1467\" data-end=\"1667\">\n<p data-start=\"1669\" data-end=\"1698\"><strong data-start=\"1669\" data-end=\"1696\">Beneficios principales:<\/strong><\/p>\n<ul data-start=\"1699\" data-end=\"1938\">\n<li data-start=\"1699\" data-end=\"1762\">\n<p data-start=\"1701\" data-end=\"1762\">Dosificaci\u00f3n precisa y segura gracias al formato monodosis.<\/p>\n<\/li>\n<li data-start=\"1763\" data-end=\"1831\">\n<p data-start=\"1765\" data-end=\"1831\">Compacto y portable, optimiza el almacenamiento y el transporte.<\/p>\n<\/li>\n<li data-start=\"1832\" data-end=\"1877\">\n<p data-start=\"1834\" data-end=\"1877\">Eficaz contra grasas, suciedad y manchas.<\/p>\n<\/li>\n<li data-start=\"1878\" data-end=\"1938\">\n<p data-start=\"1880\" data-end=\"1938\">Deja las superficies limpias, brillantes e higienizadas.<\/p>\n<\/li>\n<\/ul>\n<p>&nbsp;<\/p>\n<p><strong>Indicado para:<\/strong><\/p>\n<p>Superficies lavables. Pl\u00e1stico. Cristal. F\u00f3rmica.<\/p>\n","protected":false},"excerpt":{"rendered":"<p>Limpiador multiuso. Producto puro en Monodosis.<\/p>\n","protected":false},"featured_media":35087,"comment_status":"closed","ping_status":"closed","template":"","meta":[],"product_brand":[],"product_cat":[689,694,740],"product_tag":[],"marcas":[922],"certificats":[],"caracteristiques":[939],"tipus-productes":[943],"zona-aplicacio":[948,946],"tipus-maquinaria":[],"class_list":{"0":"post-13081","1":"product","2":"type-product","3":"status-publish","4":"has-post-thumbnail","6":"product_cat-productos-de-limpieza","7":"product_cat-quimicos","8":"product_cat-superficies-es","9":"marcas-sucitesa-es","10":"caracteristiques-concentrados-es","11":"tipus-productes-sistema-de-ahorro-es","12":"zona-aplicacio-zona-habitaciones","13":"zona-aplicacio-zonas-comunes","15":"first","16":"instock","17":"product-type-simple"},"_links":{"self":[{"href":"https:\/\/dibosch.com\/es\/wp-json\/wp\/v2\/product\/13081","targetHints":{"allow":["GET"]}}],"collection":[{"href":"https:\/\/dibosch.com\/es\/wp-json\/wp\/v2\/product"}],"about":[{"href":"https:\/\/dibosch.com\/es\/wp-json\/wp\/v2\/types\/product"}],"replies":[{"embeddable":true,"href":"https:\/\/dibosch.com\/es\/wp-json\/wp\/v2\/comments?post=13081"}],"wp:featuredmedia":[{"embeddable":true,"href":"https:\/\/dibosch.com\/es\/wp-json\/wp\/v2\/media\/35087"}],"wp:attachment":[{"href":"https:\/\/dibosch.com\/es\/wp-json\/wp\/v2\/media?parent=13081"}],"wp:term":[{"taxonomy":"product_brand","embeddable":true,"href":"https:\/\/dibosch.com\/es\/wp-json\/wp\/v2\/product_brand?post=13081"},{"taxonomy":"product_cat","embeddable":true,"href":"https:\/\/dibosch.com\/es\/wp-json\/wp\/v2\/product_cat?post=13081"},{"taxonomy":"product_tag","embeddable":true,"href":"https:\/\/dibosch.com\/es\/wp-json\/wp\/v2\/product_tag?post=13081"},{"taxonomy":"marcas","embeddable":true,"href":"https:\/\/dibosch.com\/es\/wp-json\/wp\/v2\/marcas?post=13081"},{"taxonomy":"certificats","embeddable":true,"href":"https:\/\/dibosch.com\/es\/wp-json\/wp\/v2\/certificats?post=13081"},{"taxonomy":"caracteristiques","embeddable":true,"href":"https:\/\/dibosch.com\/es\/wp-json\/wp\/v2\/caracteristiques?post=13081"},{"taxonomy":"tipus-productes","embeddable":true,"href":"https:\/\/dibosch.com\/es\/wp-json\/wp\/v2\/tipus-productes?post=13081"},{"taxonomy":"zona-aplicacio","embeddable":true,"href":"https:\/\/dibosch.com\/es\/wp-json\/wp\/v2\/zona-aplicacio?post=13081"},{"taxonomy":"tipus-maquinaria","embeddable":true,"href":"https:\/\/dibosch.com\/es\/wp-json\/wp\/v2\/tipus-maquinaria?post=13081"}],"curies":[{"name":"wp","href":"https:\/\/api.w.org\/{rel}","templated":true}]}}